{"id":11157,"date":"2024-09-30T08:25:29","date_gmt":"2024-09-30T11:25:29","guid":{"rendered":"https:\/\/onmedica.com.br\/te\/?page_id=11157"},"modified":"2024-10-22T14:51:50","modified_gmt":"2024-10-22T17:51:50","slug":"sobre","status":"publish","type":"page","link":"https:\/\/onmedica.com.br\/te\/sobre\/","title":{"rendered":"Sobre"},"content":{"rendered":"\t\t<div data-elementor-type=\"wp-page\" data-elementor-id=\"11157\" class=\"elementor elementor-11157\" data-elementor-post-type=\"page\">\n\t\t\t\t<div class=\"elementor-element elementor-element-41d2d57 e-con-full e-flex e-con e-parent\" data-id=\"41d2d57\" data-element_type=\"container\">\n\t\t\t\t<div class=\"elementor-element elementor-element-79daa84 elementor-widget elementor-widget-slider_revolution\" data-id=\"79daa84\" data-element_type=\"widget\" data-widget_type=\"slider_revolution.default\">\n\t\t\t\t<div class=\"elementor-widget-container\">\n\t\t\t\t\t\n\t\t<div class=\"wp-block-themepunch-revslider\">\n\t\t\t\t<p class=\"rs-p-wp-fix\"><\/p>\n\t\t\t\t<sr7-module data-alias=\"slide-pagina-sobre\" data-id=\"16\" id=\"SR7_16_1\" class=\"rs-ov-hidden\" data-version=\"6.7.18\">\n\t\t\t\t\t<sr7-adjuster><\/sr7-adjuster>\n\t\t\t\t\t<sr7-content>\n\t\t\t\t\t\t<sr7-slide id=\"SR7_16_1-63\" data-key=\"63\">\n\t\t\t\t\t\t\t<sr7-bg id=\"SR7_16_1-63-106\" class=\"sr7-layer\"><noscript><img decoding=\"async\" src=\"https:\/\/onmedica.com.br\/te\/wp-content\/uploads\/2024\/09\/fundo-slide1-sobre2.webp\" alt=\"\" title=\"fundo-slide1-sobre2\"><\/noscript><\/sr7-bg>\n\t\t\t\t\t\t\t<sr7-txt id=\"SR7_16_1-63-8\" class=\"sr7-layer\">Sobre a<\/sr7-txt>\n\t\t\t\t\t\t\t<sr7-txt id=\"SR7_16_1-63-9\" class=\"sr7-layer\">Onm\u00e9dica<\/sr7-txt>\n\t\t\t\t\t\t\t<sr7-txt id=\"SR7_16_1-63-12\" class=\"sr7-layer\">Excel\u00eancia e Qualidade<\/sr7-txt>\n\t\t\t\t\t\t\t<sr7-txt id=\"SR7_16_1-63-17\" class=\"sr7-layer\">Com mais de 1000 clientes e presente em mais de 400 cidades nosso prop\u00f3sito \u00e9 levar qualidade, confian\u00e7a e suporte na \u00e1rea de produtos e servi\u00e7os.<\/sr7-txt>\n\t\t\t\t\t\t<\/sr7-slide>\n\t\t\t\t\t\t<sr7-slide id=\"SR7_16_1-64\" data-key=\"64\">\n\t\t\t\t\t\t\t<sr7-txt id=\"SR7_16_1-64-10\" class=\"sr7-layer\">Fundada em 2013 a Onm\u00e9dica Produtos Hospitalares se destaca como uma refer\u00eancia no segmento m\u00e9dico-hospitalar em Minas Gerais. Com sede em Patos de Minas, a empresa se dedica \u00e0 distribui\u00e7\u00e3o, representa\u00e7\u00e3o comercial e assist\u00eancia t\u00e9cnica especializada, sempre priorizando a excel\u00eancia e a satisfa\u00e7\u00e3o de seus clientes..<\/sr7-txt>\n\t\t\t\t\t\t<\/sr7-slide>\n\t\t\t\t\t\t<sr7-slide id=\"SR7_16_1-65\" data-key=\"65\">\n\t\t\t\t\t\t\t<sr7-txt id=\"SR7_16_1-65-10\" class=\"sr7-layer\">Produtos<\/sr7-txt>\n\t\t\t\t\t\t\t<sr7-txt id=\"SR7_16_1-65-83\" class=\"sr7-layer\">Servi\u00e7os<\/sr7-txt>\n\t\t\t\t\t\t\t<sr7-txt id=\"SR7_16_1-65-84\" class=\"sr7-layer\">Treinamento<\/sr7-txt>\n\t\t\t\t\t\t<\/sr7-slide>\n\t\t\t\t\t\t<sr7-slide id=\"SR7_16_1-66\" data-key=\"66\">\n\t\t\t\t\t\t\t<sr7-txt id=\"SR7_16_1-66-19\" class=\"sr7-layer\">Prover solu\u00e7\u00f5es inovadoras e de alta qualidade no segmento m\u00e9dico-hospitalar, garantindo excel\u00eancia no atendimento e contribuindo para a melhoria cont\u00ednua da sa\u00fade e do bem estar da sociedade, atrav\u00e9s de parcerias s\u00f3lidas e de confian\u00e7a.<\/sr7-txt>\n\t\t\t\t\t\t\t<sr7-txt id=\"SR7_16_1-66-21\" class=\"sr7-layer\">Ser reconhecida como a principal refer\u00eancia em distribui\u00e7\u00e3o, representa\u00e7\u00e3o comercial e assist\u00eancia t\u00e9cnica no setor m\u00e9dico-hospitalar em Minas Gerais, ampliando nossa atua\u00e7\u00e3o com solu\u00e7\u00f5es que superem as expectativas dos clientes e promovam avan\u00e7os significativos na \u00e1rea da sa\u00fade.<\/sr7-txt>\n\t\t\t\t\t\t\t<sr7-txt id=\"SR7_16_1-66-25\" class=\"sr7-layer\">VIS\u00c3O<\/sr7-txt>\n\t\t\t\t\t\t\t<sr7-txt id=\"SR7_16_1-66-56\" class=\"sr7-layer\">MISS\u00c3O<\/sr7-txt>\n\t\t\t\t\t\t<\/sr7-slide>\n\t\t\t\t\t\t<sr7-slide id=\"SR7_16_1-67\" data-key=\"67\">\n\t\t\t\t\t\t\t<sr7-txt id=\"SR7_16_1-67-19\" class=\"sr7-layer\">Compromisso com a qualidade e a melhoria cont\u00ednua em todos os aspectos do nosso neg\u00f3cio.<\/sr7-txt>\n\t\t\t\t\t\t\t<sr7-txt id=\"SR7_16_1-67-21\" class=\"sr7-layer\">Atuar com transpar\u00eancia, honestidade e respeito em todas as nossas rela\u00e7\u00f5es.<\/sr7-txt>\n\t\t\t\t\t\t\t<sr7-txt id=\"SR7_16_1-67-25\" class=\"sr7-layer\">\u00c9TICA E INTEGRIDADE<\/sr7-txt>\n\t\t\t\t\t\t\t<sr7-txt id=\"SR7_16_1-67-56\" class=\"sr7-layer\">EXCEL\u00caNCIA<\/sr7-txt>\n\t\t\t\t\t\t\t<sr7-txt id=\"SR7_16_1-67-106\" class=\"sr7-layer\">Busca constante por solu\u00e7\u00f5es inovadoras que agreguem valor aos nossos clientes e ao mercado de sa\u00fade.<br \/>\n\u00a0<\/sr7-txt>\n\t\t\t\t\t\t\t<sr7-txt id=\"SR7_16_1-67-108\" class=\"sr7-layer\">INOVA\u00c7\u00c3O<\/sr7-txt>\n\t\t\t\t\t\t<\/sr7-slide>\n\t\t\t\t\t\t<sr7-slide id=\"SR7_16_1-112\" data-key=\"112\">\n\t\t\t\t\t\t\t<sr7-txt id=\"SR7_16_1-112-71\" class=\"sr7-layer\">Contribuir para o bem-estar da sociedade, promovendo pr\u00e1ticas sustent\u00e1veis e o desenvolvimento comunit\u00e1rio.<br \/>\n <\/sr7-txt>\n\t\t\t\t\t\t\t<sr7-txt id=\"SR7_16_1-112-115\" class=\"sr7-layer\">RESPONSABILIDADE<br \/>\nSOCIAL<\/sr7-txt>\n\t\t\t\t\t\t\t<sr7-txt id=\"SR7_16_1-112-122\" class=\"sr7-layer\">Dedica\u00e7\u00e3o em atender \u00e0s necessidades dos nossos clientes, oferecendo solu\u00e7\u00f5es personalizadas e eficazes. <\/sr7-txt>\n\t\t\t\t\t\t\t<sr7-txt id=\"SR7_16_1-112-124\" class=\"sr7-layer\">COMPROMETIMENTO<\/sr7-txt>\n\t\t\t\t\t\t<\/sr7-slide>\n\t\t\t\t\t\t<sr7-slide id=\"SR7_16_1-114\" data-key=\"114\">\n\t\t\t\t\t\t\t<sr7-txt id=\"SR7_16_1-114-71\" class=\"sr7-layer\">Investir no aperfei\u00e7oamento e bem-estar dos nossos colaboradores, reconhecendo a import\u00e2ncia de cada um para o sucesso da empresa.<br \/>\n\u00a0<\/sr7-txt>\n\t\t\t\t\t\t\t<sr7-txt id=\"SR7_16_1-114-115\" class=\"sr7-layer\">DESENVOLVIMENTO <br \/>\nHUMANO<\/sr7-txt>\n\t\t\t\t\t\t\t<sr7-txt id=\"SR7_16_1-114-122\" class=\"sr7-layer\">Valorizar e fortalecer as rela\u00e7\u00f5es com nossos parceiros, construindo v\u00ednculos de confian\u00e7a e coopera\u00e7\u00e3o m\u00fatua.<\/sr7-txt>\n\t\t\t\t\t\t\t<sr7-txt id=\"SR7_16_1-114-124\" class=\"sr7-layer\">PARCERIAS<\/sr7-txt>\n\t\t\t\t\t\t<\/sr7-slide>\n\t\t\t\t\t\t<sr7-slide id=\"SR7_16_1-110\" data-key=\"110\">\n\t\t\t\t\t\t\t<sr7-txt id=\"SR7_16_1-110-35\" class=\"sr7-layer\">Por meio de solu\u00e7\u00f5es inovadoras e parcerias consistentes, transformaremos a sua vis\u00e3o em realidade.<\/sr7-txt>\n\t\t\t\t\t\t\t<a id=\"SR7_16_1-110-37\" class=\"sr7-layer\" href=\"https:\/\/onmedica.com.br\/te\/contato\/\" target=\"_blank\" rel=\"noopener\">Contato<\/a>\n\t\t\t\t\t\t\t<a id=\"SR7_16_1-110-38\" class=\"sr7-layer\" href=\"https:\/\/facebook.com\/onmedicaltda\" target=\"_blank\" rel=\"noopener\"><i class=\"fa-facebook-official\"><\/i><\/a>\n\t\t\t\t\t\t\t<a id=\"SR7_16_1-110-39\" class=\"sr7-layer\" href=\"https:\/\/instagram.com\/onmedicaprodutoshospitalares\" target=\"_blank\" rel=\"noopener\"><i class=\"fa-instagram\"><\/i><\/a>\n\t\t\t\t\t\t\t<a id=\"SR7_16_1-110-40\" class=\"sr7-layer\" href=\"https:\/\/www.linkedin.com\/company\/onmedicaltda\/\" target=\"_blank\" rel=\"noopener\"><i class=\"fa-linkedin-square\"><\/i><\/a>\n\t\t\t\t\t\t\t<sr7-txt id=\"SR7_16_1-110-48\" class=\"sr7-layer\">Vamos criar uma parceria eficiente e duradoura juntos!<\/sr7-txt>\n\t\t\t\t\t\t<\/sr7-slide>\n\t\t\t\t\t\t<sr7-slide id=\"SR7_16_1-71\" data-key=\"71\">\n\t\t\t\t\t\t\t<sr7-txt id=\"SR7_16_1-71-22\" class=\"sr7-layer\">ROLE A P\u00c1GINA \u200e\u200e \u200e\u200e \u200e\u200e \u200e\u200e \u200e \u200e \u200e \u200e \u200e \u200e \u200e \u200e \u200e \u200e \u200e\u200e \u200e \u200e \u200e \u200e \u200e \u200e \u200e <\/sr7-txt>\n\t\t\t\t\t\t\t<a id=\"SR7_16_1-71-31\" class=\"sr7-layer\" href=\"http:\/\/onmedica.com.br\/te\" target=\"_self\">\u200e\u200e\u200e\u200e<\/a>\n\t\t\t\t\t\t\t<a id=\"SR7_16_1-71-134\" class=\"sr7-layer\" href=\"https:\/\/onmedica.com.br\/te\/\" target=\"_self\">In\u00edcio<\/a>\n\t\t\t\t\t\t\t<a id=\"SR7_16_1-71-135\" class=\"sr7-layer\" href=\"https:\/\/onmedica.com.br\/te\/produtos\/\" target=\"_self\">Produtos<\/a>\n\t\t\t\t\t\t\t<a id=\"SR7_16_1-71-136\" class=\"sr7-layer\" href=\"https:\/\/onmedica.com.br\/te\/assistencia-tecnica\/\" target=\"_self\">Assist\u00eancia T\u00e9cnica<\/a>\n\t\t\t\t\t\t\t<a id=\"SR7_16_1-71-137\" class=\"sr7-layer\" href=\"https:\/\/onmedica.com.br\/te\/contato\/\" target=\"_self\">Contato<\/a>\n\t\t\t\t\t\t<\/sr7-slide>\n\t\t\t\t\t<\/sr7-content>\n\t\t\t\t\t<image_lists style=\"display:none\">\n\t\t\t\t\t\t<img data-src=\"\/\/onmedica.com.br\/te\/wp-content\/uploads\/2024\/09\/imagem-sobre-1-copiar.webp\" data-libid=\"11156\" data-lib=\"medialibrary\" title=\"imagem-sobre (1) copiar\" width=\"0\" height=\"0\" data-dbsrc=\"Ly9vbm1lZGljYS5jb20uYnIvdGUvd3AtY29udGVudC91cGxvYWRzLzIwMjQvMDkvaW1hZ2VtLXNvYnJlLTEtY29waWFyLndlYnA=\"\/>\n\t\t\t\t\t\t<img data-src=\"\/\/onmedica.com.br\/te\/wp-content\/uploads\/2024\/09\/imagem-pagina-sobre-sombra1.png\" data-libid=\"10984\" data-lib=\"medialibrary\" title=\"imagem-pagina-sobre-sombra1\" width=\"0\" height=\"0\" data-dbsrc=\"Ly9vbm1lZGljYS5jb20uYnIvdGUvd3AtY29udGVudC91cGxvYWRzLzIwMjQvMDkvaW1hZ2VtLXBhZ2luYS1zb2JyZS1zb21icmExLnBuZw==\"\/>\n\t\t\t\t\t\t<img data-src=\"\/\/onmedica.com.br\/te\/wp-content\/uploads\/2024\/09\/fundo-slide1-sobre2.webp\" data-libid=\"11059\" data-lib=\"medialibrary\" title=\"fundo-slide1-sobre2\" width=\"0\" height=\"0\" data-dbsrc=\"Ly9vbm1lZGljYS5jb20uYnIvdGUvd3AtY29udGVudC91cGxvYWRzLzIwMjQvMDkvZnVuZG8tc2xpZGUxLXNvYnJlMi53ZWJw\"\/>\n\t\t\t\t\t\t<img loading=\"lazy\" data-src=\"\/\/onmedica.com.br\/te\/wp-content\/uploads\/2024\/09\/treinamento1.webp\" data-libid=\"11167\" title=\"treinamento1\" width=\"0\" height=\"0\" data-dbsrc=\"Ly9vbm1lZGljYS5jb20uYnIvdGUvd3AtY29udGVudC91cGxvYWRzLzIwMjQvMDkvdHJlaW5hbWVudG8xLndlYnA=\"\/>\n\t\t\t\t\t\t<img loading=\"lazy\" data-src=\"\/\/onmedica.com.br\/te\/wp-content\/uploads\/2024\/09\/equipamento1.webp\" data-libid=\"11166\" title=\"equipamento1\" width=\"0\" height=\"0\" data-dbsrc=\"Ly9vbm1lZGljYS5jb20uYnIvdGUvd3AtY29udGVudC91cGxvYWRzLzIwMjQvMDkvZXF1aXBhbWVudG8xLndlYnA=\"\/>\n\t\t\t\t\t\t<img loading=\"lazy\" data-src=\"\/\/onmedica.com.br\/te\/wp-content\/uploads\/2024\/09\/equipe-onmedica.webp\" data-libid=\"11165\" title=\"equipe-onm\u00e9dica\" width=\"0\" height=\"0\" data-dbsrc=\"Ly9vbm1lZGljYS5jb20uYnIvdGUvd3AtY29udGVudC91cGxvYWRzLzIwMjQvMDkvZXF1aXBlLW9ubWVkaWNhLndlYnA=\"\/>\n\t\t\t\t\t\t<img loading=\"lazy\" data-src=\"\/\/onmedica.com.br\/te\/wp-content\/uploads\/2024\/09\/imagem4-sobre-1.webp\" data-libid=\"11168\" title=\"imagem4-sobre (1)\" width=\"0\" height=\"0\" data-dbsrc=\"Ly9vbm1lZGljYS5jb20uYnIvdGUvd3AtY29udGVudC91cGxvYWRzLzIwMjQvMDkvaW1hZ2VtNC1zb2JyZS0xLndlYnA=\"\/>\n\t\t\t\t\t\t<img loading=\"lazy\" data-src=\"\/\/onmedica.com.br\/te\/wp-content\/uploads\/revslider\/objects\/Surfer-in-wave-50.jpg\" width=\"0\" height=\"0\" data-dbsrc=\"Ly9vbm1lZGljYS5jb20uYnIvdGUvd3AtY29udGVudC91cGxvYWRzL3JldnNsaWRlci9vYmplY3RzL1N1cmZlci1pbi13YXZlLTUwLmpwZw==\"\/>\n\t\t\t\t\t\t<img loading=\"lazy\" data-src=\"\/\/onmedica.com.br\/te\/wp-content\/uploads\/2024\/09\/video-produtos_1.mp4\" width=\"0\" height=\"0\" data-dbsrc=\"Ly9vbm1lZGljYS5jb20uYnIvdGUvd3AtY29udGVudC91cGxvYWRzLzIwMjQvMDkvdmlkZW8tcHJvZHV0b3NfMS5tcDQ=\"\/>\n\t\t\t\t\t\t<img loading=\"lazy\" data-src=\"\/\/onmedica.com.br\/te\/wp-content\/uploads\/revslider\/objects\/Brown-cliff-50.jpg\" width=\"0\" height=\"0\" data-dbsrc=\"Ly9vbm1lZGljYS5jb20uYnIvdGUvd3AtY29udGVudC91cGxvYWRzL3JldnNsaWRlci9vYmplY3RzL0Jyb3duLWNsaWZmLTUwLmpwZw==\"\/>\n\t\t\t\t\t\t<img loading=\"lazy\" data-src=\"\/\/onmedica.com.br\/te\/wp-content\/uploads\/2024\/09\/video-manutencao.mp4\" width=\"0\" height=\"0\" data-dbsrc=\"Ly9vbm1lZGljYS5jb20uYnIvdGUvd3AtY29udGVudC91cGxvYWRzLzIwMjQvMDkvdmlkZW8tbWFudXRlbmNhby5tcDQ=\"\/>\n\t\t\t\t\t\t<img loading=\"lazy\" data-src=\"\/\/onmedica.com.br\/te\/wp-content\/uploads\/revslider\/objects\/Boat-on-body-of-water-50.jpg\" width=\"0\" height=\"0\" data-dbsrc=\"Ly9vbm1lZGljYS5jb20uYnIvdGUvd3AtY29udGVudC91cGxvYWRzL3JldnNsaWRlci9vYmplY3RzL0JvYXQtb24tYm9keS1vZi13YXRlci01MC5qcGc=\"\/>\n\t\t\t\t\t\t<img loading=\"lazy\" data-src=\"\/\/onmedica.com.br\/te\/wp-content\/uploads\/2024\/09\/video-treinamento.mp4\" width=\"0\" height=\"0\" data-dbsrc=\"Ly9vbm1lZGljYS5jb20uYnIvdGUvd3AtY29udGVudC91cGxvYWRzLzIwMjQvMDkvdmlkZW8tdHJlaW5hbWVudG8ubXA0\"\/>\n\t\t\t\t\t\t<img loading=\"lazy\" data-src=\"\/\/onmedica.com.br\/te\/wp-content\/uploads\/2024\/09\/visaowebp.webp\" data-libid=\"11151\" title=\"vis\u00e3owebp\" width=\"0\" height=\"0\" data-dbsrc=\"Ly9vbm1lZGljYS5jb20uYnIvdGUvd3AtY29udGVudC91cGxvYWRzLzIwMjQvMDkvdmlzYW93ZWJwLndlYnA=\"\/>\n\t\t\t\t\t\t<img loading=\"lazy\" data-src=\"\/\/onmedica.com.br\/te\/wp-content\/uploads\/2024\/09\/missao.webp\" data-libid=\"11150\" title=\"miss\u00e3o\" width=\"0\" height=\"0\" data-dbsrc=\"Ly9vbm1lZGljYS5jb20uYnIvdGUvd3AtY29udGVudC91cGxvYWRzLzIwMjQvMDkvbWlzc2FvLndlYnA=\"\/>\n\t\t\t\t\t\t<img loading=\"lazy\" data-src=\"\/\/onmedica.com.br\/te\/wp-content\/uploads\/2024\/09\/etica-e-integridade1.webp\" data-libid=\"11153\" title=\"etica-e-integridade1\" width=\"0\" height=\"0\" data-dbsrc=\"Ly9vbm1lZGljYS5jb20uYnIvdGUvd3AtY29udGVudC91cGxvYWRzLzIwMjQvMDkvZXRpY2EtZS1pbnRlZ3JpZGFkZTEud2VicA==\"\/>\n\t\t\t\t\t\t<img loading=\"lazy\" data-src=\"\/\/onmedica.com.br\/te\/wp-content\/uploads\/2024\/09\/Excelencia.webp\" data-libid=\"11154\" title=\"Excel\u00eancia\" width=\"0\" height=\"0\" data-dbsrc=\"Ly9vbm1lZGljYS5jb20uYnIvdGUvd3AtY29udGVudC91cGxvYWRzLzIwMjQvMDkvRXhjZWxlbmNpYS53ZWJw\"\/>\n\t\t\t\t\t\t<img loading=\"lazy\" data-src=\"\/\/onmedica.com.br\/te\/wp-content\/uploads\/2024\/09\/Excelencia-1.webp\" data-libid=\"11155\" title=\"Excel\u00eancia\" width=\"0\" height=\"0\" data-dbsrc=\"Ly9vbm1lZGljYS5jb20uYnIvdGUvd3AtY29udGVudC91cGxvYWRzLzIwMjQvMDkvRXhjZWxlbmNpYS0xLndlYnA=\"\/>\n\t\t\t\t\t\t<img loading=\"lazy\" data-src=\"\/\/onmedica.com.br\/te\/wp-content\/uploads\/revslider\/creative-portfolio-main-slider\/google.png\" data-libid=\"10971\" data-lib=\"medialibrary\" title=\"google.png\" width=\"0\" height=\"0\" data-dbsrc=\"Ly9vbm1lZGljYS5jb20uYnIvdGUvd3AtY29udGVudC91cGxvYWRzL3JldnNsaWRlci9jcmVhdGl2ZS1wb3J0Zm9saW8tbWFpbi1zbGlkZXIvZ29vZ2xlLnBuZw==\"\/>\n\t\t\t\t\t\t<img loading=\"lazy\" data-src=\"\/\/onmedica.com.br\/te\/wp-content\/uploads\/revslider\/creative-portfolio-main-slider\/nike.png\" data-libid=\"10972\" data-lib=\"medialibrary\" title=\"nike.png\" width=\"0\" height=\"0\" data-dbsrc=\"Ly9vbm1lZGljYS5jb20uYnIvdGUvd3AtY29udGVudC91cGxvYWRzL3JldnNsaWRlci9jcmVhdGl2ZS1wb3J0Zm9saW8tbWFpbi1zbGlkZXIvbmlrZS5wbmc=\"\/>\n\t\t\t\t\t\t<img loading=\"lazy\" data-src=\"\/\/onmedica.com.br\/te\/wp-content\/uploads\/revslider\/creative-portfolio-main-slider\/samsung.png\" data-libid=\"10973\" data-lib=\"medialibrary\" title=\"samsung.png\" width=\"0\" height=\"0\" data-dbsrc=\"Ly9vbm1lZGljYS5jb20uYnIvdGUvd3AtY29udGVudC91cGxvYWRzL3JldnNsaWRlci9jcmVhdGl2ZS1wb3J0Zm9saW8tbWFpbi1zbGlkZXIvc2Ftc3VuZy5wbmc=\"\/>\n\t\t\t\t\t\t<img loading=\"lazy\" data-src=\"\/\/onmedica.com.br\/te\/wp-content\/uploads\/revslider\/creative-portfolio-main-slider\/mitsubishi.png\" data-libid=\"10974\" data-lib=\"medialibrary\" title=\"mitsubishi.png\" width=\"0\" height=\"0\" data-dbsrc=\"Ly9vbm1lZGljYS5jb20uYnIvdGUvd3AtY29udGVudC91cGxvYWRzL3JldnNsaWRlci9jcmVhdGl2ZS1wb3J0Zm9saW8tbWFpbi1zbGlkZXIvbWl0c3ViaXNoaS5wbmc=\"\/>\n\t\t\t\t\t\t<img loading=\"lazy\" data-src=\"\/\/onmedica.com.br\/te\/wp-content\/uploads\/2024\/05\/LOGO-ONMEDICA.svg\" data-libid=\"7326\" title=\"LOGO ONMEDICA\" width=\"0\" height=\"0\" data-dbsrc=\"Ly9vbm1lZGljYS5jb20uYnIvdGUvd3AtY29udGVudC91cGxvYWRzLzIwMjQvMDUvTE9HTy1PTk1FRElDQS5zdmc=\"\/>\n\t\t\t\t\t\t<img loading=\"lazy\" data-src=\"\/\/onmedica.com.br\/te\/wp-content\/uploads\/2024\/10\/Onmedica-icone.webp\" data-libid=\"11177\" data-lib=\"medialibrary\" title=\"Onm\u00e9dica &#8211; icone\" width=\"0\" height=\"0\" data-dbsrc=\"Ly9vbm1lZGljYS5jb20uYnIvdGUvd3AtY29udGVudC91cGxvYWRzLzIwMjQvMTAvT25tZWRpY2EtaWNvbmUud2VicA==\"\/>\n\t\t\t\t\t\t<img loading=\"lazy\" data-src=\"\/\/onmedica.com.br\/te\/wp-content\/uploads\/2024\/10\/Responsabilidade-Social.webp\" data-libid=\"11172\" title=\"Responsabilidade Social\" width=\"0\" height=\"0\" data-dbsrc=\"Ly9vbm1lZGljYS5jb20uYnIvdGUvd3AtY29udGVudC91cGxvYWRzLzIwMjQvMTAvUmVzcG9uc2FiaWxpZGFkZS1Tb2NpYWwud2VicA==\"\/>\n\t\t\t\t\t\t<img loading=\"lazy\" data-src=\"\/\/onmedica.com.br\/te\/wp-content\/uploads\/2024\/10\/Comprometimento.webp\" data-libid=\"11173\" title=\"Comprometimento\" width=\"0\" height=\"0\" data-dbsrc=\"Ly9vbm1lZGljYS5jb20uYnIvdGUvd3AtY29udGVudC91cGxvYWRzLzIwMjQvMTAvQ29tcHJvbWV0aW1lbnRvLndlYnA=\"\/>\n\t\t\t\t\t\t<img loading=\"lazy\" data-src=\"\/\/onmedica.com.br\/te\/wp-content\/uploads\/2024\/10\/Desenvolvimento-Humano.webp\" data-libid=\"11175\" title=\"Desenvolvimento Humano\" width=\"0\" height=\"0\" data-dbsrc=\"Ly9vbm1lZGljYS5jb20uYnIvdGUvd3AtY29udGVudC91cGxvYWRzLzIwMjQvMTAvRGVzZW52b2x2aW1lbnRvLUh1bWFuby53ZWJw\"\/>\n\t\t\t\t\t\t<img loading=\"lazy\" data-src=\"\/\/onmedica.com.br\/te\/wp-content\/uploads\/2024\/10\/Parcerias.webp\" data-libid=\"11174\" title=\"Parcerias\" width=\"0\" height=\"0\" data-dbsrc=\"Ly9vbm1lZGljYS5jb20uYnIvdGUvd3AtY29udGVudC91cGxvYWRzLzIwMjQvMTAvUGFyY2VyaWFzLndlYnA=\"\/>\n\t\t\t\t\t<\/image_lists>\n\t\t\t\t<\/sr7-module>\n\t\t\t\t<script>\n\t\t\t\t\tSR7.PMH ??={}; SR7.PMH[\"SR7_16_1\"] = {cn:0,state:false,fn: function() { if (_tpt!==undefined && _tpt.prepareModuleHeight !== undefined) {  _tpt.prepareModuleHeight({id:\"SR7_16_1\",el:[900,900,768,960,720],type:'standard',shdw:'0',gh:[900,900,768,960,720],gw:[1240,1240,1024,778,480],vpt:['100px&#039;,&#039;100px&#039;,&#039;100px&#039;,&#039;100px&#039;,&#039;100px'],size:{fullWidth:true, fullHeight:true},fho:',',mh:'0',onh:0,onw:0,bg:{color:'{\"type\":\"solid\",\"orig\":\"#219ca0\",\"string\":\"rgba(33, 156, 160, 1)\"}'}});   SR7.PMH[\"SR7_16_1\"].state=true;} else if((SR7.PMH[\"SR7_16_1\"].cn++)<100)\tsetTimeout( SR7.PMH[\"SR7_16_1\"].fn,19);}};SR7.PMH[\"SR7_16_1\" ].fn();\n\t\t\t\t<\/script>\n<\/div>\n\n\t\t\t\t\t\t<\/div>\n\t\t\t\t<\/div>\n\t\t\t\t<\/div>\n\t\t\t\t<\/div>\n\t\t","protected":false},"excerpt":{"rendered":"","protected":false},"author":1,"featured_media":0,"parent":0,"menu_order":0,"comment_status":"closed","ping_status":"closed","template":"","meta":{"inline_featured_image":false,"_monsterinsights_skip_tracking":false,"_monsterinsights_sitenote_active":false,"_monsterinsights_sitenote_note":"","_monsterinsights_sitenote_category":0,"footnotes":""},"class_list":["post-11157","page","type-page","status-publish","hentry"],"_links":{"self":[{"href":"https:\/\/onmedica.com.br\/te\/wp-json\/wp\/v2\/pages\/11157","targetHints":{"allow":["GET"]}}],"collection":[{"href":"https:\/\/onmedica.com.br\/te\/wp-json\/wp\/v2\/pages"}],"about":[{"href":"https:\/\/onmedica.com.br\/te\/wp-json\/wp\/v2\/types\/page"}],"author":[{"embeddable":true,"href":"https:\/\/onmedica.com.br\/te\/wp-json\/wp\/v2\/users\/1"}],"replies":[{"embeddable":true,"href":"https:\/\/onmedica.com.br\/te\/wp-json\/wp\/v2\/comments?post=11157"}],"version-history":[{"count":11,"href":"https:\/\/onmedica.com.br\/te\/wp-json\/wp\/v2\/pages\/11157\/revisions"}],"predecessor-version":[{"id":11286,"href":"https:\/\/onmedica.com.br\/te\/wp-json\/wp\/v2\/pages\/11157\/revisions\/11286"}],"wp:attachment":[{"href":"https:\/\/onmedica.com.br\/te\/wp-json\/wp\/v2\/media?parent=11157"}],"curies":[{"name":"wp","href":"https:\/\/api.w.org\/{rel}","templated":true}]}}