{"id":3520,"date":"2022-08-11T02:03:36","date_gmt":"2022-08-11T02:03:36","guid":{"rendered":"http:\/\/localhost\/pollock2\/?page_id=3520"},"modified":"2024-10-22T11:03:33","modified_gmt":"2024-10-22T14:03:33","slug":"contato","status":"publish","type":"page","link":"https:\/\/onmedica.com.br\/te\/contato\/","title":{"rendered":"Contato"},"content":{"rendered":"\t\t<div data-elementor-type=\"wp-page\" data-elementor-id=\"3520\" class=\"elementor elementor-3520\" data-elementor-post-type=\"page\">\n\t\t\t\t\t\t<section class=\"elementor-section elementor-top-section elementor-element elementor-element-bc73bed elementor-section-stretched elementor-section-boxed elementor-section-height-default elementor-section-height-default\" data-id=\"bc73bed\" data-element_type=\"section\" data-settings=\"{&quot;stretch_section&quot;:&quot;section-stretched&quot;,&quot;background_background&quot;:&quot;classic&quot;}\">\n\t\t\t\t\t\t<div class=\"elementor-container elementor-column-gap-no\">\n\t\t\t\t\t<div class=\"elementor-column elementor-col-100 elementor-top-column elementor-element elementor-element-7500b32\" data-id=\"7500b32\" data-element_type=\"column\">\n\t\t\t<div class=\"elementor-widget-wrap elementor-element-populated\">\n\t\t\t\t\t\t<div class=\"elementor-element elementor-element-1643b7d elementor-widget elementor-widget-spacer\" data-id=\"1643b7d\" data-element_type=\"widget\" data-widget_type=\"spacer.default\">\n\t\t\t\t<div class=\"elementor-widget-container\">\n\t\t\t\t\t\t\t<div class=\"elementor-spacer\">\n\t\t\t<div class=\"elementor-spacer-inner\"><\/div>\n\t\t<\/div>\n\t\t\t\t\t\t<\/div>\n\t\t\t\t<\/div>\n\t\t\t\t<div class=\"elementor-element elementor-element-ce4346a align-center elementor-widget elementor-widget-mae-animated-text\" data-id=\"ce4346a\" data-element_type=\"widget\" data-widget_type=\"mae-animated-text.default\">\n\t\t\t\t<div class=\"elementor-widget-container\">\n\t\t\t\t\t\n\t\t<h2 class=\"master-animated-text\" data-config='{\"event\":\"default\",\"split\":\"chars\",\"delay\":4000,\"effect\":\"fx1\"}'>\n\t\t\t\t\t\t<span class=\"inner\">\n\t\t\t\t<span class=\"item\">D\u00favidas?<\/span><span class=\"item\">Or\u00e7amentos?<\/span><span class=\"item\">Sugest\u00f5es?<\/span><span class=\"underline color\"><\/span>\t\t\t<\/span>\n\t\t\t<br>Fale Conosco!\t    <\/h2>\n\n\t    \t\t\t\t<\/div>\n\t\t\t\t<\/div>\n\t\t\t\t<div class=\"elementor-element elementor-element-b14a222 align-center heading-big heading-default elementor-widget elementor-widget-mae-headings\" data-id=\"b14a222\" data-element_type=\"widget\" data-widget_type=\"mae-headings.default\">\n\t\t\t\t<div class=\"elementor-widget-container\">\n\t\t\t\t\t\t\t<div class=\"master-heading sep-none\">\n\t\t\t\t        \n\t        \n\t        \n\t        \n\t        \t            <div class=\"sub-heading\">Estamos a disposi\u00e7\u00e3o para ouvir voc\u00ea. Utilize este espa\u00e7o para enviar d\u00favidas, sugest\u00f5es, elogios ou reclama\u00e7\u00f5es.<\/div>\n\t        \t    <\/div>\n\t    \t\t\t\t<\/div>\n\t\t\t\t<\/div>\n\t\t\t\t<section class=\"elementor-section elementor-inner-section elementor-element elementor-element-8de8f29 elementor-section-boxed elementor-section-height-default elementor-section-height-default\" data-id=\"8de8f29\" data-element_type=\"section\">\n\t\t\t\t\t\t<div class=\"elementor-container elementor-column-gap-default\">\n\t\t\t\t\t<div class=\"elementor-column elementor-col-33 elementor-inner-column elementor-element elementor-element-a181816\" data-id=\"a181816\" data-element_type=\"column\" data-settings=\"{&quot;background_background&quot;:&quot;classic&quot;}\">\n\t\t\t<div class=\"elementor-widget-wrap elementor-element-populated\">\n\t\t\t\t\t\t<div class=\"elementor-element elementor-element-e702b6f align-center heading-default elementor-widget elementor-widget-mae-headings\" data-id=\"e702b6f\" data-element_type=\"widget\" data-widget_type=\"mae-headings.default\">\n\t\t\t\t<div class=\"elementor-widget-container\">\n\t\t\t\t\t\t\t<div class=\"master-heading sep-after\">\n\t\t\t\t        \n\t        \n\t        \t        <h2 class=\"main-heading\">EMAIL<\/h2>\n\t        \n\t        <div class=\"sep\"><\/div>\n\t        \t    <\/div>\n\t    \t\t\t\t<\/div>\n\t\t\t\t<\/div>\n\t\t\t\t<div class=\"elementor-element elementor-element-b0b7fdf line-hover align-center elementor-widget elementor-widget-mae-link\" data-id=\"b0b7fdf\" data-element_type=\"widget\" data-widget_type=\"mae-link.default\">\n\t\t\t\t<div class=\"elementor-widget-container\">\n\t\t\t\t\t\n        <a class=\"master-link  icon-none\" href=\"mailto:atendimento@onmedica.com.br\" >\n                        <span>atendimento@onmedica.com.br<\/span>\n                    <\/a>\n\n        \t\t\t\t<\/div>\n\t\t\t\t<\/div>\n\t\t\t\t\t<\/div>\n\t\t<\/div>\n\t\t\t\t<div class=\"elementor-column elementor-col-33 elementor-inner-column elementor-element elementor-element-2b285c5\" data-id=\"2b285c5\" data-element_type=\"column\" data-settings=\"{&quot;background_background&quot;:&quot;classic&quot;}\">\n\t\t\t<div class=\"elementor-widget-wrap elementor-element-populated\">\n\t\t\t\t\t\t<div class=\"elementor-element elementor-element-8d583a2 align-center heading-default elementor-widget elementor-widget-mae-headings\" data-id=\"8d583a2\" data-element_type=\"widget\" data-widget_type=\"mae-headings.default\">\n\t\t\t\t<div class=\"elementor-widget-container\">\n\t\t\t\t\t\t\t<div class=\"master-heading sep-after\">\n\t\t\t\t        \n\t        \n\t        \t        <h2 class=\"main-heading\">TELEFONE<\/h2>\n\t        \n\t        <div class=\"sep\"><\/div>\n\t        \t    <\/div>\n\t    \t\t\t\t<\/div>\n\t\t\t\t<\/div>\n\t\t\t\t<div class=\"elementor-element elementor-element-316dbcf line-hover align-center elementor-widget elementor-widget-mae-link\" data-id=\"316dbcf\" data-element_type=\"widget\" data-widget_type=\"mae-link.default\">\n\t\t\t\t<div class=\"elementor-widget-container\">\n\t\t\t\t\t\n        <a class=\"master-link  icon-none\" href=\"tel:(034)3825-6532\" >\n                        <span>(34)3825-6532<\/span>\n                    <\/a>\n\n        \t\t\t\t<\/div>\n\t\t\t\t<\/div>\n\t\t\t\t\t<\/div>\n\t\t<\/div>\n\t\t\t\t<div class=\"elementor-column elementor-col-33 elementor-inner-column elementor-element elementor-element-2e347ca\" data-id=\"2e347ca\" data-element_type=\"column\" data-settings=\"{&quot;background_background&quot;:&quot;classic&quot;}\">\n\t\t\t<div class=\"elementor-widget-wrap elementor-element-populated\">\n\t\t\t\t\t\t<div class=\"elementor-element elementor-element-0349e0a align-center heading-default elementor-widget elementor-widget-mae-headings\" data-id=\"0349e0a\" data-element_type=\"widget\" data-widget_type=\"mae-headings.default\">\n\t\t\t\t<div class=\"elementor-widget-container\">\n\t\t\t\t\t\t\t<div class=\"master-heading sep-after\">\n\t\t\t\t        \n\t        \n\t        \t        <h2 class=\"main-heading\">WHATSAPP<\/h2>\n\t        \n\t        <div class=\"sep\"><\/div>\n\t        \t    <\/div>\n\t    \t\t\t\t<\/div>\n\t\t\t\t<\/div>\n\t\t\t\t<div class=\"elementor-element elementor-element-5fff9ad line-hover align-center elementor-widget elementor-widget-mae-link\" data-id=\"5fff9ad\" data-element_type=\"widget\" data-widget_type=\"mae-link.default\">\n\t\t\t\t<div class=\"elementor-widget-container\">\n\t\t\t\t\t\n        <a class=\"master-link  icon-none\" href=\"https:\/\/web.whatsapp.com\/send?phone=553499487217&#038;text=Ol%C3%A1%2C%20vim%20do%20site%20da%20Onm%C3%A9dica%20e%20e%20gostaria%20de%20mais%20informa%C3%A7%C3%B5es!%20%F0%9F%98%81\" >\n                        <span>CONTATO<\/span>\n                    <\/a>\n\n        \t\t\t\t<\/div>\n\t\t\t\t<\/div>\n\t\t\t\t\t<\/div>\n\t\t<\/div>\n\t\t\t\t\t<\/div>\n\t\t<\/section>\n\t\t\t\t\t<\/div>\n\t\t<\/div>\n\t\t\t\t\t<\/div>\n\t\t<\/section>\n\t\t\t\t<section class=\"elementor-section elementor-top-section elementor-element elementor-element-db3e9c6 elementor-hidden-desktop elementor-hidden-tablet elementor-hidden-mobile elementor-section-boxed elementor-section-height-default elementor-section-height-default\" data-id=\"db3e9c6\" data-element_type=\"section\">\n\t\t\t\t\t\t<div class=\"elementor-container elementor-column-gap-no\">\n\t\t\t\t\t<div class=\"elementor-column elementor-col-100 elementor-top-column elementor-element elementor-element-0ad709d\" data-id=\"0ad709d\" data-element_type=\"column\">\n\t\t\t<div class=\"elementor-widget-wrap elementor-element-populated\">\n\t\t\t\t\t\t<div class=\"elementor-element elementor-element-b4f63a1 elementor-widget elementor-widget-spacer\" data-id=\"b4f63a1\" data-element_type=\"widget\" data-widget_type=\"spacer.default\">\n\t\t\t\t<div class=\"elementor-widget-container\">\n\t\t\t\t\t\t\t<div class=\"elementor-spacer\">\n\t\t\t<div class=\"elementor-spacer-inner\"><\/div>\n\t\t<\/div>\n\t\t\t\t\t\t<\/div>\n\t\t\t\t<\/div>\n\t\t\t\t<div class=\"elementor-element elementor-element-80f6e23 align-center heading-big heading-default elementor-widget elementor-widget-mae-headings\" data-id=\"80f6e23\" data-element_type=\"widget\" data-widget_type=\"mae-headings.default\">\n\t\t\t\t<div class=\"elementor-widget-container\">\n\t\t\t\t\t\t\t<div class=\"master-heading sep-none\">\n\t\t\t\t        \n\t        \n\t        \t        <h2 class=\"main-heading\">D\u00favidas Frequentes<\/h2>\n\t        \n\t        \n\t        \t    <\/div>\n\t    \t\t\t\t<\/div>\n\t\t\t\t<\/div>\n\t\t\t\t<div class=\"elementor-element elementor-element-38ac94a accordion-style-2 elementor-widget__width-initial arrow-right elementor-widget elementor-widget-mae-accordion\" data-id=\"38ac94a\" data-element_type=\"widget\" data-widget_type=\"mae-accordion.default\">\n\t\t\t\t<div class=\"elementor-widget-container\">\n\t\t\t\t\t\n\t\t<div class=\"master-accordions\">\n\t\t\t\t\t\t\t\t\t\t\t<div class=\"item elementor-repeater-item-4eb8073 active\">\n\t\t\t\t\t<div class=\"title\">\n\t\t\t\t\t\t<div class=\"arrow\"><\/div>\n\t\t\t\t\t\t<h3>Prazo de Entrega<\/h3>\n\t\t\t\t\t<\/div>\n\n\t\t\t\t\t<div class=\"content\">\n\t\t\t\t\t\t<p>This completely depends on what you need. It takes longer to build a 1000 page megasite than a smaller eight page brochure website.<\/p>\t\t\t\t\t<\/div>\n\t\t\t\t<\/div>\n\t\t\t\t\t\t\t\t\t\t\t<div class=\"item elementor-repeater-item-67f4fd8\">\n\t\t\t\t\t<div class=\"title\">\n\t\t\t\t\t\t<div class=\"arrow\"><\/div>\n\t\t\t\t\t\t<h3>Garantia<\/h3>\n\t\t\t\t\t<\/div>\n\n\t\t\t\t\t<div class=\"content\">\n\t\t\t\t\t\t<p>This completely depends on what you need. It takes longer to build a 1000 page megasite than a smaller eight page brochure website.<\/p>\t\t\t\t\t<\/div>\n\t\t\t\t<\/div>\n\t\t\t\t\t\t\t\t\t\t\t<div class=\"item elementor-repeater-item-7981c7b\">\n\t\t\t\t\t<div class=\"title\">\n\t\t\t\t\t\t<div class=\"arrow\"><\/div>\n\t\t\t\t\t\t<h3>Assist\u00eancia T\u00e9cnica<\/h3>\n\t\t\t\t\t<\/div>\n\n\t\t\t\t\t<div class=\"content\">\n\t\t\t\t\t\t<p>This completely depends on what you need. It takes longer to build a 1000 page megasite than a smaller eight page brochure website.<\/p>\t\t\t\t\t<\/div>\n\t\t\t\t<\/div>\n\t\t\t\t\t\t\t\t\t\t\t<div class=\"item elementor-repeater-item-33687c5\">\n\t\t\t\t\t<div class=\"title\">\n\t\t\t\t\t\t<div class=\"arrow\"><\/div>\n\t\t\t\t\t\t<h3>Outros<\/h3>\n\t\t\t\t\t<\/div>\n\n\t\t\t\t\t<div class=\"content\">\n\t\t\t\t\t\t<p>This completely depends on what you need. It takes longer to build a 1000 page megasite than a smaller eight page brochure website.<\/p>\t\t\t\t\t<\/div>\n\t\t\t\t<\/div>\n\t\t\t\t    <\/div>\n\n\t    \t\t\t\t<\/div>\n\t\t\t\t<\/div>\n\t\t\t\t<div class=\"elementor-element elementor-element-f88ecf4 elementor-widget elementor-widget-spacer\" data-id=\"f88ecf4\" data-element_type=\"widget\" data-widget_type=\"spacer.default\">\n\t\t\t\t<div class=\"elementor-widget-container\">\n\t\t\t\t\t\t\t<div class=\"elementor-spacer\">\n\t\t\t<div class=\"elementor-spacer-inner\"><\/div>\n\t\t<\/div>\n\t\t\t\t\t\t<\/div>\n\t\t\t\t<\/div>\n\t\t\t\t\t<\/div>\n\t\t<\/div>\n\t\t\t\t\t<\/div>\n\t\t<\/section>\n\t\t\t\t<section class=\"elementor-section elementor-top-section elementor-element elementor-element-e40e782 elementor-section-stretched elementor-section-full_width elementor-section-height-default elementor-section-height-default\" data-id=\"e40e782\" data-element_type=\"section\" data-settings=\"{&quot;stretch_section&quot;:&quot;section-stretched&quot;,&quot;background_background&quot;:&quot;classic&quot;}\">\n\t\t\t\t\t\t<div class=\"elementor-container elementor-column-gap-no\">\n\t\t\t\t\t<div class=\"elementor-column elementor-col-100 elementor-top-column elementor-element elementor-element-27346f6\" data-id=\"27346f6\" data-element_type=\"column\">\n\t\t\t<div class=\"elementor-widget-wrap elementor-element-populated\">\n\t\t\t\t\t\t<div class=\"elementor-element elementor-element-925a4da elementor-widget elementor-widget-spacer\" data-id=\"925a4da\" data-element_type=\"widget\" data-widget_type=\"spacer.default\">\n\t\t\t\t<div class=\"elementor-widget-container\">\n\t\t\t\t\t\t\t<div class=\"elementor-spacer\">\n\t\t\t<div class=\"elementor-spacer-inner\"><\/div>\n\t\t<\/div>\n\t\t\t\t\t\t<\/div>\n\t\t\t\t<\/div>\n\t\t\t\t<section class=\"elementor-section elementor-inner-section elementor-element elementor-element-7883e5b elementor-section-boxed elementor-section-height-default elementor-section-height-default\" data-id=\"7883e5b\" data-element_type=\"section\">\n\t\t\t\t\t\t\t<div class=\"elementor-background-overlay\"><\/div>\n\t\t\t\t\t\t\t<div class=\"elementor-container elementor-column-gap-default\">\n\t\t\t\t\t<div class=\"elementor-column elementor-col-100 elementor-inner-column elementor-element elementor-element-21d9f2a\" data-id=\"21d9f2a\" data-element_type=\"column\">\n\t\t\t<div class=\"elementor-widget-wrap elementor-element-populated\">\n\t\t\t\t\t\t<div class=\"elementor-element elementor-element-09babfb align-center heading-default elementor-widget elementor-widget-mae-headings\" data-id=\"09babfb\" data-element_type=\"widget\" data-widget_type=\"mae-headings.default\">\n\t\t\t\t<div class=\"elementor-widget-container\">\n\t\t\t\t\t\t\t<div class=\"master-heading sep-none\">\n\t\t\t\t        \n\t        \n\t        \t        <h2 class=\"main-heading\">ONDE ESTAMOS<\/h2>\n\t        \n\t        \n\t        \t            <div class=\"sub-heading\">Rua Valdirio Fiorin, 291, Bairro Alto da Serra\n<br>Patos de Minas - MG 38704-008 <\/div>\n\t        \t    <\/div>\n\t    \t\t\t\t<\/div>\n\t\t\t\t<\/div>\n\t\t\t\t\t<\/div>\n\t\t<\/div>\n\t\t\t\t\t<\/div>\n\t\t<\/section>\n\t\t\t\t<div class=\"elementor-element elementor-element-ed74c51 elementor-widget elementor-widget-spacer\" data-id=\"ed74c51\" data-element_type=\"widget\" data-widget_type=\"spacer.default\">\n\t\t\t\t<div class=\"elementor-widget-container\">\n\t\t\t\t\t\t\t<div class=\"elementor-spacer\">\n\t\t\t<div class=\"elementor-spacer-inner\"><\/div>\n\t\t<\/div>\n\t\t\t\t\t\t<\/div>\n\t\t\t\t<\/div>\n\t\t\t\t<div class=\"elementor-element elementor-element-38b299e image-width-auto image-width-enable elementor-widget elementor-widget-mae-gallery-stack\" data-id=\"38b299e\" data-element_type=\"widget\" data-widget_type=\"mae-gallery-stack.default\">\n\t\t\t\t<div class=\"elementor-widget-container\">\n\t\t\t\t\t\t\t<div class=\"master-gallery-stack\">\n\t\t\t<div class=\"master-shape elementor-repeater-item-c364a1e change-color-2\" data-calcHeight=\"no\"><\/div>\t\t<\/div>\n\t    \t\t\t\t<\/div>\n\t\t\t\t<\/div>\n\t\t\t\t\t<\/div>\n\t\t<\/div>\n\t\t\t\t\t<\/div>\n\t\t<\/section>\n\t\t<div class=\"elementor-element elementor-element-44d1bf5 e-flex e-con-boxed e-con e-parent\" data-id=\"44d1bf5\" data-element_type=\"container\">\n\t\t\t\t\t<div class=\"e-con-inner\">\n\t\t\t\t<div class=\"elementor-element elementor-element-58710a9 elementor-widget elementor-widget-google_maps\" data-id=\"58710a9\" data-element_type=\"widget\" selector=\"\" border-color=\"\" data-widget_type=\"google_maps.default\">\n\t\t\t\t<div class=\"elementor-widget-container\">\n\t\t\t\t\t\t\t<div class=\"elementor-custom-embed\">\n\t\t\t<iframe loading=\"lazy\"\n\t\t\t\t\tsrc=\"https:\/\/www.google.com\/maps\/embed\/v1\/place?key=AIzaSyD9_FrODWF4GFQ05arQuKpSUAYIxpeGtk0&#038;q=Rua%20Valdirio%20Fiorin%2C%20291%2C%20Alto%20Marab%C3%A1&#038;zoom=17\"\n\t\t\t\t\ttitle=\"Rua Valdirio Fiorin, 291, Alto Marab\u00e1\"\n\t\t\t\t\taria-label=\"Rua Valdirio Fiorin, 291, Alto Marab\u00e1\"\n\t\t\t><\/iframe>\n\t\t<\/div>\n\t\t\t\t\t\t<\/div>\n\t\t\t\t<\/div>\n\t\t\t\t\t<\/div>\n\t\t\t\t<\/div>\n\t\t\t\t<\/div>\n\t\t","protected":false},"excerpt":{"rendered":"<p>D\u00favidas?Or\u00e7amentos?Sugest\u00f5es? Fale Conosco! Estamos a disposi\u00e7\u00e3o para ouvir voc\u00ea. Utilize este espa\u00e7o para enviar d\u00favidas, sugest\u00f5es, elogios ou reclama\u00e7\u00f5es. EMAIL atendimento@onmedica.com.br TELEFONE (34)3825-6532 WHATSAPP CONTATO D\u00favidas Frequentes Prazo de Entrega This completely depends on what you need. It takes longer to build a 1000 page megasite than a smaller eight<\/p>\n","protected":false},"author":1,"featured_media":0,"parent":0,"menu_order":0,"comment_status":"closed","ping_status":"closed","template":"","meta":{"inline_featured_image":false,"_monsterinsights_skip_tracking":false,"_monsterinsights_sitenote_active":false,"_monsterinsights_sitenote_note":"","_monsterinsights_sitenote_category":0,"footnotes":""},"class_list":["post-3520","page","type-page","status-publish","hentry"],"_links":{"self":[{"href":"https:\/\/onmedica.com.br\/te\/wp-json\/wp\/v2\/pages\/3520","targetHints":{"allow":["GET"]}}],"collection":[{"href":"https:\/\/onmedica.com.br\/te\/wp-json\/wp\/v2\/pages"}],"about":[{"href":"https:\/\/onmedica.com.br\/te\/wp-json\/wp\/v2\/types\/page"}],"author":[{"embeddable":true,"href":"https:\/\/onmedica.com.br\/te\/wp-json\/wp\/v2\/users\/1"}],"replies":[{"embeddable":true,"href":"https:\/\/onmedica.com.br\/te\/wp-json\/wp\/v2\/comments?post=3520"}],"version-history":[{"count":292,"href":"https:\/\/onmedica.com.br\/te\/wp-json\/wp\/v2\/pages\/3520\/revisions"}],"predecessor-version":[{"id":11244,"href":"https:\/\/onmedica.com.br\/te\/wp-json\/wp\/v2\/pages\/3520\/revisions\/11244"}],"wp:attachment":[{"href":"https:\/\/onmedica.com.br\/te\/wp-json\/wp\/v2\/media?parent=3520"}],"curies":[{"name":"wp","href":"https:\/\/api.w.org\/{rel}","templated":true}]}}