{"id":8694,"date":"2024-06-21T16:49:35","date_gmt":"2024-06-21T16:49:35","guid":{"rendered":"https:\/\/onmedica.com.br\/te\/?page_id=8694"},"modified":"2024-10-22T16:41:26","modified_gmt":"2024-10-22T19:41:26","slug":"assistencia-tecnica","status":"publish","type":"page","link":"https:\/\/onmedica.com.br\/te\/assistencia-tecnica\/","title":{"rendered":"Assist\u00eancia T\u00e9cnica"},"content":{"rendered":"\t\t<div data-elementor-type=\"wp-page\" data-elementor-id=\"8694\" class=\"elementor elementor-8694\" data-elementor-post-type=\"page\">\n\t\t\t\t\t\t<section class=\"elementor-section elementor-top-section elementor-element elementor-element-2440cc6 elementor-section-full_width elementor-section-height-full elementor-section-items-stretch elementor-section-content-middle elementor-section-stretched elementor-section-height-default\" data-id=\"2440cc6\" data-element_type=\"section\" data-settings=\"{&quot;stretch_section&quot;:&quot;section-stretched&quot;,&quot;background_background&quot;:&quot;classic&quot;}\">\n\t\t\t\t\t\t\t<div class=\"elementor-background-overlay\"><\/div>\n\t\t\t\t\t\t\t<div class=\"elementor-container elementor-column-gap-no\">\n\t\t\t\t\t<div class=\"elementor-column elementor-col-100 elementor-top-column elementor-element elementor-element-e644775\" data-id=\"e644775\" data-element_type=\"column\" data-settings=\"{&quot;background_background&quot;:&quot;classic&quot;}\">\n\t\t\t<div class=\"elementor-widget-wrap elementor-element-populated\">\n\t\t\t\t\t\t<div class=\"elementor-element elementor-element-369f539 elementor-widget elementor-widget-spacer\" data-id=\"369f539\" data-element_type=\"widget\" data-widget_type=\"spacer.default\">\n\t\t\t\t<div class=\"elementor-widget-container\">\n\t\t\t\t\t\t\t<div class=\"elementor-spacer\">\n\t\t\t<div class=\"elementor-spacer-inner\"><\/div>\n\t\t<\/div>\n\t\t\t\t\t\t<\/div>\n\t\t\t\t<\/div>\n\t\t\t\t<div class=\"elementor-element elementor-element-44d10af align-center heading-style-1 elementor-widget elementor-widget-mae-headings\" data-id=\"44d10af\" data-element_type=\"widget\" data-widget_type=\"mae-headings.default\">\n\t\t\t\t<div class=\"elementor-widget-container\">\n\t\t\t\t\t\t\t<div class=\"master-heading sep-none\">\n\t\t\t\t        \n\t        \n\t        \t        <h2 class=\"main-heading\">Assist\u00eancia T\u00e9cnica<\/h2>\n\t        \n\t        \n\t        \t    <\/div>\n\t    \t\t\t\t<\/div>\n\t\t\t\t<\/div>\n\t\t\t\t<div class=\"elementor-element elementor-element-24aaa1e align-center heading-style-1 elementor-widget elementor-widget-mae-headings\" data-id=\"24aaa1e\" data-element_type=\"widget\" data-widget_type=\"mae-headings.default\">\n\t\t\t\t<div class=\"elementor-widget-container\">\n\t\t\t\t\t\t\t<div class=\"master-heading sep-top\">\n\t\t\t<div class=\"sep\"><\/div>\t        \n\t        \n\t        \n\t        \n\t        \t            <div class=\"sub-heading\">Na Onm\u00e9dica, entregamos solu\u00e7\u00f5es abrangentes de manuten\u00e7\u00e3o e preven\u00e7\u00e3o, com foco na efici\u00eancia. Nossa equipe especializada age rapidamente para resolver problemas, reduzindo o tempo de inatividade. Al\u00e9m disso, personalizamos programas preventivos para garantir seguran\u00e7a e desempenho.\nConte conosco para uma parceria que vai al\u00e9m, assegurando excel\u00eancia e longevidade aos seus equipamentos. \n<\/div>\n\t        \t    <\/div>\n\t    \t\t\t\t<\/div>\n\t\t\t\t<\/div>\n\t\t\t\t<section class=\"elementor-section elementor-inner-section elementor-element elementor-element-8e0ab0f elementor-section-content-middle elementor-section-boxed elementor-section-height-default elementor-section-height-default\" data-id=\"8e0ab0f\" data-element_type=\"section\">\n\t\t\t\t\t\t<div class=\"elementor-container elementor-column-gap-default\">\n\t\t\t\t\t<div class=\"elementor-column elementor-col-100 elementor-inner-column elementor-element elementor-element-f3244f0\" data-id=\"f3244f0\" data-element_type=\"column\">\n\t\t\t<div class=\"elementor-widget-wrap elementor-element-populated\">\n\t\t\t\t\t\t<div class=\"elementor-element elementor-element-bba6489 align-center elementor-widget elementor-widget-mae-button\" data-id=\"bba6489\" data-element_type=\"widget\" data-widget_type=\"mae-button.default\">\n\t\t\t\t<div class=\"elementor-widget-container\">\n\t\t\t\t\t\n        \n        <a class=\"master-button btn-accent icon-left medium btn-hover-2\" href=\"https:\/\/wa.link\/x7s7m5\" \n            >\n\n            <span class=\"inner\">\n                <span class=\"content-base\">\n                    <span class=\"icon fab fa-whatsapp\"><\/span>                    <span class=\"text\">SOLICITAR CHAMADO T\u00c9CNICO<\/span>\n                                    <\/span>\n\n                <span class=\"content-hover\">\n                    <span class=\"icon fab fa-whatsapp\"><\/span>                    <span class=\"text\">SOLICITAR CHAMADO T\u00c9CNICO<\/span>\n                                    <\/span>\n            <\/span>\n\n            <span class=\"bg-hover\"><\/span>        <\/a>\n\n        \t\t\t\t<\/div>\n\t\t\t\t<\/div>\n\t\t\t\t\t<\/div>\n\t\t<\/div>\n\t\t\t\t\t<\/div>\n\t\t<\/section>\n\t\t\t\t\t<\/div>\n\t\t<\/div>\n\t\t\t\t\t<\/div>\n\t\t<\/section>\n\t\t\t\t<\/div>\n\t\t","protected":false},"excerpt":{"rendered":"<p>Assist\u00eancia T\u00e9cnica Na Onm\u00e9dica, entregamos solu\u00e7\u00f5es abrangentes de manuten\u00e7\u00e3o e preven\u00e7\u00e3o, com foco na efici\u00eancia. Nossa equipe especializada age rapidamente para resolver problemas, reduzindo o tempo de inatividade. Al\u00e9m disso, personalizamos programas preventivos para garantir seguran\u00e7a e desempenho. Conte conosco para uma parceria que vai al\u00e9m, assegurando excel\u00eancia e longevidade<\/p>\n","protected":false},"author":1,"featured_media":10705,"parent":0,"menu_order":0,"comment_status":"closed","ping_status":"closed","template":"","meta":{"inline_featured_image":false,"_monsterinsights_skip_tracking":false,"_monsterinsights_sitenote_active":false,"_monsterinsights_sitenote_note":"","_monsterinsights_sitenote_category":0,"footnotes":""},"class_list":["post-8694","page","type-page","status-publish","has-post-thumbnail","hentry"],"_links":{"self":[{"href":"https:\/\/onmedica.com.br\/te\/wp-json\/wp\/v2\/pages\/8694","targetHints":{"allow":["GET"]}}],"collection":[{"href":"https:\/\/onmedica.com.br\/te\/wp-json\/wp\/v2\/pages"}],"about":[{"href":"https:\/\/onmedica.com.br\/te\/wp-json\/wp\/v2\/types\/page"}],"author":[{"embeddable":true,"href":"https:\/\/onmedica.com.br\/te\/wp-json\/wp\/v2\/users\/1"}],"replies":[{"embeddable":true,"href":"https:\/\/onmedica.com.br\/te\/wp-json\/wp\/v2\/comments?post=8694"}],"version-history":[{"count":195,"href":"https:\/\/onmedica.com.br\/te\/wp-json\/wp\/v2\/pages\/8694\/revisions"}],"predecessor-version":[{"id":11310,"href":"https:\/\/onmedica.com.br\/te\/wp-json\/wp\/v2\/pages\/8694\/revisions\/11310"}],"wp:featuredmedia":[{"embeddable":true,"href":"https:\/\/onmedica.com.br\/te\/wp-json\/wp\/v2\/media\/10705"}],"wp:attachment":[{"href":"https:\/\/onmedica.com.br\/te\/wp-json\/wp\/v2\/media?parent=8694"}],"curies":[{"name":"wp","href":"https:\/\/api.w.org\/{rel}","templated":true}]}}