{"id":4249,"date":"2022-08-13T07:56:35","date_gmt":"2022-08-13T07:56:35","guid":{"rendered":"https:\/\/tplabs.co\/pollock\/?post_type=product&#038;p=4249"},"modified":"2024-07-09T15:13:35","modified_gmt":"2024-07-09T18:13:35","slug":"aparelho-de-anestesia-1625-leistung","status":"publish","type":"product","link":"https:\/\/onmedica.com.br\/te\/produto\/aparelho-de-anestesia-1625-leistung\/","title":{"rendered":"Aparelho de Anestesia 1625++ &#8211; Leistung"},"content":{"rendered":"<h5><strong>Para paciente\u00a0ADULTO,\u00a0PEDIATRICO\u00a0e\u00a0NEONATAL.<\/strong><\/h5>\n<h6><strong>Modos Ventilat\u00f3rios<\/strong><\/h6>\n<p><strong>\u2981 <\/strong>Volume Controlado (VC);<br \/>\n<strong>\u2981 <\/strong>Press\u00e3o Controlada (PC);<br \/>\n<strong>\u2981 <\/strong>Press\u00e3o Regulada com Volume Controlado (PRVC);<br \/>\n<strong>\u2981 <\/strong>Press\u00e3o de Suporte (PS);<br \/>\n<strong>\u2981 <\/strong>SIMV (VC) + PS;<br \/>\n<strong>\u2981 <\/strong>SIMV (PC) + PS;<br \/>\n<strong>\u2981 <\/strong>Manual Controlada pelo Profissional.<\/p>\n<h6><strong>Par\u00e2metros Configur\u00e1veis<\/strong><\/h6>\n<p><strong>\u2981 <\/strong>Tempo Inspirat\u00f3rio: 0.20 a 10s;<br \/>\n<strong>\u2981 <\/strong>Frequ\u00eancia Ventilat\u00f3ria: 1 a 150 c\/min;<br \/>\n<strong>\u2981 <\/strong>Rela\u00e7\u00e3o I:E: 5,0:1 at\u00e9 1:99;<br \/>\n<strong>\u2981 <\/strong>Volume Tidal: 0.01 a 1.6 L ;<br \/>\n<strong>\u2981 <\/strong>Sens. Insp: por Press\u00e3o, -0.5 cmH\u2082O a -10 \u2082O;<br \/>\n<strong>\u2981 <\/strong>Sens. Insp: por Fluxo, 0,5 L\/min a 10 L\/min;<br \/>\n<strong>\u2981 <\/strong>Sens. Expirat\u00f3ria: 5% a 80%;<br \/>\n<strong>\u2981 <\/strong>PEEP: N\u00e3o, 3 a 50 cmH\u2082O;<br \/>\n<strong>\u2981 <\/strong>Press\u00e3o Controlada (P Con): 2 a 58 cmH\u2082O;<br \/>\n<strong>\u2981 <\/strong>Press\u00e3o de Suporte (P Sup): 2 a 58 cmH\u2082O;<br \/>\n<strong>\u2981 <\/strong>Press\u00e3o de Controle M\u00e1xima (PC M\u00e1x): 2 a 58 cmH\u2082O;<br \/>\n<strong>\u2981 <\/strong>Forma de Onda: Descendente 100%, Descendente 50 % e Quadrada;<br \/>\n<strong>\u2981 <\/strong>Rise Time: 6 N\u00edveis;<br \/>\n<strong>\u2981 <\/strong>TI M\u00e1x: 0.30 a 3s;<br \/>\n<strong>\u2981 <\/strong>Apneia: (Ventila\u00e7\u00e3o de Respaldo) 5 a 60s;<br \/>\n<strong>\u2981 <\/strong>Pausa Inspirat\u00f3ria: 0 a 2,0 segundos.<\/p>\n<h6><strong>Par\u00e2metros Monitor\u00e1veis<\/strong><\/h6>\n<p><strong>\u2981 <\/strong>Press\u00e3o de Pico;<\/p>\n<p><strong>\u2981 <\/strong>Volume Corrente;<\/p>\n<p><strong>\u2981 <\/strong>Frequ\u00eancia Respirat\u00f3ria;<\/p>\n<p><strong>\u2981 <\/strong>Volume Minuto;<\/p>\n<p><strong>\u2981 <\/strong>FiO\u2082;<\/p>\n<p><strong>\u2981 <\/strong>Press\u00e3o de Base (PEEP);<\/p>\n<p><strong>\u2981 <\/strong>Press\u00e3o M\u00e9dia;<\/p>\n<p><strong>\u2981 <\/strong>Press\u00e3o Plateau;<\/p>\n<p><strong>\u2981 <\/strong>Fluxo Inspirat\u00f3rio de Pico;<\/p>\n<p><strong>\u2981 <\/strong>Fluxo Expirat\u00f3rio M\u00e1ximo;<\/p>\n<p><strong>\u2981 <\/strong>Complac\u00eancia Din\u00e2mica;<\/p>\n<p><strong>\u2981 <\/strong>Tempo Inspirat\u00f3rio;<\/p>\n<p><strong>\u2981 <\/strong>Tempo de Expira\u00e7\u00e3o.<\/p>\n<p><strong>\u2981 <\/strong>Volume Corrente Inspirado;<\/p>\n<p><strong>\u2981 <\/strong>Rela\u00e7\u00e3o I:E;<\/p>\n<p><strong>\u2981 <\/strong>Raz\u00e3o Ti\/Ttot;<\/p>\n<p><strong>\u2981 <\/strong>CO\u2082 Exalado (opcional);<\/p>\n<p><strong>\u2981 <\/strong>CO\u2082 Inspirado (opcional);<\/p>\n<p><strong>\u2981 <\/strong>MAC (opcional);<\/p>\n<p><strong>\u2981 <\/strong>Agente Anest\u00e9sico\u00a0Prim\u00e1rio Expirado\u00a0(opcional);<\/p>\n<p><strong>\u2981 <\/strong>Agente Anest\u00e9sico\u00a0Secund\u00e1rio Expirado\u00a0(opcional);<\/p>\n<p><strong>\u2981 <\/strong>Agente Anest\u00e9sico\u00a0Inspirado Prim\u00e1rio\u00a0(opcional);<\/p>\n<p><strong>\u2981 <\/strong>Agente Anest\u00e9sico\u00a0Inspirado Secund\u00e1rio\u00a0(opcional);<\/p>\n<p><strong>\u2981 <\/strong>Satura\u00e7\u00e3o de Oxig\u00eanio (opcional);<\/p>\n<p><strong>\u2981 <\/strong>Frequ\u00eancia de Pulso (opcional);<\/p>\n<p><strong>\u2981 <\/strong>Rela\u00e7\u00e3o SpO\u2082 \/ FiO\u2082 (opcional)<\/p>\n<h6><strong>Mec\u00e2nicas Ventilat\u00f3rias<\/strong><\/h6>\n<p><strong>\u2981 <\/strong>TotalPEEP;<br \/>\n<strong>\u2981 <\/strong>AutoPEEP;<br \/>\n<strong>\u2981 <\/strong>Complac\u00eancia Din;<br \/>\n<strong>\u2981 <\/strong>Complac\u00eancia Est;<br \/>\n<strong>\u2981 <\/strong>Resistencia Ins.<\/p>\n<h6><strong>Curva de Tend\u00eancias<\/strong><\/h6>\n<p><strong>\u2981 <\/strong>TotalPEEP;<br \/>\n<strong>\u2981 <\/strong>Press\u00e3o Pico;<br \/>\n<strong>\u2981 <\/strong>Press\u00e3o Base;<br \/>\n<strong>\u2981 <\/strong>Fluxo Insp;<br \/>\n<strong>\u2981 <\/strong>Volume Corrente;<br \/>\n<strong>\u2981 <\/strong>Volume Minuto;<br \/>\n<strong>\u2981 <\/strong>Frequ\u00eancia;<br \/>\n<strong>\u2981 <\/strong>Complac\u00eancia;<br \/>\n<strong>\u2981 <\/strong>FiO\u2082;<br \/>\n<strong>\u2981 <\/strong>etCO\u2082;<br \/>\n<strong>\u2981 <\/strong>SpO\u2082;<br \/>\n<strong>\u2981 <\/strong>Das \u00faltimas 2, 4, 8, 16 ou 32 horas.<\/p>\n<h6><strong>Alarmes<\/strong><\/h6>\n<p><strong>\u2981 <\/strong>Baixa press\u00e3o de O\u2082;<br \/>\n<strong>\u2981 <\/strong>Baixa press\u00e3o de ar;<br \/>\n<strong>\u2981 <\/strong>Bateria fraca;<br \/>\n<strong>\u2981 <\/strong>Press\u00e3o inspirat\u00f3ria m\u00e1xima;<br \/>\n<strong>\u2981 <\/strong>Desconex\u00e3o do paciente;<br \/>\n<strong>\u2981 <\/strong>Press\u00e3o inspirat\u00f3ria m\u00ednima;<br \/>\n<strong>\u2981 <\/strong>FiO\u2082 menor que 19%;<br \/>\n<strong>\u2981 <\/strong>Press\u00e3o inspirat\u00f3ria negativa;<br \/>\n<strong>\u2981 <\/strong>FiO\u2082 m\u00ednimo;<br \/>\n<strong>\u2981 <\/strong>FiO\u2082 m\u00e1ximo;<br \/>\n<strong>\u2981 <\/strong>AA * m\u00e1ximo prim\u00e1rio inspirado;<br \/>\n<strong>\u2981 <\/strong>AA * m\u00e1ximo secund\u00e1rio inspirado;<br \/>\n<strong>\u2981 <\/strong>CO\u2082 inspirado m\u00e1ximo;<br \/>\n<strong>\u2981 <\/strong>CO\u2082 m\u00e1ximo expirado;<br \/>\n<strong>\u2981 <\/strong>CO\u2082 m\u00ednimo expirado;<br \/>\n<strong>\u2981 <\/strong>Volume corrente m\u00ednimo;<br \/>\n<strong>\u2981 <\/strong>Max inspirou N\u2082O;<br \/>\n<strong>\u2981 <\/strong>MAC maior ou igual a 3;<br \/>\n<strong>\u2981 <\/strong>Taxa inspirat\u00f3ria m\u00e1xima;<br \/>\n<strong>\u2981 <\/strong>Press\u00e3o de controle insuficiente;<br \/>\n<strong>\u2981 <\/strong>Falha t\u00e9cnica do sensor de g\u00e1s;<br \/>\n<strong>\u2981 <\/strong>Medi\u00e7\u00e3o de g\u00e1s errada;<br \/>\n<strong>\u2981 <\/strong>MAC menor que 3;<br \/>\n<strong>\u2981 <\/strong>N\u2082O inspirado m\u00ednimo;<br \/>\n<strong>\u2981 <\/strong>Volume corrente m\u00e1ximo;<br \/>\n<strong>\u2981 <\/strong>Alarme PEEP;<br \/>\n<strong>\u2981 <\/strong>Volume minuto m\u00ednimo;<br \/>\n<strong>\u2981 <\/strong>Volume minuto m\u00e1ximo;<br \/>\n<strong>\u2981 <\/strong>Desconex\u00e3o da rede de alimenta\u00e7\u00e3o.<\/p>\n<h6><strong>Caracter\u00edsticas Complementares<\/strong><\/h6>\n<p><strong>\u2981 <\/strong>Modulo de recircula\u00e7\u00e3o suporta esteriliza\u00e7\u00e3o por autoclave;<br \/>\n<strong>\u2981 <\/strong>Bot\u00e3o de flush de Oxig\u00eanio;<br \/>\n<strong>\u2981 <\/strong>Press\u00e3o pneum\u00e1tica de trabalho 2,8 a 7,0 Bar;<br \/>\n<strong>\u2981 <\/strong>Conex\u00e3o para cilindro reserva e comuta\u00e7\u00e3o autom\u00e1tica;<br \/>\n<strong>\u2981 <\/strong>Ilumina\u00e7\u00e3o do rot\u00e2metro e bancada;<br \/>\n<strong>\u2981 <\/strong>3 gavetas com divis\u00f3rias e chave;<br \/>\n<strong>\u2981 <\/strong>Man\u00f4metros de press\u00e3o de entrada para AR, O\u2082 e N\u2082O;<br \/>\n<strong>\u2981 <\/strong>Sa\u00edda ACGO, gases auxiliares;<br \/>\n<strong>\u2981 <\/strong>C\u00e2nister cal sodada com v\u00e1lvula by-pass;<br \/>\n<strong>\u2981 <\/strong>Hist\u00f3rico de alarmes e eventos dos \u00faltimos 1024 registros;<br \/>\n<strong>\u2981 <\/strong>3 Sa\u00eddas para tomadas auxiliares protegidas por fus\u00edvel;<br \/>\n<strong>\u2981 <\/strong>Cronometro integrado.<\/p>\n<p><strong>\u00a0<\/strong><\/p>\n<h6><strong>Teste Inicial do Circuito<\/strong><\/h6>\n<p><strong>\u2981 <\/strong>Verifica\u00e7\u00e3o do circuito paciente;<br \/>\n<strong>\u2981 <\/strong>Detec\u00e7\u00e3o do sensor de fluxo proximal;<br \/>\n<strong>\u2981 <\/strong>Calibra\u00e7\u00e3o sensor de fluxo proximal;<br \/>\n<strong>\u2981 <\/strong>Calibra\u00e7\u00e3o dos sensores de fluxo;<br \/>\n<strong>\u2981 <\/strong>Medi\u00e7\u00e3o das fugas do circuito;<br \/>\n<strong>\u2981 <\/strong>Medi\u00e7\u00e3o da complac\u00eancia est\u00e1tica do circuito;<br \/>\n<strong>\u2981 <\/strong>Teste da v\u00e1lvula proporcional de ar;<br \/>\n<strong>\u2981 <\/strong>Teste da v\u00e1lvula proporcional para controle de PEEP;<br \/>\n<strong>\u2981 <\/strong>Busca, inicializa\u00e7\u00e3o dos sensores de gases respirat\u00f3rios e Capnografia.<\/p>\n<h6><strong>Bateria Interna<\/strong><\/h6>\n<p><strong>\u2981 <\/strong>Tecnologia Li+ CC;<br \/>\n<strong>\u2981 <\/strong>Autonomia 6 horas;<br \/>\n<strong>\u2981 <\/strong>Vida \u00fatil 400 a 500 ciclos.<\/p>\n<h6><strong>Gr\u00e1ficos e Curvas<\/strong><\/h6>\n<p>At\u00e9 5 curvas simult\u00e2neas:<br \/>\n<strong>\u2981 <\/strong>Press\u00e3o \u2013 Tempo;<br \/>\n<strong>\u2981 <\/strong>Fluxo \u2013 Tempo;<br \/>\n<strong>\u2981 <\/strong>Volume \u2013 Tempo;<br \/>\n<strong>\u2981 <\/strong>Fluxo \u2013 Volume (loop);<br \/>\n<strong>\u2981 <\/strong>Volume \u2013 Press\u00e3o (loop);<br \/>\n<strong>\u2981 <\/strong>Press\u00e3o \u2013 Fluxo (loop);<br \/>\n<strong>\u2981 <\/strong>SPO\u2082 \u2013 Tempo;<br \/>\n<strong>\u2981 <\/strong>CO\u2082 \u2013 Tempo;<br \/>\n<strong>\u2981 <\/strong>CO\u2082 \u2013 Volume (loop);<br \/>\n<strong>\u2981 <\/strong>N\u2082O \u2013 Tempo;<br \/>\n<strong>\u2981 <\/strong>Aa1 \u2013 Tempo;<br \/>\n<strong>\u2981 <\/strong>Aa2 \u2013 Tempo.<\/p>\n<h6><strong>Opcionais<\/strong><\/h6>\n<p><strong>\u2981 <\/strong>Analisador agente anest\u00e9sico;<br \/>\n<strong>\u2981 <\/strong>Analisador de capnografia;<br \/>\n<strong>\u2981 <\/strong>Vaporizador Sovoflurano;<br \/>\n<strong>\u2981 <\/strong>Vaporizador Isoflurano;<br \/>\n<strong>\u2981 <\/strong>Fluxometro com umidificador;<br \/>\n<strong>\u2981 <\/strong>Sensor Oximetria;<br \/>\n<strong>\u2981 <\/strong>Filtro eletrost\u00e1tico bactericida.<\/p>\n<h6><strong>Acess\u00f3rios<\/strong><\/h6>\n<p><strong>\u2981 <\/strong>Modulo de recircula\u00e7\u00e3o;<br \/>\n<strong>\u2981 <\/strong>Circuito paciente adulto silicone ;<br \/>\n<strong>\u2981 <\/strong>Sensor de fluxo proximal adulto;<br \/>\n<strong>\u2981 <\/strong>Sensor de fluxo proximal neonatal;<br \/>\n<strong>\u2981 <\/strong>Mangueira de oxido nitroso;<br \/>\n<strong>\u2981 <\/strong>Mangueira de oxig\u00eanio;<br \/>\n<strong>\u2981 <\/strong>Mangueira de Ar Comprimido;<br \/>\n<strong>\u2981 <\/strong>Filtro coalescente de Ar Comprimido;<br \/>\n<strong>\u2981 <\/strong>Bal\u00e3o de testes com resist\u00eancia;<br \/>\n<strong>\u2981 <\/strong>C\u00e9lula Galv\u00e2nica;<br \/>\n<strong>\u2981 <\/strong>Cabo de alimenta\u00e7\u00e3o el\u00e9trica;<br \/>\n<strong>\u2981 <\/strong>Tamp\u00e3o alojamento c\u00e9lula galv\u00e2nica;<br \/>\n<strong>\u2981 <\/strong>Bal\u00e3o reservat\u00f3rio;<br \/>\n<strong>\u2981 <\/strong>Bra\u00e7o articulado;<br \/>\n<strong>\u2981 <\/strong>Chave para gavetas;<br \/>\n<strong>\u2981 <\/strong>Manual do usu\u00e1rio;<br \/>\n<strong>\u2981 <\/strong>Tampa protetora c\u00e9lula galv\u00e2nica;<br \/>\n<strong>\u2981 <\/strong>Adaptador para ACGO Mapleson ;<br \/>\n<strong>\u2981 <\/strong>Bra\u00e7o articulado para monitor multiparam\u00e9trico.<\/p>\n","protected":false},"excerpt":{"rendered":"<p>O Aparelho de Anestesia 1625++\u00a0\u00e9 um equipamento vers\u00e1til projetado para pacientes adultos, pedi\u00e1tricos e neonatais. Ele oferece diversos modos ventilat\u00f3rios, incluindo\u00a0Volume Controlado (VC),\u00a0Press\u00e3o Controlada (PC),\u00a0Press\u00e3o Regulada com Volume Controlado (PRVC),\u00a0Press\u00e3o de Suporte (PS),\u00a0SIMV (VC) + PS,\u00a0SIMV (PC) + PS\u00a0e\u00a0Manual Controlada pelo Profissional.<\/p>\n<p>Al\u00e9m disso, o ele possui caracter\u00edsticas complementares, como m\u00f3dulo de recircula\u00e7\u00e3o, ilumina\u00e7\u00e3o do rot\u00e2metro, hist\u00f3rico de alarmes e testes iniciais do circuito e oferece uma bateria interna com autonomia de 6 horas.<\/p>\n","protected":false},"featured_media":7868,"template":"","meta":{"inline_featured_image":false,"_monsterinsights_skip_tracking":false,"_monsterinsights_sitenote_active":false,"_monsterinsights_sitenote_note":"","_monsterinsights_sitenote_category":0},"product_brand":[],"product_cat":[87],"product_tag":[125,126],"class_list":{"0":"post-4249","1":"product","2":"type-product","3":"status-publish","4":"has-post-thumbnail","6":"product_cat-aparelho-de-anestesia","7":"product_tag-aparelhos-de-anestesia","8":"product_tag-leistung","10":"first","11":"instock","12":"shipping-taxable","13":"product-type-external"},"_links":{"self":[{"href":"https:\/\/onmedica.com.br\/te\/wp-json\/wp\/v2\/product\/4249","targetHints":{"allow":["GET"]}}],"collection":[{"href":"https:\/\/onmedica.com.br\/te\/wp-json\/wp\/v2\/product"}],"about":[{"href":"https:\/\/onmedica.com.br\/te\/wp-json\/wp\/v2\/types\/product"}],"wp:featuredmedia":[{"embeddable":true,"href":"https:\/\/onmedica.com.br\/te\/wp-json\/wp\/v2\/media\/7868"}],"wp:attachment":[{"href":"https:\/\/onmedica.com.br\/te\/wp-json\/wp\/v2\/media?parent=4249"}],"wp:term":[{"taxonomy":"product_brand","embeddable":true,"href":"https:\/\/onmedica.com.br\/te\/wp-json\/wp\/v2\/product_brand?post=4249"},{"taxonomy":"product_cat","embeddable":true,"href":"https:\/\/onmedica.com.br\/te\/wp-json\/wp\/v2\/product_cat?post=4249"},{"taxonomy":"product_tag","embeddable":true,"href":"https:\/\/onmedica.com.br\/te\/wp-json\/wp\/v2\/product_tag?post=4249"}],"curies":[{"name":"wp","href":"https:\/\/api.w.org\/{rel}","templated":true}]}}