{"id":4250,"date":"2022-08-13T07:57:42","date_gmt":"2022-08-13T07:57:42","guid":{"rendered":"https:\/\/tplabs.co\/pollock\/?post_type=product&#038;p=4250"},"modified":"2024-09-10T14:52:30","modified_gmt":"2024-09-10T17:52:30","slug":"autoclave-horizontal-linha-ohfv","status":"publish","type":"product","link":"https:\/\/onmedica.com.br\/te\/produto\/autoclave-horizontal-linha-ohfv\/","title":{"rendered":"Autoclave Horizontal Linha OHFV \u2013 Onix Cient\u00edfica"},"content":{"rendered":"<h6 style=\"text-align: center;\"><strong>C\u00c2MARA<\/strong><\/h6>\n<p style=\"text-align: center;\">C\u00e2mara interna com se\u00e7\u00e3o transversal quadrada, constru\u00edda em chapas de a\u00e7o inoxid\u00e1vel AISI 304L ou 316L, unidas por processo de soldagem TIG e refor\u00e7adas externamente por perfil \u201cU\u201d de a\u00e7o inoxid\u00e1vel AISI 304-L, unidas ao corpo por processo de soldagem MIG\/MAG e isolado externamente por manta de l\u00e3 de rocha e chapa de alum\u00ednio corrugado,\u00a0formando um conjunto que constitui a c\u00e2mara externa e a estrutura do vaso.<\/p>\n<h6 style=\"text-align: center;\"><strong>PORTAS<\/strong><\/h6>\n<p style=\"text-align: center;\">Porta com fechamento vertical semiautom\u00e1tico (acionado atrav\u00e9s de bot\u00e3o).<br \/>\nO sistema de veda\u00e7\u00e3o por guarni\u00e7\u00e3o de silicone.<\/p>\n<h6 style=\"text-align: center;\"><strong>ACABAMENTO INTERNO E EXTERNO<\/strong><\/h6>\n<p style=\"text-align: center;\">Nas paredes internas da autoclave polimento sanit\u00e1rio, gr\u00e3o 320.<br \/>\nExternamente o acabamento em a\u00e7o inoxid\u00e1vel escovado.<\/p>\n<h6 style=\"text-align: center;\"><strong>COMANDO ELETR\u00d4NICO<\/strong><\/h6>\n<p style=\"text-align: center;\">O comando da instala\u00e7\u00e3o \u00e9 realizado por Controlador L\u00f3gico Program\u00e1vel, digital de modo a visualizar facilmente os par\u00e2metros do processo de esteriliza\u00e7\u00e3o.<br \/>\nO software de programa\u00e7\u00e3o do CLP permite controlar totalmente o ciclo de esteriliza\u00e7\u00e3o, possibilitando a altera\u00e7\u00e3o de par\u00e2metros de ciclo, assim com a visualiza\u00e7\u00e3o de todo o processo atrav\u00e9s da IHM.<\/p>\n<p>&nbsp;<\/p>\n<table class=\" aligncenter\" style=\"height: 308px;\" width=\"797\">\n<tbody>\n<tr>\n<td rowspan=\"2\" width=\"124\">Modelo<\/td>\n<td rowspan=\"2\" width=\"93\">Volume<\/td>\n<td colspan=\"3\" width=\"449\">\u00a0Dimens\u00f5es Internas (mm)<\/td>\n<\/tr>\n<tr>\n<td width=\"155\">Alt.<\/td>\n<td width=\"124\">Larg.<\/td>\n<td width=\"171\">Prof.<\/td>\n<\/tr>\n<tr>\n<td width=\"124\">OHFV100<\/td>\n<td width=\"93\">100 LITROS<\/td>\n<td width=\"155\">410<\/td>\n<td width=\"124\">410<\/td>\n<td width=\"171\">600<\/td>\n<\/tr>\n<tr>\n<td width=\"124\">OHFV150<\/td>\n<td width=\"93\">150 LITROS<\/td>\n<td width=\"155\">410<\/td>\n<td width=\"124\">410<\/td>\n<td width=\"171\">1000<\/td>\n<\/tr>\n<tr>\n<td width=\"124\">OHFV200<\/td>\n<td width=\"93\">200 LITROS<\/td>\n<td width=\"155\">460<\/td>\n<td width=\"124\">460<\/td>\n<td width=\"171\">1000<\/td>\n<\/tr>\n<tr>\n<td width=\"124\">OHFV250<\/td>\n<td width=\"93\">250 LITROS<\/td>\n<td width=\"155\">460<\/td>\n<td width=\"124\">460<\/td>\n<td width=\"171\">1250<\/td>\n<\/tr>\n<tr>\n<td width=\"124\">OHFV360<\/td>\n<td width=\"93\">360 LITROS<\/td>\n<td width=\"155\">660<\/td>\n<td width=\"124\">460<\/td>\n<td width=\"171\">1250<\/td>\n<\/tr>\n<tr>\n<td width=\"124\">OHFV525<\/td>\n<td width=\"93\">526 LITROS<\/td>\n<td width=\"155\">660<\/td>\n<td width=\"124\">660<\/td>\n<td width=\"171\">1250<\/td>\n<\/tr>\n<tr>\n<td width=\"124\">OHFV700<\/td>\n<td width=\"93\">700 LITROS<\/td>\n<td width=\"155\">660<\/td>\n<td width=\"124\">660<\/td>\n<td width=\"171\">1650<\/td>\n<\/tr>\n<\/tbody>\n<\/table>\n<p>&nbsp;<\/p>\n<p>&nbsp;<\/p>\n<p>&nbsp;<\/p>\n<p>&nbsp;<\/p>\n<p>&nbsp;<\/p>\n<p style=\"text-align: center;\">Os esterilizadores podem ser produzidos com uma ou duas portas.<\/p>\n<p style=\"text-align: center;\">O esterilizador possui uma conex\u00e3o de 1\u201d NPT na parte superior, para a instala\u00e7\u00e3o dos sensores de monitoramento.<br \/>\nNos modelos 200, 250, 360, 525 e 700 litros acompanham 1 carrinho interno e 1 externo e duas bases deslizantes.<\/p>\n<p style=\"text-align: center;\">\n","protected":false},"excerpt":{"rendered":"<p>C\u00e2mara interna com se\u00e7\u00e3o transversal quadrada, constru\u00edda em chapas de a\u00e7o inoxid\u00e1vel AISI 304L ou 316L, unidas por processo de soldagem TIG e refor\u00e7adas externamente por perfil \u201cU\u201d de a\u00e7o inoxid\u00e1vel AISI 304-L, unidas ao corpo por processo de soldagem MIG\/MAG e isolado externamente por manta de l\u00e3 de rocha e chapa de alum\u00ednio corrugado,\u00a0formando um conjunto que constitui a c\u00e2mara externa e a estrutura do vaso.<\/p>\n","protected":false},"featured_media":7870,"template":"","meta":{"inline_featured_image":false,"_monsterinsights_skip_tracking":false,"_monsterinsights_sitenote_active":false,"_monsterinsights_sitenote_note":"","_monsterinsights_sitenote_category":0},"product_brand":[],"product_cat":[85],"product_tag":[113,128],"class_list":{"0":"post-4250","1":"product","2":"type-product","3":"status-publish","4":"has-post-thumbnail","6":"product_cat-autoclave","7":"product_tag-autoclave","8":"product_tag-onix","10":"first","11":"instock","12":"shipping-taxable","13":"product-type-external"},"_links":{"self":[{"href":"https:\/\/onmedica.com.br\/te\/wp-json\/wp\/v2\/product\/4250","targetHints":{"allow":["GET"]}}],"collection":[{"href":"https:\/\/onmedica.com.br\/te\/wp-json\/wp\/v2\/product"}],"about":[{"href":"https:\/\/onmedica.com.br\/te\/wp-json\/wp\/v2\/types\/product"}],"wp:featuredmedia":[{"embeddable":true,"href":"https:\/\/onmedica.com.br\/te\/wp-json\/wp\/v2\/media\/7870"}],"wp:attachment":[{"href":"https:\/\/onmedica.com.br\/te\/wp-json\/wp\/v2\/media?parent=4250"}],"wp:term":[{"taxonomy":"product_brand","embeddable":true,"href":"https:\/\/onmedica.com.br\/te\/wp-json\/wp\/v2\/product_brand?post=4250"},{"taxonomy":"product_cat","embeddable":true,"href":"https:\/\/onmedica.com.br\/te\/wp-json\/wp\/v2\/product_cat?post=4250"},{"taxonomy":"product_tag","embeddable":true,"href":"https:\/\/onmedica.com.br\/te\/wp-json\/wp\/v2\/product_tag?post=4250"}],"curies":[{"name":"wp","href":"https:\/\/api.w.org\/{rel}","templated":true}]}}