{"id":7714,"date":"2024-05-28T17:59:46","date_gmt":"2024-05-28T17:59:46","guid":{"rendered":"https:\/\/onmedica.com.br\/te\/?post_type=product&#038;p=7714"},"modified":"2024-07-09T15:20:46","modified_gmt":"2024-07-09T18:20:46","slug":"digimamo-d-series-mamografo-digital-de-alta-resolucao-vmi-medica","status":"publish","type":"product","link":"https:\/\/onmedica.com.br\/te\/produto\/digimamo-d-series-mamografo-digital-de-alta-resolucao-vmi-medica\/","title":{"rendered":"Digimamo D Series \u2013 Mam\u00f3grafo Digital de Alta Resolu\u00e7\u00e3o \u2013 VMI M\u00e9dica"},"content":{"rendered":"<h5><strong>Digimamo D Series<\/strong><\/h5>\n<p>&nbsp;<\/p>\n<h6><strong>Painel de opera\u00e7\u00e3o \/ Console<\/strong><\/h6>\n<p>De modo nativo, o painel de opera\u00e7\u00e3o do gerador Digimamo D \u00e9 integrado ao sistema de imagem de modo que todas as indica\u00e7\u00f5es e sele\u00e7\u00f5es t\u00e9cnicas para exposi\u00e7\u00e3o radiogr\u00e1fica ser\u00e3o mostradas no monitor, em conjunto com a imagem adquirida.<\/p>\n<h6><strong>Dados radiol\u00f3gicos<\/strong><\/h6>\n<p><strong>\u2981 <\/strong>Dispondo de tecnologia Ressonante de deslocamento de fases entre as comuta\u00e7\u00f5es das chaves eletr\u00f4nicas IGBT\u2019s e com transi\u00e7\u00f5es realizadas \u00e0 tens\u00e3o zero, o circuito ressonante elimina as perdas de energia de comuta\u00e7\u00e3o, reduz as interfer\u00eancias eletromagn\u00e9ticas e aumenta a vida \u00fatil do gerador, tubo de raios x e componentes eletr\u00f4nicos.<br \/>\n<strong>\u2981 <\/strong>Pot\u00eancia: 5 KW<br \/>\n<strong>\u2981 <\/strong>Faixa de Varia\u00e7\u00e3o de Kv\u2019s: 20 a 40, com incrementos no modo AEC de 0,1 Kv e no modo digital de 1 Kv.<br \/>\n<strong>\u2981 <\/strong>Faixas de mA (25, 32, 80, 125, 140) com sele\u00e7\u00e3o autom\u00e1tica em fun\u00e7\u00e3o do foco e Kv selecionados e o modo de exposi\u00e7\u00e3o.<br \/>\n<strong>\u2981 <\/strong>Sele\u00e7\u00e3o dos tempos definidos automaticamente em fun\u00e7\u00e3o dos mAs e mA selecionados.<br \/>\n<strong>\u2981 <\/strong>Sistema sincronizado entre o emissor e o receptor de raios x.<br \/>\n<strong>\u2981 <\/strong>Faixas de mAs (0,25 a 630) e (5 a 400) nos modos Manual e AEC respectivamente.<br \/>\n<strong>\u2981 <\/strong>Controle Autom\u00e1tico de Exposi\u00e7\u00e3o (AEC) disponibiliza: o Modo Autom\u00e1tico: O sistema calcula automaticamente o Kv e o mAs.<br \/>\n<strong>\u2981 <\/strong>Semi-Autom\u00e1tico: O sistema calcula automaticamente o mAs. O Kv \u00e9 selecionado pelo operador.<br \/>\n<strong>\u2981 <\/strong>Manual: O Kv e o mAs s\u00e3o selecionados pelo operador.<br \/>\n<strong>\u2981 <\/strong>Sele\u00e7\u00e3o de Densidade: Ajust\u00e1vel em 11 n\u00edveis (de -5 a +5) sendo a densidade padr\u00e3o o (0). Os ajustes s\u00e3o realizados diretamente no painel de controle.<br \/>\n<strong>\u2981 <\/strong>T\u00e9cnica otimizada.<br \/>\n<strong>\u2981 <\/strong>Prote\u00e7\u00e3o T\u00e9rmica do conjunto emissor de raios x (superaquecimento).<br \/>\n<strong>\u2981 <\/strong>Falha no circuito de filamento de sub e sobre corrente.<br \/>\n<strong>\u2981 <\/strong>Falha no circuito girat\u00f3rio de sub e sobre corrente.<br \/>\n<strong>\u2981 <\/strong>Prote\u00e7\u00e3o de sobrecarga no tubo de raios x.<br \/>\n<strong>\u2981 <\/strong>Tempo de exposi\u00e7\u00e3o acima do permitido.<br \/>\n<strong>\u2981 <\/strong>Todo controle \u00e9 realizado atrav\u00e9s de uma CPU (Esta\u00e7\u00e3o de Trabalho) parte integrante do Digimamo D.<\/p>\n<h6><strong>Conjunto emissor de raios X<\/strong><\/h6>\n<p><strong>\u2981 <\/strong>O Digimamo D possui sistema de medi\u00e7\u00e3o de dose aplicada no paciente (DAP) durante a exposi\u00e7\u00e3o radiogr\u00e1fica, realizando o registro das doses de\u00a0cada exposi\u00e7\u00e3o e tamb\u00e9m a dose total aplicada em todo o exame.<br \/>\n<strong>\u2981 <\/strong>Tubo de raios x de alta rota\u00e7\u00e3o (10.000 RPM) com anodo de Tungst\u00eanio.<br \/>\n<strong>\u2981 <\/strong>Microfoco de 0,1 mm de 4 KW e 0,3 mm de 16 KW.<br \/>\n<strong>\u2981 <\/strong>Alta Capacidade T\u00e9rmica do anodo de 300 KHU.<br \/>\n<strong>\u2981 <\/strong>Acionamento do anodo por impulso r\u00e1pido.<br \/>\n<strong>\u2981 <\/strong>Frenagem do anodo inteligente via software ap\u00f3s a exposi\u00e7\u00e3o garantindo maior vida \u00fatil ao tubo de raios x.<br \/>\n<strong>\u2981 <\/strong>Capacidade de acumula\u00e7\u00e3o de calor do conjunto emissor 375 Kj.<br \/>\n<strong>\u2981 <\/strong>Filtros com sele\u00e7\u00e3o autom\u00e1tica habilitada pelo usu\u00e1rio de molibd\u00eanio 30 \u03bcm e r\u00f3dio 25\u03bcm.<br \/>\n<strong>\u2981 <\/strong>Colima\u00e7\u00e3o do feixe de radia\u00e7\u00e3o 24\u00d730, 18\u00d724 e 9\u00d79 cm.<br \/>\n<strong>\u2981 <\/strong>Filtra\u00e7\u00e3o inerente de ber\u00edlio 0,5 mm.<\/p>\n<h6><strong>Coluna e bra\u00e7o porta tubo (Gantry)<\/strong><\/h6>\n<p><strong>\u2981 <\/strong>O conjunto coluna e bra\u00e7o porta tubo do Digimamo D, foi projetado para oferecer todo o conforto e seguran\u00e7a na realiza\u00e7\u00e3o dos exames de mamografias.<br \/>\n<strong>\u2981 <\/strong>Movimentos suaves com rampas de acelera\u00e7\u00e3o e desacelera\u00e7\u00e3o proporcionam r\u00e1pidos e precisos.<br \/>\n<strong>\u2981 <\/strong>Os pain\u00e9is de controle localizados dos lados direito e esquerdo possibilitam:<br \/>\n<strong>\u2981 <\/strong>Posicionar o bra\u00e7o automaticamente a 45 graus no sentido hor\u00e1rio e anti-hor\u00e1rio.<br \/>\n<strong>\u2981 <\/strong>Girar o bra\u00e7o para esquerda e para a direita (-180\u00ba, 0\u00ba, +180\u00ba).<br \/>\n<strong>\u2981 <\/strong>Movimentar o bra\u00e7o verticalmente.<br \/>\n<strong>\u2981 <\/strong>Selecionar o posicionamento do AEC (Controle Autom\u00e1tico de Exposi\u00e7\u00e3o).<br \/>\n<strong>\u2981 <\/strong>Acender a l\u00e2mpada do colimador.<br \/>\n<strong>\u2981 <\/strong>Selecionar para mais ou para menos o ponto de parada de compress\u00e3o da mama.<br \/>\n<strong>\u2981 <\/strong>Protetor facial remov\u00edvel.<br \/>\n<strong>\u2981 <\/strong>Display informativo.<br \/>\n<strong>\u2981 <\/strong>Knob\u2019s de ajuste de compress\u00e3o (ambos os lados).<br \/>\n<strong>\u2981 <\/strong>Al\u00e7as de apoio para as m\u00e3os (ambos os lados).<br \/>\n<strong>\u2981 <\/strong>Bot\u00e3o de emerg\u00eancia (ambos os lados).<br \/>\n<strong>\u2981 <\/strong>Pontos de fixa\u00e7\u00e3o do suporte para fatores de magnifica\u00e7\u00e3o de 1,5 e 1,8 vezes.<br \/>\n<strong>\u2981 <\/strong>Bucky\/Painel Digital 24\u00d730 cm, equipado com grades anti-difusoras de 335 l\/pol e raz\u00e3o 5:1 em fibra de carbono.<\/p>\n<h6><strong>Painel de captura de imagens digitais<\/strong><\/h6>\n<p><strong>\u2981 <\/strong>Painel de captura de imagens digitais plano de CsI\/a-Si ou a-Se<br \/>\n<strong>\u2981 <\/strong>\u00c1rea \u00fatil de 24\u00d730 cm.<br \/>\n<strong>\u2981 <\/strong>Resolu\u00e7\u00e3o de 3840 x 3072 pixels, totalizando 11,7 megapixels.<br \/>\n<strong>\u2981 <\/strong>Tamanho do pixel: 76 \u03bcm.<br \/>\n<strong>\u2981 <\/strong>Profundidade de Cores (A\/D): 16 bits.<br \/>\n<strong>\u2981 <\/strong>Cobertura de fibra de carbono.<br \/>\n<strong>\u2981 <\/strong>Sistema de movimenta\u00e7\u00e3o sincronizado com o conjunto emissor de raios x.<br \/>\n<strong>\u2981 <\/strong>Sistema de detec\u00e7\u00e3o de imagem totalmente integrado (nativo) \u00e0 plataforma do equipamento e ao software de aquisi\u00e7\u00e3o e tratamento de imagens digitais.<\/p>\n<h6><strong>Esta\u00e7\u00e3o de aquisi\u00e7\u00e3o de imagem digital<\/strong><\/h6>\n<p><strong>\u2981 <\/strong>Processador Core i7.<br \/>\n<strong>\u2981 <\/strong>Disco r\u00edgido de 1 TB de capacidade.<br \/>\n<strong>\u2981 <\/strong>Mem\u00f3ria RAM de 8 GB.<br \/>\n<strong>\u2981 <\/strong>Sistema Operacional Windows Professional.<br \/>\n<strong>\u2981 <\/strong>Monitor LED de 23 polegadas, de alta resolu\u00e7\u00e3o e touchscreen.<br \/>\n<strong>\u2981 <\/strong>Unidade Leitora e Gravadora de CD\/DVD.<br \/>\n<strong>\u2981 <\/strong>Software de Aquisi\u00e7\u00e3o de Imagens Digitais.<br \/>\n<strong>\u2981 <\/strong>Software totalmente em portugu\u00eas (BR).<\/p>\n<h6><strong>Acess\u00f3rios<\/strong><\/h6>\n<p><strong>\u2981 <\/strong>Ampliador (mesa de magnifica\u00e7\u00e3o) em policarbonato para fator de magnifica\u00e7\u00e3o de: (1,5 e 1,8) vezes.<br \/>\n<strong>\u2981 <\/strong>Bandejas de compress\u00e3o: 24\u00d730 cm, 18\u00d724 cm, spot localizado 9\u00d79 cm, pequenas mamas ou com pr\u00f3tese: 10x 23 cm.<br \/>\n<strong>\u2981 <\/strong>Bandejas fenestrada e de campo aberto.<br \/>\n<strong>\u2981 <\/strong>Bandeja de compress\u00e3o axilar: 08\u00d720 cm<br \/>\n<strong>\u2981 <\/strong>Bandeja de compress\u00e3o para Bi\u00f3psia 2D.<br \/>\n<strong>\u2981 <\/strong>M\u00e1scara de prote\u00e7\u00e3o facial.<br \/>\n<strong>\u2981 <\/strong>Suporte para acomoda\u00e7\u00e3o das bandejas no console de opera\u00e7\u00e3o.<br \/>\n<strong>\u2981 <\/strong>Outras bandejas dispon\u00edveis de acordo com a solicita\u00e7\u00e3o do cliente.<\/p>\n<p>&nbsp;<\/p>\n","protected":false},"excerpt":{"rendered":"<p>O Equipamento de Mamografia DIGIMAMO D, incorpora as \u00faltimas tecnologias e reflete o Estado da Arte em mam\u00f3grafos.<br \/>\nDesempenho, Alta Resolu\u00e7\u00e3o de Imagem, Seguran\u00e7a, Interatividade, Produtividade, Design Moderno e incorporando os \u00faltimos recursos tecnol\u00f3gicos de eletr\u00f4nica e software, fazem do DIGIMAMO D um dos mais completos e modernos equipamentos para mamografias em produ\u00e7\u00e3o no mundo. O Digimamo D foi desenvolvido com alto padr\u00e3o tecnol\u00f3gico na forma\u00e7\u00e3o da imagem digital e a robustez de um gerador de raios-x de alto desempenho. Seu detector digital de ultra defini\u00e7\u00e3o proporciona fidedignidade da imagem gerada para laudos precisos.<\/p>\n","protected":false},"featured_media":7867,"template":"","meta":{"inline_featured_image":false,"_monsterinsights_skip_tracking":false,"_monsterinsights_sitenote_active":false,"_monsterinsights_sitenote_note":"","_monsterinsights_sitenote_category":0},"product_brand":[],"product_cat":[92],"product_tag":[99,127],"class_list":{"0":"post-7714","1":"product","2":"type-product","3":"status-publish","4":"has-post-thumbnail","6":"product_cat-mamografos","7":"product_tag-mamografos","8":"product_tag-vmi","10":"first","11":"instock","12":"shipping-taxable","13":"product-type-external"},"_links":{"self":[{"href":"https:\/\/onmedica.com.br\/te\/wp-json\/wp\/v2\/product\/7714","targetHints":{"allow":["GET"]}}],"collection":[{"href":"https:\/\/onmedica.com.br\/te\/wp-json\/wp\/v2\/product"}],"about":[{"href":"https:\/\/onmedica.com.br\/te\/wp-json\/wp\/v2\/types\/product"}],"wp:featuredmedia":[{"embeddable":true,"href":"https:\/\/onmedica.com.br\/te\/wp-json\/wp\/v2\/media\/7867"}],"wp:attachment":[{"href":"https:\/\/onmedica.com.br\/te\/wp-json\/wp\/v2\/media?parent=7714"}],"wp:term":[{"taxonomy":"product_brand","embeddable":true,"href":"https:\/\/onmedica.com.br\/te\/wp-json\/wp\/v2\/product_brand?post=7714"},{"taxonomy":"product_cat","embeddable":true,"href":"https:\/\/onmedica.com.br\/te\/wp-json\/wp\/v2\/product_cat?post=7714"},{"taxonomy":"product_tag","embeddable":true,"href":"https:\/\/onmedica.com.br\/te\/wp-json\/wp\/v2\/product_tag?post=7714"}],"curies":[{"name":"wp","href":"https:\/\/api.w.org\/{rel}","templated":true}]}}