{"id":7720,"date":"2024-05-28T18:01:15","date_gmt":"2024-05-28T18:01:15","guid":{"rendered":"https:\/\/onmedica.com.br\/te\/?post_type=product&#038;p=7720"},"modified":"2024-07-09T15:22:08","modified_gmt":"2024-07-09T18:22:08","slug":"digimamo-s-series-mamografo-de-alta-resolucao-alta-definicao-e-performance-vmi-medica","status":"publish","type":"product","link":"https:\/\/onmedica.com.br\/te\/produto\/digimamo-s-series-mamografo-de-alta-resolucao-alta-definicao-e-performance-vmi-medica\/","title":{"rendered":"Digimamo S Series \u2013 Mam\u00f3grafo de Alta Resolu\u00e7\u00e3o \u2013 VMI M\u00e9dica"},"content":{"rendered":"<h5><strong>Digimamo S\u00a0<\/strong><\/h5>\n<h6><strong>Comando\/Gerador<\/strong><\/h6>\n<p><strong>\u2981 <\/strong>Pot\u00eancia m\u00e1xima de sa\u00edda do gerador de 5,0 kW;<br \/>\n<strong>\u2981 <\/strong>Alimenta\u00e7\u00e3o monof\u00e1sica\/bif\u00e1sica de 220 Vac \u2013 50 \/60 Hz;<br \/>\n<strong>\u2981 <\/strong>Gerador de Alta frequ\u00eancia com sistema microprocessado;<br \/>\n<strong>\u2981 <\/strong>Tecnologia Ressonante empregada no inversor de frequ\u00eancia do gerador de Raios-X, aumentando a vida \u00fatil dos componentes eletr\u00f4nicos de pot\u00eancia e reduzindo a emiss\u00e3o de ru\u00eddos eletromagn\u00e9ticos;<br \/>\n<strong>\u2981 <\/strong>Sistema de intertravamento com supervis\u00e3o digital dos movimentos motorizados do bra\u00e7o, vertical, rota\u00e7\u00e3o e compress\u00e3o;<br \/>\n<strong>\u2981 <\/strong>Ajuste de kV de 20 a 40 kV, com passos de 1 kV;<br \/>\n<strong>\u2981 <\/strong>Faixa de mAs com valor nominal de 630 mAs;<br \/>\n<strong>\u2981 <\/strong>Corrente radiogr\u00e1fica com elevado valor de mA;<br \/>\n<strong>\u2981 <\/strong>Visualiza\u00e7\u00e3o dos par\u00e2metros radiol\u00f3gicos: kV, mA e mAs;<br \/>\n<strong>\u2981 <\/strong>Sistema de detec\u00e7\u00e3o autom\u00e1tica de eventuais falhas do sistema com prote\u00e7\u00e3o eletr\u00f4nica redundante;<br \/>\n<strong>\u2981 <\/strong>Prote\u00e7\u00e3o t\u00e9rmica do tubo integrada \u00e0 curva de carga do mesmo;<br \/>\n<strong>\u2981 <\/strong>Freio inteligente do sistema de anodo do Tubo de Raios-X, aumentando a vida \u00fatil do componente de mais alto valor agregado;<br \/>\n<strong>\u2981 <\/strong>Controle autom\u00e1tico de exposi\u00e7\u00e3o atrav\u00e9s de software embarcado;<br \/>\n<strong>\u2981 <\/strong>Sistema de realimenta\u00e7\u00e3o de exposi\u00e7\u00e3o de dose com leitura direta, via sistema microprocessado, com software espec\u00edfico de atua\u00e7\u00e3o no controle de pot\u00eancia \/ alta-tens\u00e3o do gerador;<br \/>\n<strong>\u2981 <\/strong>Sele\u00e7\u00e3o de t\u00e9cnicas: autom\u00e1tica, semiautom\u00e1tica e manual;<br \/>\n<strong>\u2981 <\/strong>Software espec\u00edfico de calibra\u00e7\u00e3o do sistema autom\u00e1tico de dose, via matriz de dados para ajuste do controle de qualidade de imagem;<\/p>\n<h6><strong>Tubo de Raios-X<\/strong><\/h6>\n<p><strong>\u2981 <\/strong>Tubo de Raios X para mamografia com Anodo de Molibdenio- e microfocos de no m\u00e1ximo 0,1 mm e 0,3 mm;<br \/>\n<strong>\u2981 <\/strong>Filtros de Molibd\u00eanio e R\u00f3dio, com sele\u00e7\u00e3o autom\u00e1tica habilitada pelo usu\u00e1rio;<br \/>\n<strong>\u2981 <\/strong>Capacidade t\u00e9rmica do \u00e2nodo girat\u00f3rio m\u00ednima de 300 KHU;<br \/>\n<strong>\u2981 <\/strong>Colima\u00e7\u00e3o do feixe de radia\u00e7\u00e3o;<br \/>\n<strong>\u2981 <\/strong>Filtra\u00e7\u00e3o inerente de Ber\u00edlio;<\/p>\n<h6><strong>Bra\u00e7o Motorizado<\/strong><\/h6>\n<p><strong>\u2981 <\/strong>Deslocamento vertical de 620 mm, motorizado permitindo radiografias do paciente em p\u00e9, assentado ou em maca especial;<br \/>\n<strong>\u2981 <\/strong>Movimento de rota\u00e7\u00e3o motorizada em no m\u00ednimo de +180 graus\/ -180 graus;<br \/>\n<strong>\u2981 <\/strong>Compress\u00e3o motorizada, com sensor autom\u00e1tico de parada e ajuste digital;<br \/>\n<strong>\u2981 <\/strong>Descompress\u00e3o autom\u00e1tica ap\u00f3s o t\u00e9rmino da emiss\u00e3o de raios-X, selecion\u00e1vel;<br \/>\n<strong>\u2981 <\/strong>Software dedicado de calibra\u00e7\u00e3o de compress\u00e3o via microprocessador de alta capacidade processamento;<br \/>\n<strong>\u2981 <\/strong>Bucky para cassetes 18 x 24 e opcional 24 x 30 cm;<br \/>\n<strong>\u2981 <\/strong>Grade antidifusora com velocidade linear constante, 5:1, 31 linhas\/cm e distancia focal de 650 mm;<br \/>\n<strong>\u2981 <\/strong>Bandejas de compress\u00e3o para 24\u00d730, 18 x 24, spot localizado, axilar e magnifica\u00e7\u00e3o;<br \/>\n<strong>\u2981 <\/strong>Fator de Magnifica\u00e7\u00e3o de 1,5 e 1,8 x;<br \/>\n<strong>\u2981 <\/strong>Libera\u00e7\u00e3o manual de emerg\u00eancia quando da falta de alimenta\u00e7\u00e3o de energia no sistema;<br \/>\n<strong>\u2981 <\/strong>Sistema com escala graduada para compressor fenestrado, para localiza\u00e7\u00e3o de agulhamento em bi\u00f3psia localizada;<\/p>\n<h6><strong>Opcional:<\/strong><\/h6>\n<h6><strong>Tubo de Raios-X especial<\/strong><\/h6>\n<p><strong>\u2981 <\/strong>Tubo de Raios X para mamografia, Anodo de Tungst\u00eanio e microfocos de 0,1 mm e 0,3 mm;<br \/>\n<strong>\u2981 <\/strong>Filtros de Molibd\u00eanio e R\u00f3dio, com sele\u00e7\u00e3o autom\u00e1tica habilitada pelo usu\u00e1rio;<br \/>\n<strong>\u2981 <\/strong>Capacidade t\u00e9rmica do \u00e2nodo girat\u00f3rio m\u00ednima de 300 KHU;<br \/>\n<strong>\u2981 <\/strong>Colima\u00e7\u00e3o do feixe de radia\u00e7\u00e3o;<br \/>\n<strong>\u2981 <\/strong>Filtra\u00e7\u00e3o inerente de Ber\u00edlio;<\/p>\n<p>&nbsp;<\/p>\n","protected":false},"excerpt":{"rendered":"<p>O\u00a0<strong>Digimamo S<\/strong>\u00a0proporciona os posicionamentos adequados e qualidade de imagem para o diagn\u00f3stico precoce das patologias mam\u00e1rias com suavidade, conforto, seguran\u00e7a e dose reduzida. Seu gerador com tecnologia ressonante aumenta a vida \u00fatil do tubo de raios-X e componentes eletr\u00f4nicos, disponibilizando imagens em alta defini\u00e7\u00e3o para resultados precisos.<\/p>\n","protected":false},"featured_media":7863,"template":"","meta":{"inline_featured_image":false,"_monsterinsights_skip_tracking":false,"_monsterinsights_sitenote_active":false,"_monsterinsights_sitenote_note":"","_monsterinsights_sitenote_category":0},"product_brand":[],"product_cat":[92],"product_tag":[99,127],"class_list":{"0":"post-7720","1":"product","2":"type-product","3":"status-publish","4":"has-post-thumbnail","6":"product_cat-mamografos","7":"product_tag-mamografos","8":"product_tag-vmi","10":"first","11":"instock","12":"shipping-taxable","13":"product-type-external"},"_links":{"self":[{"href":"https:\/\/onmedica.com.br\/te\/wp-json\/wp\/v2\/product\/7720","targetHints":{"allow":["GET"]}}],"collection":[{"href":"https:\/\/onmedica.com.br\/te\/wp-json\/wp\/v2\/product"}],"about":[{"href":"https:\/\/onmedica.com.br\/te\/wp-json\/wp\/v2\/types\/product"}],"wp:featuredmedia":[{"embeddable":true,"href":"https:\/\/onmedica.com.br\/te\/wp-json\/wp\/v2\/media\/7863"}],"wp:attachment":[{"href":"https:\/\/onmedica.com.br\/te\/wp-json\/wp\/v2\/media?parent=7720"}],"wp:term":[{"taxonomy":"product_brand","embeddable":true,"href":"https:\/\/onmedica.com.br\/te\/wp-json\/wp\/v2\/product_brand?post=7720"},{"taxonomy":"product_cat","embeddable":true,"href":"https:\/\/onmedica.com.br\/te\/wp-json\/wp\/v2\/product_cat?post=7720"},{"taxonomy":"product_tag","embeddable":true,"href":"https:\/\/onmedica.com.br\/te\/wp-json\/wp\/v2\/product_tag?post=7720"}],"curies":[{"name":"wp","href":"https:\/\/api.w.org\/{rel}","templated":true}]}}