{"id":7740,"date":"2024-05-28T20:44:00","date_gmt":"2024-05-28T20:44:00","guid":{"rendered":"https:\/\/onmedica.com.br\/te\/?post_type=product&#038;p=7740"},"modified":"2024-07-09T16:12:27","modified_gmt":"2024-07-09T19:12:27","slug":"monitor-multiparametro-para-triagem-vita-200e-tela-56%e2%80%b3-alfamed","status":"publish","type":"product","link":"https:\/\/onmedica.com.br\/te\/produto\/monitor-multiparametro-para-triagem-vita-200e-tela-56%e2%80%b3-alfamed\/","title":{"rendered":"Monitor Multipar\u00e2metro Para Triagem Vita 200e Tela 5,6\u2033 \u2013 Alfamed"},"content":{"rendered":"<h6><strong>Caracter\u00edsticas Gerais<\/strong><\/h6>\n<p><strong>\u2981 <\/strong>Tela TF LCD 5.6\u2033 640\u00d7480;<\/p>\n<p><strong>\u2981 <\/strong>Compacto e Resistente;<\/p>\n<p><strong>\u2981 <\/strong>Comunica\u00e7\u00e3o bidirecional com Central de Monitoramento;<\/p>\n<p><strong>\u2981 <\/strong>Suporte para maca\/transporte;<\/p>\n<p><strong>\u2981 <\/strong>Wireless;<\/p>\n<p><strong>\u2981 <\/strong>Impressora Integrada;<\/p>\n<p><strong>\u2981 <\/strong>Term\u00f4metro Infravermelho Auricular (opcionais);<\/p>\n<h6><strong>Configura\u00e7\u00f5es Flex\u00edveis<\/strong><\/h6>\n<p><strong>\u2981 <\/strong>O Monitor VITA 200e possui configura\u00e7\u00f5es flex\u00edveis podendo ser utilizado como um Ox\u00edmetro de Mesa at\u00e9 um Monitor de Sinais B\u00e1sicos;<\/p>\n<p><strong>\u2981 <\/strong>Somente SpO2;<\/p>\n<p><strong>\u2981 <\/strong>Somente PNI;<\/p>\n<p><strong>\u2981 <\/strong>SpO2 + PNI;<\/p>\n<p><strong>\u2981 <\/strong>SpO2 + TEMP r\u00e1pida;<\/p>\n<p><strong>\u2981 <\/strong>PNI + TEMP r\u00e1pida;<\/p>\n<p><strong>\u2981 <\/strong>SpO2 + PNI + TEMP r\u00e1pida;<\/p>\n<h6><strong>Otimiza\u00e7\u00e3o da exatid\u00e3o da medi\u00e7\u00e3o<\/strong><\/h6>\n<p>O Monitor VITA 200e possui a soma de diversas tecnologias mais requisitadas por profissionais de sa\u00fade de todo o mundo para ser a solu\u00e7\u00e3o mais completa em monitoramento. Nossos especialistas desenvolveram algoritmos especiais para garantir estabilidade da medi\u00e7\u00e3o em dif\u00edceis condi\u00e7\u00f5es de uso e garantir maior exatid\u00e3o dos sinais vitais observados.<\/p>\n<h6><strong>Arquitetura Interna Modular<\/strong><\/h6>\n<p>Deslocar o equipamento do seu local padr\u00e3o de utiliza\u00e7\u00e3o \u00e9 uma realidade eventual. Por isso, o VITA 200e foi equipado com baterias de longa dura\u00e7\u00e3o para que quando precisar ser deslocado do seu local habitual ou durante o transporte de algum paciente tenha seu uso poss\u00edvel durante v\u00e1rias horas sem necessidade de recarga.<\/p>\n<h6><strong>Bateria de Longa Dura\u00e7\u00e3o<\/strong><\/h6>\n<p>O Monitor VITA 200e foi desenvolvido com arquitetura interna modular para garantir enorme flexibilidade \u00e0 solu\u00e7\u00e3o. Pode ser configurado como Ox\u00edmetro de Mesa \/ Monitor de Oximetria at\u00e9 um Monitor de Sinais B\u00e1sicos Fisiol\u00f3gicos para ser utilizado durante a triagem do paciente ou homecare. (Consulte as op\u00e7\u00f5es poss\u00edveis na aba \u201cPar\u00e2metros).<\/p>\n<h6><strong>Compat\u00edvel com a rede hospitalar<\/strong><\/h6>\n<p>Compat\u00edvel com Sistema Hospitalar HL7\/HIS e Central de Monitoramento VITA para monitorar status do paciente \u00e0 dist\u00e2ncia pelo tablet e smartphone.<\/p>\n<h6><strong>Design Port\u00e1til<\/strong><\/h6>\n<p>O Monitor VITA 200e foi desenvolvido com um espetacular design para adapta\u00e7\u00e3o em v\u00e1rias situa\u00e7\u00f5es cl\u00ednicas.<\/p>\n<h6><strong>Wireless<\/strong><\/h6>\n<p>A tecnologia wireless \u00e9 essencial para conectar os equipamentos com os mais recentes sistemas hospitalares e Central de Monitoramento.<\/p>\n<h6><strong>Excelente visibilidade de tela<\/strong><\/h6>\n<p>Possui uma tela ampla com exibi\u00e7\u00e3o simult\u00e2nea da satura\u00e7\u00e3o de oxig\u00eanio, frequ\u00eancia de pulso, \u00edndice de perfus\u00e3o, bargraph, curva de plestimografia, identifica\u00e7\u00e3o de paciente.<\/p>\n<h6><strong>Comunica\u00e7\u00e3o Bi-Direcional com Central de Monitoramento<\/strong><\/h6>\n<p>Para gerenciamento e monitoramento eficaz \u00e0 dist\u00e2ncia o Monitor VITA 200e \u00e9 compat\u00edvel com a Central de Monitoramento VITA.<\/p>\n<p>&nbsp;<\/p>\n","protected":false},"excerpt":{"rendered":"<p>O Monitor VITA 200e foi desenvolvido especialmente para ser uma solu\u00e7\u00e3o perfeita para utiliza\u00e7\u00e3o durante a triagem de pacientes e aplica\u00e7\u00e3o em pacientes ambulatoriais, enfermarias e\u00a0homecare. Seu design diferenciado e configura\u00e7\u00f5es flex\u00edveis permite que o Monitor VITA 200e adapte com facilidade em diversas situa\u00e7\u00f5es de uso devido \u00e0 versatilidade de seus par\u00e2metros e tamanho.<\/p>\n<p>Uma interface amig\u00e1vel atrav\u00e9s de um sistema de manuseio intuitivo facilita o uso e aprendizado por m\u00e9dicos e enfermeiros, al\u00e9m de trazer fidelidade na obten\u00e7\u00e3o de sinais vistais pela alta tecnologia de medi\u00e7\u00e3o. Tamanho, leveza e tela LED de 5.6\u2033, o Monitor VITA 200e traz o conforto e seguran\u00e7a necess\u00e1rios equipes m\u00e9dicas que cuidam bem de seus pacientes.<\/p>\n","protected":false},"featured_media":7872,"template":"","meta":{"inline_featured_image":false,"_monsterinsights_skip_tracking":false,"_monsterinsights_sitenote_active":false,"_monsterinsights_sitenote_note":"","_monsterinsights_sitenote_category":0},"product_brand":[],"product_cat":[94],"product_tag":[130,101],"class_list":{"0":"post-7740","1":"product","2":"type-product","3":"status-publish","4":"has-post-thumbnail","6":"product_cat-monitor-multiparametrico","7":"product_tag-alfamed","8":"product_tag-monitor-multiparametrico","10":"first","11":"instock","12":"shipping-taxable","13":"product-type-external"},"_links":{"self":[{"href":"https:\/\/onmedica.com.br\/te\/wp-json\/wp\/v2\/product\/7740","targetHints":{"allow":["GET"]}}],"collection":[{"href":"https:\/\/onmedica.com.br\/te\/wp-json\/wp\/v2\/product"}],"about":[{"href":"https:\/\/onmedica.com.br\/te\/wp-json\/wp\/v2\/types\/product"}],"wp:featuredmedia":[{"embeddable":true,"href":"https:\/\/onmedica.com.br\/te\/wp-json\/wp\/v2\/media\/7872"}],"wp:attachment":[{"href":"https:\/\/onmedica.com.br\/te\/wp-json\/wp\/v2\/media?parent=7740"}],"wp:term":[{"taxonomy":"product_brand","embeddable":true,"href":"https:\/\/onmedica.com.br\/te\/wp-json\/wp\/v2\/product_brand?post=7740"},{"taxonomy":"product_cat","embeddable":true,"href":"https:\/\/onmedica.com.br\/te\/wp-json\/wp\/v2\/product_cat?post=7740"},{"taxonomy":"product_tag","embeddable":true,"href":"https:\/\/onmedica.com.br\/te\/wp-json\/wp\/v2\/product_tag?post=7740"}],"curies":[{"name":"wp","href":"https:\/\/api.w.org\/{rel}","templated":true}]}}