{"id":7873,"date":"2024-06-06T20:17:28","date_gmt":"2024-06-06T20:17:28","guid":{"rendered":"https:\/\/onmedica.com.br\/te\/?post_type=product&#038;p=7873"},"modified":"2024-07-09T16:20:02","modified_gmt":"2024-07-09T19:20:02","slug":"eletrocardiografo-12-canais-compassus-3000-alfamed","status":"publish","type":"product","link":"https:\/\/onmedica.com.br\/te\/produto\/eletrocardiografo-12-canais-compassus-3000-alfamed\/","title":{"rendered":"Eletrocardi\u00f3grafo 12 Canais Compassus 3000 \u2013  Alfamed"},"content":{"rendered":"<p>O Eletrocardi\u00f3grafo Compassus 3000 Alfamed possui tela de LCD colorida de 5\u201d 320 x 240 para visualiza\u00e7\u00e3o simult\u00e2nea dos 12 tra\u00e7ados de ECG em tempo real e dos par\u00e2metros de ajuste; Captura simult\u00e2nea dos 12 canais de deriva\u00e7\u00f5es (I,II,III,aVR,aVL,aVF,V1,V2,V3,V4,V5,V6) Detec\u00e7\u00e3o autom\u00e1tica de pulso de marca-passo; Teclado touch screen alfa num\u00e9rico com simples opera\u00e7\u00e3o e com bot\u00f5es de \u00fanico toque; Mem\u00f3ria interna para armazenamento de at\u00e9 100 registros de ECG para posterior impress\u00e3o ou transfer\u00eancia em PDF atrav\u00e9s de rede ethernet ou conex\u00e3o USB; Software em Portugu\u00eas; Recurso de desligamento autom\u00e1tico quando o equipamento n\u00e3o estiver em uso; Porta USB para comunica\u00e7\u00e3o com microcomputadores; Papel t\u00e9rmico de 80mm;<\/p>\n<h6><strong>Modo de opera\u00e7\u00e3o<\/strong><\/h6>\n<p><strong>\u2981 <\/strong>Manual; autom\u00e1ticos, ritmo, selecion\u00e1veis;<\/p>\n<h6><strong>Registro<\/strong><\/h6>\n<p><strong>\u2981 <\/strong>Aquisi\u00e7\u00e3o simult\u00e2nea dos 12 canais de deriva\u00e7\u00f5es com cabo paciente de 10 vias;<br \/>\n<strong>\u2981 <\/strong> Registro atrav\u00e9s de impressora t\u00e9rmica de alta resolu\u00e7\u00e3o;<br \/>\n<strong>\u2981 <\/strong> Permite inserir os dados do paciente como nome, idade, sexo, peso, altura e press\u00e3o arterial;<br \/>\n<strong>\u2981 <\/strong> Impress\u00e3o com ID, frequ\u00eancia card\u00edaca, ganho, velocidade, deriva\u00e7\u00e3o, data e hora, medi\u00e7\u00f5es<br \/>\nde QRS\/QT\/PR;<br \/>\n<strong>\u2981 <\/strong> Permite impress\u00e3o 12 canais atrav\u00e9s de impressora externa conectada diretamente ao<br \/>\neletrocardi\u00f3grafo;<br \/>\n<strong>\u2981 <\/strong> Possibilidade de exportar arquivos nos formatos DAT, PDF, DICOM, SCP, FDA, XML.<br \/>\n<strong>\u2981 <\/strong> Laudo interpretativo: Fun\u00e7\u00e3o de interpreta\u00e7\u00e3o para aux\u00edlio no diagn\u00f3stico m\u00e9dico atrav\u00e9s do<br \/>\nc\u00f3digo de Minnesota de classifica\u00e7\u00e3o de -arritmias;<br \/>\n<strong>\u2981 <\/strong>Ajuste autom\u00e1tico da linha de base otimizando o posicionamento da impress\u00e3o;<br \/>\n<strong>\u2981 <\/strong>Copia autom\u00e1tica do ultimo exame realizado atrav\u00e9s de bot\u00e3o copy;<br \/>\n<strong>\u2981 <\/strong> Velocidade de impress\u00e3o: Modo manual e ritmo: 5mm\/s, 6.25mm\/s, 10mm\/s, 12.5mm\/s,<br \/>\n25mm\/s, 50mm\/s (\u00b13%);Modo Auto\/USB: \u2013 25mm\/s, 50mm\/s; Brilho e contraste ajust\u00e1veis;<br \/>\n<strong>\u2981 <\/strong> Tempo de dura\u00e7\u00e3o de impress\u00e3o do grupo de deriva\u00e7\u00f5es no modo autom\u00e1tico: 2,5 a 10<br \/>\nsegundos;<\/p>\n<h6><strong>Indicadores<\/strong><\/h6>\n<p><strong>\u2981 <\/strong>Indicador de ligado \u00e0 rede el\u00e9trica, funcionamento \u00e0 bateria e recarregando a bateria;<br \/>\n<strong>\u2981 <\/strong> Indicador e detec\u00e7\u00e3o da deriva\u00e7\u00e3o;<br \/>\n<strong>\u2981 <\/strong> Indicador de eletrodo solto;<br \/>\n<strong>\u2981 <\/strong> Indicador de falta de papel;<br \/>\n<strong>\u2981 <\/strong> Indicador de n\u00edvel de carga da bateria;<br \/>\n<strong>\u2981 <\/strong> Bip QRS;<\/p>\n<h6><strong>Sensibilidade (Ganho)<\/strong><\/h6>\n<p><strong>\u2981 <\/strong> Selecion\u00e1vel: 10 mm\/mV(N), 20 mm\/mV(2N), 2.5 mm\/mV, 5 mm\/mV(N\/2);<\/p>\n<h6><strong>Interface<\/strong><\/h6>\n<p><strong>\u2981 <\/strong>Interface de comunica\u00e7\u00e3o USB (2 portas);<br \/>\n<strong>\u2981 <\/strong> Interface cart\u00e3o SD;<br \/>\n<strong>\u2981 <\/strong>Porta de rede ethernet RJ45;<\/p>\n<h6><strong>Prote\u00e7\u00e3o<\/strong><\/h6>\n<p><strong>\u2981 <\/strong> Filtros digitais completos contra interfer\u00eancias de rede el\u00e9trica (60Hz) e tremor muscular e<br \/>\nartefatos de movimentos;<br \/>\n<strong>\u2981 <\/strong> Ajuste autom\u00e1tica de linha base;<br \/>\n<strong>\u2981 <\/strong> Circuito de entrada flutuante e isolada;<br \/>\n<strong>\u2981 <\/strong> Circuito de prote\u00e7\u00e3o contra desfibriladores, Bisturi Eletr\u00f4nico, marcapasso;<\/p>\n<h6><strong>Alimenta\u00e7\u00e3o<\/strong><\/h6>\n<p><strong>\u2981 <\/strong> Funcionamento atrav\u00e9s de rede el\u00e9trica bivolt autom\u00e1tico 100 a 240V \u2013 50\/60Hz;<br \/>\n<strong>\u2981 <\/strong> Bateria interna recarreg\u00e1vel de l\u00edtio com autonomia de pelo menos 8 horas, sem efeito<br \/>\nmem\u00f3ria e gravar 330 relat\u00f3rios no m\u00e1ximo no modo AUTO;<\/p>\n<h6><strong>Peso<\/strong><\/h6>\n<p><strong>\u2981 <\/strong> Peso m\u00e1ximo de 1 kg com bateria.<\/p>\n<h6><strong>Faixa<\/strong><\/h6>\n<p><strong>\u2981 <\/strong> Faixa de frequ\u00eancia card\u00edaca 30 a 300 BPM;<br \/>\n<strong>\u2981 <\/strong> Calibra\u00e7\u00e3o de tens\u00e3o 1mV \u00b13%;<br \/>\n<strong>\u2981 <\/strong> Imped\u00e2ncia de entrada =2,5MO (10Hz);<br \/>\n<strong>\u2981 <\/strong> Resposta de frequ\u00eancia 0.05Hz~150Hz (-3dB);<br \/>\n<strong>\u2981 <\/strong> Rejei\u00e7\u00e3o de modo comum para sinais de 60 Hz, &gt;90DB;<\/p>\n<h6><strong>Acompanha<\/strong><\/h6>\n<p><strong>\u2981 <\/strong>01 Cabo paciente de 10 vias;<br \/>\n<strong>\u2981 <\/strong> 01 Conjunto de Eletrodos para membros;<br \/>\n<strong>\u2981 <\/strong> 01 Conjunto de eletrodos pr\u00e9-cordiais;<br \/>\n<strong>\u2981 <\/strong> 01 Cabo de alimenta\u00e7\u00e3o 3 pinos padr\u00e3o ABNT;<br \/>\n<strong>\u2981 <\/strong> 03 Bobinas de papel para registros de exames;<br \/>\n<strong>\u2981 <\/strong>01 Adaptador de alimenta\u00e7\u00e3o;<br \/>\n<strong>\u2981 <\/strong>01 Bateria de l\u00edtio recarreg\u00e1vel;<br \/>\n<strong>\u2981 <\/strong>01 Manual do Usu\u00e1rio em Portugu\u00eas.<\/p>\n<h6><strong>Garantia<\/strong><\/h6>\n<p>12(doze) meses, contra defeitos de fabrica\u00e7\u00e3o, exceto acess\u00f3rios, que possuem garantia de 03<br \/>\n(tr\u00eas) meses.<\/p>\n","protected":false},"excerpt":{"rendered":"<p>O Eletrocardi\u00f3grafo Compassus 3000 Alfamed possui tela de LCD colorida de 5\u201d 320 x 240 para visualiza\u00e7\u00e3o simult\u00e2nea dos 12 tra\u00e7ados de ECG em tempo real e dos par\u00e2metros de ajuste, captura simult\u00e2nea dos 12 canais de deriva\u00e7\u00f5es (I,II,III,aVR,aVL,aVF,V1,V2,V3,V4,V5,V6), detec\u00e7\u00e3o autom\u00e1tica de pulso de marca-passo, Teclado touch screen alfa num\u00e9rico com simples opera\u00e7\u00e3o e com bot\u00f5es de \u00fanico toque; Mem\u00f3ria interna para armazenamento de at\u00e9 100 registros de ECG para posterior impress\u00e3o ou transfer\u00eancia em PDF atrav\u00e9s de rede ethernet ou conex\u00e3o USB, al\u00e9m de diversas outras funcionalidades.<\/p>\n","protected":false},"featured_media":7874,"template":"","meta":{"inline_featured_image":false,"_monsterinsights_skip_tracking":false,"_monsterinsights_sitenote_active":false,"_monsterinsights_sitenote_note":"","_monsterinsights_sitenote_category":0},"product_brand":[],"product_cat":[90],"product_tag":[130,111],"class_list":{"0":"post-7873","1":"product","2":"type-product","3":"status-publish","4":"has-post-thumbnail","6":"product_cat-eletrocardiografo","7":"product_tag-alfamed","8":"product_tag-eletrocardiografo","10":"first","11":"instock","12":"shipping-taxable","13":"product-type-external"},"_links":{"self":[{"href":"https:\/\/onmedica.com.br\/te\/wp-json\/wp\/v2\/product\/7873","targetHints":{"allow":["GET"]}}],"collection":[{"href":"https:\/\/onmedica.com.br\/te\/wp-json\/wp\/v2\/product"}],"about":[{"href":"https:\/\/onmedica.com.br\/te\/wp-json\/wp\/v2\/types\/product"}],"wp:featuredmedia":[{"embeddable":true,"href":"https:\/\/onmedica.com.br\/te\/wp-json\/wp\/v2\/media\/7874"}],"wp:attachment":[{"href":"https:\/\/onmedica.com.br\/te\/wp-json\/wp\/v2\/media?parent=7873"}],"wp:term":[{"taxonomy":"product_brand","embeddable":true,"href":"https:\/\/onmedica.com.br\/te\/wp-json\/wp\/v2\/product_brand?post=7873"},{"taxonomy":"product_cat","embeddable":true,"href":"https:\/\/onmedica.com.br\/te\/wp-json\/wp\/v2\/product_cat?post=7873"},{"taxonomy":"product_tag","embeddable":true,"href":"https:\/\/onmedica.com.br\/te\/wp-json\/wp\/v2\/product_tag?post=7873"}],"curies":[{"name":"wp","href":"https:\/\/api.w.org\/{rel}","templated":true}]}}