{"id":7883,"date":"2024-06-10T17:59:16","date_gmt":"2024-06-10T17:59:16","guid":{"rendered":"https:\/\/onmedica.com.br\/te\/?post_type=product&#038;p=7883"},"modified":"2024-07-09T16:21:11","modified_gmt":"2024-07-09T19:21:11","slug":"arco-cirurgico-digital-fenix-af-vmi-medica","status":"publish","type":"product","link":"https:\/\/onmedica.com.br\/te\/produto\/arco-cirurgico-digital-fenix-af-vmi-medica\/","title":{"rendered":"Arco Cir\u00fargico Digital F\u00eanix AF \u2013 VMI M\u00e9dica"},"content":{"rendered":"<h6><strong>DADOS RADIOL\u00d3GICOS<\/strong><\/h6>\n<p>\u2022 Gerador de Alta Frequ\u00eancia<br \/>\n\u2022 Pot\u00eancia do Gerador:5kW.<\/p>\n<h6><strong>Faixa de kV<\/strong><\/h6>\n<p>\u2022 Radiografia Digital: 35 a 110kV com passos para ajuste de 1kV;<br \/>\n\u2022 Fluoroscopia: 35a110kVcompassospara ajuste de<br \/>\nFaixa de mA:<br \/>\n\u2022 Radiografia Digital: 0,67 a 80mA;<br \/>\n\u2022 Fluoroscopia:0,1 a 57,6mA.<br \/>\nFaixa de mAs:<br \/>\n\u2022 Radiografia Digital: 0,02 a 150mAs;<br \/>\n\u2022 Fluoroscopia: 0,004 a 1,6mAs.<\/p>\n<p>&nbsp;<\/p>\n<h6><strong>CONJUNTO EMISSOR DE RAIOS-X<\/strong><\/h6>\n<p>\u2022 Tubo de Raios-X: 110kV<br \/>\n\u2022 Capacidade de acumula\u00e7\u00e3o de calor (t\u00e9rmica) do anodo de48<br \/>\n\u2022 Pontos focais com valores nominais: 0,5 mm para foco fino e 1,5 mm para foco grosso.<br \/>\n\u2022 Potencias focais: foco fino 705W e foco grosso 3,2 Kw.<\/p>\n<p>&nbsp;<\/p>\n<h6><strong>COLIMADOR<\/strong><\/h6>\n<p>\u2022 Colimador motorizado de campo quadrado para abertura de campos de 0x0 a 35x35cm.<br \/>\n\u2022 Sele\u00e7\u00e3o motorizada de filtros adicionais combinados de Alum\u00ednio e Cobre.<br \/>\n\u2022 Tamanhos de campo selecion\u00e1veis: 12cmx12cm \/ 16cmx16cm \/ 21cmx21cm \/ 24cmx24cm \/ 30cmx30cm.<br \/>\n\u2022 Filtra\u00e7\u00e3o total sem filtros adicionais: 2,7mmAl<\/p>\n<p>&nbsp;<\/p>\n<h6><strong>SISTEMA DE POSICIONAMENTO DO ARCO C<\/strong><\/h6>\n<p>\u2022 Movimento Angular do Arco C: +200\u00ba\/ -200\u00ba.<br \/>\n\u2022 Movimento Orbital do Arco C: +96\u00ba\/ -51\u00ba.<br \/>\n\u2022 Movimento Articular do Arco C: +10\u00ba\/ -10\u00ba.<br \/>\n\u2022 Movimento Horizontal: 20 cm.<br \/>\n\u2022 Movimento Vertical: 40 cm.<br \/>\n\u2022 Profundidade do Arco C: 76 cm.<\/p>\n<p>&nbsp;<\/p>\n<h6><strong>DETECTOR DIGITAL<\/strong><\/h6>\n<p>\u2022 Painel de captura de imagens digitais em estado s\u00f3lido, cintilador de Iodeto de C\u00e9sio (CsI) e conversor de Sil\u00edcio Amorfo (a-Si).<br \/>\n\u2022 \u00c1rea ativa de detec\u00e7\u00e3o: 23,6 x 23,6cm para aquisi\u00e7\u00e3o de imagens.<br \/>\n\u2022 Resolu\u00e7\u00e3o de imagem com matriz de 1536 x 1536 pixels (2,35 Mpixels).<br \/>\n\u2022 Tamanho do pixel: 154\u00b5<br \/>\n\u2022 Conversor A\/D: 16 bits<\/p>\n<p>&nbsp;<\/p>\n<h6><strong>TROLLEY E PROCESSAMENTO DE IMAGEM<\/strong><\/h6>\n<p>\u2022 Doismonitores M\u00e9dicos.<br \/>\n\u2022 Tamanho: 19\u201d.<br \/>\n\u2022 Resolu\u00e7\u00e3o: 1280\u00d71024.<\/p>\n<p>&nbsp;<\/p>\n<h6><strong>UNIDADE DE PROCESSAMENTO DE IMAGEM<\/strong><\/h6>\n<p>\u2022 Caracter\u00edsticas:<br \/>\n\u2022 Mem\u00f3ria RAM: 8GB<br \/>\n\u2022 Processador: Intel Core i7 de 9\u00ba gera\u00e7\u00e3o.<br \/>\n\u2022 Disco R\u00edgido (HD): SSD 128GB para sistema operacional e HD de 1TB para armazenamento de 100.000 imagens DICOM aproximadamente.<br \/>\n\u2022 Sistema Operacional: Windows 10 Professional Edition<br \/>\n\u2022 Acess\u00f3rios: Placa de v\u00eddeo \u2013 Dedicada<br \/>\n\u2022 Teclado e Mouse USB<br \/>\n\u2022 Gravador CD\/DVD.<br \/>\n\u2022 Nobreak<\/p>\n<p>&nbsp;<\/p>\n<h6><strong>PROCESSAMENTO DE IMAGEM EM TEMPO REAL<\/strong><\/h6>\n<p>\u2022 Controle de brilho e contraste autoadaptativo.<br \/>\n\u2022 Algoritmo de redu\u00e7\u00e3o de ru\u00eddo em tempo real.<br \/>\n\u2022 Configura\u00e7\u00f5es program\u00e1veis pelo operador do processamento de imagens para cada procedimento.<br \/>\n\u2022 Ferramentas de processamento de imagens em tempo real, incluindo:<br \/>\n\u2022 Brilho e Contraste<br \/>\n\u2022 Rota\u00e7\u00e3o 360\u00ba.<br \/>\n\u2022 Virar horizontal ou vertical.<br \/>\n\u2022 Invers\u00e3o preto e branco.<br \/>\n\u2022 Aprimoramento de bordas.<\/p>\n","protected":false},"excerpt":{"rendered":"<p>O conjunto comando e gerador de alta tens\u00e3o s\u00e3o controlados por microprocessadores em todas as fun\u00e7\u00f5es. O chaveamento de alta tens\u00e3o \u00e9 realizado por IGBT\u2019s, resultando em potencial constante com baix\u00edssimo ripple.<br \/>\nDispondo de tecnologia Ressonante de deslocamento de fases entre as comuta\u00e7\u00f5es das chaves eletr\u00f4nicas IGBT\u2019s e com transi\u00e7\u00f5es realizadas \u00e0 tens\u00e3o zero, o circuito ressonante elimina as perdas de energia de comuta\u00e7\u00e3o, reduz as interfer\u00eancias eletromagn\u00e9ticas e aumenta a vida \u00fatil do gerador, tubo de raios x e componentes eletr\u00f4nicos.<\/p>\n","protected":false},"featured_media":8122,"template":"","meta":{"inline_featured_image":false,"_monsterinsights_skip_tracking":false,"_monsterinsights_sitenote_active":false,"_monsterinsights_sitenote_note":"","_monsterinsights_sitenote_category":0},"product_brand":[],"product_cat":[88],"product_tag":[110,127],"class_list":{"0":"post-7883","1":"product","2":"type-product","3":"status-publish","4":"has-post-thumbnail","6":"product_cat-arco-cirurgico","7":"product_tag-arco-cirurgico","8":"product_tag-vmi","10":"first","11":"instock","12":"shipping-taxable","13":"product-type-external"},"_links":{"self":[{"href":"https:\/\/onmedica.com.br\/te\/wp-json\/wp\/v2\/product\/7883","targetHints":{"allow":["GET"]}}],"collection":[{"href":"https:\/\/onmedica.com.br\/te\/wp-json\/wp\/v2\/product"}],"about":[{"href":"https:\/\/onmedica.com.br\/te\/wp-json\/wp\/v2\/types\/product"}],"wp:featuredmedia":[{"embeddable":true,"href":"https:\/\/onmedica.com.br\/te\/wp-json\/wp\/v2\/media\/8122"}],"wp:attachment":[{"href":"https:\/\/onmedica.com.br\/te\/wp-json\/wp\/v2\/media?parent=7883"}],"wp:term":[{"taxonomy":"product_brand","embeddable":true,"href":"https:\/\/onmedica.com.br\/te\/wp-json\/wp\/v2\/product_brand?post=7883"},{"taxonomy":"product_cat","embeddable":true,"href":"https:\/\/onmedica.com.br\/te\/wp-json\/wp\/v2\/product_cat?post=7883"},{"taxonomy":"product_tag","embeddable":true,"href":"https:\/\/onmedica.com.br\/te\/wp-json\/wp\/v2\/product_tag?post=7883"}],"curies":[{"name":"wp","href":"https:\/\/api.w.org\/{rel}","templated":true}]}}