{"id":7919,"date":"2024-06-10T18:24:40","date_gmt":"2024-06-10T18:24:40","guid":{"rendered":"https:\/\/onmedica.com.br\/te\/?post_type=product&#038;p=7919"},"modified":"2024-07-09T16:39:34","modified_gmt":"2024-07-09T19:39:34","slug":"monitor-multiparametro-para-triagem-vita-i20-tela-8-alfamed","status":"publish","type":"product","link":"https:\/\/onmedica.com.br\/te\/produto\/monitor-multiparametro-para-triagem-vita-i20-tela-8-alfamed\/","title":{"rendered":"Monitor Multipar\u00e2metros Para Triagem Vita i20 Tela 8\u2033 \u2013 Alfamed"},"content":{"rendered":"<h6><strong>Principais Caracter\u00edsticas<\/strong><\/h6>\n<p><strong>\u2981\u00a0\u00a0<\/strong>Comunica\u00e7\u00e3o HL7 \/ HIS Bidirecional;<br \/>\n<strong>\u2981\u00a0\u00a0<\/strong>Fun\u00e7\u00e3o noturna com redu\u00e7\u00e3o da luminosidade da tela e som de alarmes e teclas;<br \/>\n<strong>\u2981\u00a0\u00a0<\/strong>Ampla visibilidade com tela de 8\u2033 touchscreen;<br \/>\n<strong>\u2981\u00a0\u00a0<\/strong>Possibilidade de uso da bateria por at\u00e9 3,5 horas;<br \/>\n<strong>\u2981\u00a0\u00a0<\/strong>Mem\u00f3ria para at\u00e9 400 horas de grava\u00e7\u00e3o de dados;<br \/>\n<strong>\u2981\u00a0\u00a0<\/strong>Alarme visual em 360\u00ba;<br \/>\n<strong>\u2981\u00a0\u00a0<\/strong>Suporte para acess\u00f3rios;<br \/>\n<strong>\u2981\u00a0\u00a0<\/strong>Temperatura convencional ou infravermelho;<\/p>\n<h6><strong>Par\u00e2metros B\u00e1sicos<\/strong><\/h6>\n<p><strong>\u2981\u00a0\u00a0<\/strong>SpO2;<br \/>\n<strong>\u2981\u00a0\u00a0<\/strong>Temperatura;<br \/>\n<strong>\u2981\u00a0\u00a0<\/strong>Press\u00e3o N\u00c3O invasiva;<\/p>\n<h6><strong>Configura\u00e7\u00e3o Opcional\u00a0<\/strong><\/h6>\n<p>SpO2 Nellcor, PNI Suntech, Temp TH (infravermelho), Leitor de c\u00f3digo de barras e Registrador t\u00e9rmico e outros;<\/p>\n<h6><span data-contrast=\"auto\"><strong>Tecnol\u00f3gico<\/strong><\/span><\/h6>\n<p><span data-contrast=\"auto\">Ideal para triagem e para aplica\u00e7\u00f5es em pronto atendimentos.<\/span><span data-ccp-props=\"{&quot;201341983&quot;:0,&quot;335559739&quot;:160,&quot;335559740&quot;:259}\">\u00a0<\/span><\/p>\n<h6><span data-contrast=\"auto\"><strong>Robusto<\/strong><\/span><\/h6>\n<p><span data-contrast=\"auto\">Alta capacidade de armazenamento de dados o que permite maior volume de dados salvos.<\/span><span data-ccp-props=\"{&quot;201341983&quot;:0,&quot;335559739&quot;:160,&quot;335559740&quot;:259}\">\u00a0<\/span><\/p>\n<h6><span data-contrast=\"auto\"><strong>Design inovador<\/strong><\/span><\/h6>\n<p><span data-contrast=\"auto\">Maior tela da categoria o que permite aplica\u00e7\u00f5es em ambul\u00e2ncia e em sistemas de transporte.<\/span><span data-ccp-props=\"{&quot;201341983&quot;:0,&quot;335559739&quot;:160,&quot;335559740&quot;:259}\">\u00a0<\/span><\/p>\n","protected":false},"excerpt":{"rendered":"<p>Monitore com seguran\u00e7a e precis\u00e3o. Indicado para triagem o VITA i20 possui design compacto com ajuste de \u00e2ngulo proporcionando perfeita visualiza\u00e7\u00e3o e facilidade de manuseio al\u00e9m de possuir as principais fun\u00e7\u00f5es de triagem como modo SPOT e protocolo MEWS.<\/p>\n","protected":false},"featured_media":7920,"template":"","meta":{"inline_featured_image":false,"_monsterinsights_skip_tracking":false,"_monsterinsights_sitenote_active":false,"_monsterinsights_sitenote_note":"","_monsterinsights_sitenote_category":0},"product_brand":[],"product_cat":[94],"product_tag":[130,101],"class_list":{"0":"post-7919","1":"product","2":"type-product","3":"status-publish","4":"has-post-thumbnail","6":"product_cat-monitor-multiparametrico","7":"product_tag-alfamed","8":"product_tag-monitor-multiparametrico","10":"first","11":"instock","12":"shipping-taxable","13":"product-type-external"},"_links":{"self":[{"href":"https:\/\/onmedica.com.br\/te\/wp-json\/wp\/v2\/product\/7919","targetHints":{"allow":["GET"]}}],"collection":[{"href":"https:\/\/onmedica.com.br\/te\/wp-json\/wp\/v2\/product"}],"about":[{"href":"https:\/\/onmedica.com.br\/te\/wp-json\/wp\/v2\/types\/product"}],"wp:featuredmedia":[{"embeddable":true,"href":"https:\/\/onmedica.com.br\/te\/wp-json\/wp\/v2\/media\/7920"}],"wp:attachment":[{"href":"https:\/\/onmedica.com.br\/te\/wp-json\/wp\/v2\/media?parent=7919"}],"wp:term":[{"taxonomy":"product_brand","embeddable":true,"href":"https:\/\/onmedica.com.br\/te\/wp-json\/wp\/v2\/product_brand?post=7919"},{"taxonomy":"product_cat","embeddable":true,"href":"https:\/\/onmedica.com.br\/te\/wp-json\/wp\/v2\/product_cat?post=7919"},{"taxonomy":"product_tag","embeddable":true,"href":"https:\/\/onmedica.com.br\/te\/wp-json\/wp\/v2\/product_tag?post=7919"}],"curies":[{"name":"wp","href":"https:\/\/api.w.org\/{rel}","templated":true}]}}