{"id":7929,"date":"2024-06-10T18:31:04","date_gmt":"2024-06-10T18:31:04","guid":{"rendered":"https:\/\/onmedica.com.br\/te\/?post_type=product&#038;p=7929"},"modified":"2024-07-09T16:44:40","modified_gmt":"2024-07-09T19:44:40","slug":"monitor-multiparametro-vita-400e-tela-104%e2%80%b3-alfamed","status":"publish","type":"product","link":"https:\/\/onmedica.com.br\/te\/produto\/monitor-multiparametro-vita-400e-tela-104%e2%80%b3-alfamed\/","title":{"rendered":"Monitor Multipar\u00e2metro Vita 400e Tela 10,4\u2033 \u2013 Alfamed"},"content":{"rendered":"<h6><strong>Par\u00e2metros B\u00e1sicos<\/strong><\/h6>\n<p><strong>\u2981\u00a0\u00a0<\/strong>ECG 3\/7 vias;<\/p>\n<p><strong>\u2981\u00a0\u00a0<\/strong>SpO2;<\/p>\n<p><strong>\u2981\u00a0\u00a0<\/strong>Respira\u00e7\u00e3o;<\/p>\n<p><strong>\u2981\u00a0\u00a0<\/strong>Press\u00e3o N\u00e3o Invasiva;<\/p>\n<p><strong>\u2981\u00a0\u00a0<\/strong>Frequ\u00eancia de Pulso;<\/p>\n<p><strong>\u2981\u00a0\u00a0<\/strong>Temperatura;<\/p>\n<h6><strong>Par\u00e2metros Opcionais<\/strong><\/h6>\n<p><strong>\u2981\u00a0\u00a0<\/strong>2 Canais de Press\u00e3o Invasiva;<\/p>\n<p><strong>\u2981\u00a0\u00a0<\/strong>Capnografia Sidestream \/ Mainstream;<\/p>\n<p><strong>\u2981\u00a0\u00a0<\/strong>SpO2 Nellcor;<\/p>\n<p><strong>\u2981\u00a0\u00a0<\/strong>Rede Wireless;<\/p>\n<p><strong>\u2981\u00a0\u00a0<\/strong>Impressora T\u00e9rmica;<\/p>\n<p><strong>\u2981\u00a0\u00a0<\/strong>Acesso M\u00f3vel;<\/p>\n<h6><strong>Caracter\u00edsticas Gerais<\/strong><\/h6>\n<p><strong>\u2981\u00a0\u00a0<\/strong>Tela TFT LCD 10,4\u2033 (VITA 400e) de alta resolu\u00e7\u00e3o<\/p>\n<p><strong>\u2981\u00a0\u00a0<\/strong>Interface amig\u00e1vel com teclas de atalho;<\/p>\n<p><strong>\u2981\u00a0\u00a0<\/strong>F\u00e1cil manuseio;<\/p>\n<p><strong>\u2981\u00a0\u00a0<\/strong>Al\u00e7a para transporte;<\/p>\n<p><strong>\u2981\u00a0\u00a0<\/strong>Compacto e resistente;<\/p>\n<h6><strong>Compatibilidade com Sistemas Hospitalares atrav\u00e9s da Central e Monitora\u00e7\u00e3o<\/strong><\/h6>\n<p>Compat\u00edvel com Sistema Hospitalar HL7\/HIS e Central de Monitoramento VITA para monitorar status do paciente \u00e0 dist\u00e2ncia pelo tablet e smartphone.<\/p>\n<h6><strong>Flex\u00edvel, compacto e resistente<\/strong><\/h6>\n<p>Os Monitores Multiparam\u00e9tricos VITA 400 s\u00e3o compactos e resistentes al\u00e9m de ser uma solu\u00e7\u00e3o abrangente com par\u00e2metros flex\u00edveis para uso em diversas situa\u00e7\u00f5es.<\/p>\n<h6><strong>Otimiza\u00e7\u00e3o da Exatid\u00e3o da Medi\u00e7\u00e3o<\/strong><\/h6>\n<p>O Monitor VITA 400 possui a soma de diversas tecnologias mais requisitadas por profissionais de sa\u00fade de todo o mundo para ser a solu\u00e7\u00e3o mais completa em monitoramento. Nossos especialistas desenvolveram algoritmos especiais para garantir estabilidade da medi\u00e7\u00e3o em dif\u00edceis condi\u00e7\u00f5es de uso e garantir maior exatid\u00e3o dos sinais vitais observados.<\/p>\n<h6><strong>Conectividade leito-a-leito<\/strong><\/h6>\n<p>Com a conex\u00e3o leito-a-leito, o usu\u00e1rio pode monitorar dois monitores com conex\u00e3o direta, sem precisar estar conectado em rede ou na central de monitoramento.<\/p>\n<h6><strong>Al\u00e7a para Transporte<\/strong><\/h6>\n<p>Cada detalhe faz a diferen\u00e7a em situa\u00e7\u00f5es emergenciais ou que se demanda agilidade.<\/p>\n<h6><strong>Alta Capacidade de Armazenamento<\/strong><\/h6>\n<p>Os Monitores Vita 400 series podem ser utilizados em diversas situa\u00e7\u00f5es de n\u00edvel m\u00e9dio e de acuidade. O armazenamento dos dados obtidos dos pacientes garante a equipe m\u00e9dica realizar an\u00e1lises a qualquer hora.<\/p>\n<h6><strong>Wireless<\/strong><\/h6>\n<p>Tecnologia wireless permite conectar-se \u00e0s redes hospitalares sem necessidade cabeamento, o que garante que o equipamento esteja conectado mesmo durante o transporte.<\/p>\n","protected":false},"excerpt":{"rendered":"<p>A fam\u00edlia Monitores Multipar\u00e2metros VITA 400e \u00e9 um equipamento entre os mais requisitados no Brasil. Com um tamanho reduzido em tela de 10.4\u2033, o que garante ao equipamento leveza e, somado com a al\u00e7a de transporte, deixa o equipamento f\u00e1cil de ser transportado.<\/p>\n<p>Ideal para situa\u00e7\u00f5es de n\u00edvel mediano de acuidade, o Vita 400e possui um excelente custo-benef\u00edcio, sendo assim um equipamento de uso universal requisitado por qualquer institui\u00e7\u00e3o de sa\u00fade.<\/p>\n","protected":false},"featured_media":7930,"template":"","meta":{"inline_featured_image":false,"_monsterinsights_skip_tracking":false,"_monsterinsights_sitenote_active":false,"_monsterinsights_sitenote_note":"","_monsterinsights_sitenote_category":0},"product_brand":[],"product_cat":[94],"product_tag":[130,101],"class_list":{"0":"post-7929","1":"product","2":"type-product","3":"status-publish","4":"has-post-thumbnail","6":"product_cat-monitor-multiparametrico","7":"product_tag-alfamed","8":"product_tag-monitor-multiparametrico","10":"first","11":"instock","12":"shipping-taxable","13":"product-type-external"},"_links":{"self":[{"href":"https:\/\/onmedica.com.br\/te\/wp-json\/wp\/v2\/product\/7929","targetHints":{"allow":["GET"]}}],"collection":[{"href":"https:\/\/onmedica.com.br\/te\/wp-json\/wp\/v2\/product"}],"about":[{"href":"https:\/\/onmedica.com.br\/te\/wp-json\/wp\/v2\/types\/product"}],"wp:featuredmedia":[{"embeddable":true,"href":"https:\/\/onmedica.com.br\/te\/wp-json\/wp\/v2\/media\/7930"}],"wp:attachment":[{"href":"https:\/\/onmedica.com.br\/te\/wp-json\/wp\/v2\/media?parent=7929"}],"wp:term":[{"taxonomy":"product_brand","embeddable":true,"href":"https:\/\/onmedica.com.br\/te\/wp-json\/wp\/v2\/product_brand?post=7929"},{"taxonomy":"product_cat","embeddable":true,"href":"https:\/\/onmedica.com.br\/te\/wp-json\/wp\/v2\/product_cat?post=7929"},{"taxonomy":"product_tag","embeddable":true,"href":"https:\/\/onmedica.com.br\/te\/wp-json\/wp\/v2\/product_tag?post=7929"}],"curies":[{"name":"wp","href":"https:\/\/api.w.org\/{rel}","templated":true}]}}