{"id":7943,"date":"2024-06-10T19:33:25","date_gmt":"2024-06-10T19:33:25","guid":{"rendered":"https:\/\/onmedica.com.br\/te\/?post_type=product&#038;p=7943"},"modified":"2024-07-09T16:47:29","modified_gmt":"2024-07-09T19:47:29","slug":"monitor-multiparametro-vita-500e-tela-104%e2%80%b3-alfamed","status":"publish","type":"product","link":"https:\/\/onmedica.com.br\/te\/produto\/monitor-multiparametro-vita-500e-tela-104%e2%80%b3-alfamed\/","title":{"rendered":"Monitor Multipar\u00e2metros Vita 500e Tela 10,4\u2033 \u2013 Alfamed"},"content":{"rendered":"<h6><strong>Par\u00e2metros B\u00e1sicos<\/strong><\/h6>\n<p><strong>\u2981\u00a0\u00a0<\/strong>ECG 3\/5 vias;<\/p>\n<p><strong>\u2981\u00a0\u00a0<\/strong>SpO2;<\/p>\n<p><strong>\u2981\u00a0\u00a0<\/strong>Respira\u00e7\u00e3o;<\/p>\n<p><strong>\u2981\u00a0\u00a0<\/strong>Press\u00e3o N\u00e3o Invasiva;<\/p>\n<p><strong>\u2981\u00a0\u00a0<\/strong>2 Canais de Temperatura;<\/p>\n<p><strong>\u2981\u00a0\u00a0<\/strong>Frequ\u00eancia de Pulso;<\/p>\n<p>&nbsp;<\/p>\n<h6><strong>Par\u00e2metros Opcionais<\/strong><\/h6>\n<p><strong>\u00a0<\/strong><\/p>\n<p><strong>\u2981\u00a0\u00a0<\/strong>ECG 12 deriva\u00e7\u00f5es;<\/p>\n<p><strong>\u2981\u00a0\u00a0<\/strong>2 Canais de Press\u00e3o Invasiva;<\/p>\n<p><strong>\u2981\u00a0\u00a0<\/strong>Capnografia Sidestream;<\/p>\n<p><strong>\u2981\u00a0\u00a0<\/strong>Capnografia Mainstream;<\/p>\n<p><strong>\u2981\u00a0\u00a0<\/strong>D\u00e9bito Card\u00edaco;<\/p>\n<p><strong>\u2981\u00a0\u00a0<\/strong>Analisador de Gases;<\/p>\n<p><strong>\u2981\u00a0\u00a0<\/strong>Registrador T\u00e9cnico;<\/p>\n<p><strong>\u2981\u00a0\u00a0<\/strong>Rede Wireless;<\/p>\n<p><strong>\u2981\u00a0\u00a0<\/strong>SpO2 Nellcor;<\/p>\n<p><strong>\u2981\u00a0\u00a0<\/strong>Touchscreen;<\/p>\n<p>&nbsp;<\/p>\n<h6><strong>Caracter\u00edsticas Gerais<\/strong><\/h6>\n<p><strong>\u00a0<\/strong><\/p>\n<p><strong>\u2981\u00a0\u00a0<\/strong>Comunica\u00e7\u00e3o HL7 \/ HIS;<\/p>\n<p><strong>\u2981\u00a0\u00a0<\/strong>Tela TFT LCD 10,4\u2033 colorida de alta resolu\u00e7\u00e3o;<\/p>\n<p><strong>\u2981\u00a0\u00a0<\/strong>Interface amig\u00e1vel com teclas de atalho para uso intuitivo do equipamento;<\/p>\n<p><strong>\u2981\u00a0\u00a0<\/strong>Visualiza\u00e7\u00e3o de at\u00e9 13 formas de onda simult\u00e2neas;<\/p>\n<p><strong>\u2981\u00a0\u00a0<\/strong>Revis\u00e3o de Tend\u00eancias gr\u00e1ficas e num\u00e9ricas tabulares de at\u00e9 120 horas com intervalos configur\u00e1veis;<\/p>\n<p><strong>\u2981\u00a0\u00a0<\/strong>Alta precis\u00e3o e confiabilidade<\/p>\n<p><strong>\u2981\u00a0\u00a0<\/strong>Grande capacidade de armazenamento de dados;<\/p>\n<p><strong>\u2981\u00a0\u00a0<\/strong>Arquitetura interna modular;<\/p>\n<p><strong>\u2981\u00a0\u00a0<\/strong>Al\u00e7a retr\u00e1til para transporte manual ou fixa\u00e7\u00e3o em macas;<\/p>\n<h6><strong>Touchscreen<\/strong><\/h6>\n<p>Em situa\u00e7\u00f5es de alto risco, a agilidade e precis\u00e3o durante o uso para avalia\u00e7\u00e3o de par\u00e2metros \u00e9 muito importante. A tecnologia touchscreen garante a equipe de sa\u00fade um uso f\u00e1cil do equipamento atrav\u00e9s de um leve toque na tela.<\/p>\n<h6><strong>Smart Design<\/strong><\/h6>\n<p>Por ser um monitor com extensa gama de aplica\u00e7\u00f5es, desenvolvemos o Monitor VITA 500e com um conceito amplificado de experi\u00eancia do usu\u00e1rio para que profissionais da sa\u00fade de diversos segmentos encontrem as mesmas facilidades e vantagens no uso do equipamento. O Monitor VITA 500e permite ao usu\u00e1rio uma navega\u00e7\u00e3o intuitiva pelos par\u00e2metros, al\u00e9m possibilitar que o usu\u00e1rio customize as telas e visualiza\u00e7\u00f5es e determine teclas de atalho.<\/p>\n<h6><strong>Otimiza\u00e7\u00e3o da Exatid\u00e3o da Medi\u00e7\u00e3o<\/strong><\/h6>\n<p>O Monitor VITA 500e possui a soma de diversas tecnologias mais requisitadas por profissionais de sa\u00fade de todo o mundo para ser a solu\u00e7\u00e3o mais completa em monitoramento. Nossos especialistas desenvolveram algoritmos especiais para garantir estabilidade da medi\u00e7\u00e3o em dif\u00edceis condi\u00e7\u00f5es de uso e garantir maior exatid\u00e3o dos sinais vitais observados.<\/p>\n<h6><strong>Arquitetura Interna Modular<\/strong><\/h6>\n<p>A arquitetura interna de um equipamento ajuda a determinar sua performance. O Monitor VITA 500e com a arquitetura interna modular, o que garante ao equipamento flexibilidade na configura\u00e7\u00e3o al\u00e9m de prover maior desempenho aos m\u00f3dulos e seguran\u00e7a para o equipamento.<\/p>\n<h6><strong>Conectividade leito-a-leito<\/strong><\/h6>\n<p>Com a conex\u00e3o leito-a-leito, o usu\u00e1rio pode monitorar dois monitores com conex\u00e3o direta, sem precisar estar conectado em rede ou na central de monitoramento.<\/p>\n<h6><strong>HIS<\/strong><\/h6>\n<p>Compat\u00edvel com Sistema Hospitalar HL7\/HIS e Central de Monitoramento VITA para monitorar status do paciente \u00e0 dist\u00e2ncia pelo tablet e smartphone.<\/p>\n<h6><strong>Comunica\u00e7\u00e3o Bidirecional com Central de Monitoramento<\/strong><\/h6>\n<p>Para gerenciamento e monitoramento eficaz \u00e0 dist\u00e2ncia o Monitor VITA 500e \u00e9 compat\u00edvel com a Central de Monitoramento VITA.<\/p>\n","protected":false},"excerpt":{"rendered":"<p>O Monitor Multipar\u00e2metro Vita 500e 10,4\u2033 \u00e9 uma solu\u00e7\u00e3o muito al\u00e9m do convencional. Desenvolvido com arquitetura interna modular para ganhos de performance de cada par\u00e2metro para garantir m\u00e1xima exatid\u00e3o nos dados de monitoramento. Os Monitores da linha Vita ainda s\u00e3o desenvolvidos com algoritmos diferenciados para aumentar ainda mais a fidelidade dos sinais vitais durante os monitoramentos.<\/p>\n<p>A soma das mais recentes tecnologias para compor um instrumento abrangente e de alta qualidade para monitoramento de pacientes em v\u00e1rios n\u00edveis de acuidade, o monitor possui moderna interface de uso r\u00e1pido com touchscreen que traz enormes ganhos de usabilidade para os usu\u00e1rios. O Monitor Vita 500e foi desenvolvido para situa\u00e7\u00f5es de baixo a alto n\u00edvel de acuidade com grande custo-benef\u00edcio.<\/p>\n","protected":false},"featured_media":7944,"template":"","meta":{"inline_featured_image":false,"_monsterinsights_skip_tracking":false,"_monsterinsights_sitenote_active":false,"_monsterinsights_sitenote_note":"","_monsterinsights_sitenote_category":0},"product_brand":[],"product_cat":[94],"product_tag":[130,101],"class_list":{"0":"post-7943","1":"product","2":"type-product","3":"status-publish","4":"has-post-thumbnail","6":"product_cat-monitor-multiparametrico","7":"product_tag-alfamed","8":"product_tag-monitor-multiparametrico","10":"first","11":"instock","12":"shipping-taxable","13":"product-type-external"},"_links":{"self":[{"href":"https:\/\/onmedica.com.br\/te\/wp-json\/wp\/v2\/product\/7943","targetHints":{"allow":["GET"]}}],"collection":[{"href":"https:\/\/onmedica.com.br\/te\/wp-json\/wp\/v2\/product"}],"about":[{"href":"https:\/\/onmedica.com.br\/te\/wp-json\/wp\/v2\/types\/product"}],"wp:featuredmedia":[{"embeddable":true,"href":"https:\/\/onmedica.com.br\/te\/wp-json\/wp\/v2\/media\/7944"}],"wp:attachment":[{"href":"https:\/\/onmedica.com.br\/te\/wp-json\/wp\/v2\/media?parent=7943"}],"wp:term":[{"taxonomy":"product_brand","embeddable":true,"href":"https:\/\/onmedica.com.br\/te\/wp-json\/wp\/v2\/product_brand?post=7943"},{"taxonomy":"product_cat","embeddable":true,"href":"https:\/\/onmedica.com.br\/te\/wp-json\/wp\/v2\/product_cat?post=7943"},{"taxonomy":"product_tag","embeddable":true,"href":"https:\/\/onmedica.com.br\/te\/wp-json\/wp\/v2\/product_tag?post=7943"}],"curies":[{"name":"wp","href":"https:\/\/api.w.org\/{rel}","templated":true}]}}