{"id":7948,"date":"2024-06-10T19:36:56","date_gmt":"2024-06-10T19:36:56","guid":{"rendered":"https:\/\/onmedica.com.br\/te\/?post_type=product&#038;p=7948"},"modified":"2024-07-09T16:48:13","modified_gmt":"2024-07-09T19:48:13","slug":"monitor-multiparametro-vita-600e-tela-84%e2%80%b3-alfamed","status":"publish","type":"product","link":"https:\/\/onmedica.com.br\/te\/produto\/monitor-multiparametro-vita-600e-tela-84%e2%80%b3-alfamed\/","title":{"rendered":"Monitor Multipar\u00e2metros Vita 600e Tela 8,4\u2033 \u2013 Alfamed"},"content":{"rendered":"<h6><strong>Par\u00e2metros B\u00e1sicos<\/strong><\/h6>\n<p><strong>\u2981\u00a0\u00a0<\/strong>SpO2;<\/p>\n<p><strong>\u2981\u00a0\u00a0<\/strong>Respira\u00e7\u00e3o;<\/p>\n<p><strong>\u2981\u00a0\u00a0<\/strong>Press\u00e3o N\u00e3o Invasiva;<\/p>\n<p><strong>\u2981\u00a0\u00a0<\/strong>Frequ\u00eancia de Pulso;<\/p>\n<p><strong>\u2981\u00a0\u00a0<\/strong>ECG;<\/p>\n<p>&nbsp;<\/p>\n<h6><strong>Par\u00e2metros Opcionais<\/strong><\/h6>\n<p><strong>\u00a0<\/strong><\/p>\n<p><strong>\u2981\u00a0\u00a0<\/strong>2 Canais de Press\u00e3o N\u00e3o Invasiva;<\/p>\n<p><strong>\u2981\u00a0\u00a0<\/strong>Capnografia;<\/p>\n<p><strong>\u2981\u00a0\u00a0<\/strong>Registrador;<\/p>\n<p><strong>\u2981\u00a0\u00a0<\/strong>T\u00e9rmico;<\/p>\n<p><strong>\u2981\u00a0\u00a0<\/strong>Rede Wireless;<\/p>\n<p><strong>\u2981\u00a0\u00a0<\/strong>Acesso M\u00f3vel;<\/p>\n<p><strong>\u2981\u00a0\u00a0<\/strong>SpO2 Nellcor;<\/p>\n<p><strong>\u2981\u00a0\u00a0<\/strong>Touchscreen*<\/p>\n<p>&nbsp;<\/p>\n<p><strong>Caracter\u00edsticas Gerais<\/strong><\/p>\n<p>&nbsp;<\/p>\n<p><strong>\u2981\u00a0\u00a0<\/strong>Tela TFT LCD 8.4\u2033 colorida de alta resolu\u00e7\u00e3o;<\/p>\n<p><strong>\u2981\u00a0\u00a0<\/strong>Visualiza\u00e7\u00e3o de formas de ondas simult\u00e2neas;<\/p>\n<p><strong>\u2981\u00a0\u00a0<\/strong>Comunica\u00e7\u00e3o Bidirecional com Central de Monitoramento VITA;<\/p>\n<p><strong>\u2981\u00a0\u00a0<\/strong>Leve, compacto e resistente;<\/p>\n<p><strong>\u2981\u00a0\u00a0<\/strong>Interface amig\u00e1vel com teclas de atalho;<\/p>\n<p><strong>\u2981\u00a0\u00a0<\/strong>Alta capacidade de armazenamento de dados;<\/p>\n<p><strong>\u2981\u00a0\u00a0<\/strong>Design ideal para uso em ambul\u00e2ncias;<\/p>\n<p><strong>\u2981\u00a0\u00a0<\/strong>Algor\u00edtimos desenvolvidos para melhorar a exatid\u00e3o do sinal;<\/p>\n<p><strong>\u2981\u00a0\u00a0<\/strong>Comunica\u00e7\u00e3o HL7\/HIS;<\/p>\n<p>&nbsp;<\/p>\n<p><strong>Otimiza\u00e7\u00e3o da Exatid\u00e3o da Medi\u00e7\u00e3o<\/strong><\/p>\n<p>O Monitor VITA 600e possui a soma de diversas tecnologias mais requisitadas por profissionais de sa\u00fade. Nossos especialistas desenvolveram algoritmos especiais para nossa linha de Monitores VITA para garantir estabilidade da medi\u00e7\u00e3o em dif\u00edceis condi\u00e7\u00f5es de uso e garantir maior exatid\u00e3o dos sinais vitais observados.<\/p>\n<p><strong>Vita 600e com baterias de longa dura\u00e7\u00e3o<\/strong><\/p>\n<p>As baterias utilizadas no Monitor VITA 600e possuem grande dura\u00e7\u00e3o: trata-se de um equipamento que, quando utilizado no transporte, precisa ser carregado durante pouco tempo para um uso de longa dura\u00e7\u00e3o, assegurando as equipes m\u00e9dicas ou equipes de resgate um excelente funcionamento em situa\u00e7\u00f5es de pacientes em tr\u00e2nsito interno ou externos \u00e0 unidade de sa\u00fade.<\/p>\n<p><strong>Projetado especialmente para situa\u00e7\u00f5es emergenciais<\/strong><\/p>\n<p>O Monitor VITA 600e foi desenvolvido com um espetacular design flex para adapta\u00e7\u00e3o em v\u00e1rias situa\u00e7\u00f5es cl\u00ednicas. Sua al\u00e7a de transporte permite que o Monitor tenha uma flexibilidade durante o uso incompar\u00e1vel e seja conectado facilmente a diferentes modelos de maca e estruturas cil\u00edndricas encontradas em m\u00f3veis hospitalares ou para apoios\/suporte em ambul\u00e2ncias, helic\u00f3pteros, avi\u00f5es etc.<\/p>\n<p><strong>Compat\u00edvel com os sistemas hospitalares<\/strong><\/p>\n<p>Compat\u00edvel com Sistema Hospitalar HL7\/HIS e Central de Monitoramento VITA para monitorar status do paciente \u00e0 dist\u00e2ncia pelo tablet e smartphone.<\/p>\n<p><strong>Touchscreen com sistema de uso inteligente<\/strong><\/p>\n<p>A tecnologia touchscreen n\u00e3o significa apenas uso r\u00e1pido, significa efici\u00eancia em situa\u00e7\u00f5es inusitadas onde as condi\u00e7\u00f5es de clique ou tempo exigidas s\u00e3o incompat\u00edveis com as teclas convencionais. Com a tecnologia touchscreen o manuseio do equipamento e execu\u00e7\u00e3o de suas fun\u00e7\u00f5es fica mais simples e intuitivo.<\/p>\n<p><strong>Port\u00e1til com excelente visualiza\u00e7\u00e3o em tela de LED<\/strong><\/p>\n<p>Sua tela de LED de 8.4\u2033 permite ao equipamento um tamanho compacto al\u00e9m de leveza sem deixar de ter alt\u00edssima precis\u00e3o durante o monitoramento.<\/p>\n","protected":false},"excerpt":{"rendered":"<p>O Monitor Vita 600e representa uma nova gera\u00e7\u00e3o dos Monitores Multipar\u00e2metro da ALFAMED. O Monitor foi desenvolvido com um incr\u00edvel design para transporte, o que o torna o monitor multipar\u00e2metro de alta tecnologia mais apropriado para utiliza\u00e7\u00e3o em situa\u00e7\u00f5es de transporte em pacientes em n\u00edveis b\u00e1sicos e alto de acuidade.<br \/>\nSAMUs, Ambul\u00e2ncias em geral, ve\u00edculos de transporte a\u00e9reo, unidades de sa\u00fade com pacientes em tr\u00e2nsito interno e externo em terra preferem utilizar o Monitor VITA 600e. A tecnologia touchscreen aperfei\u00e7oa a experi\u00eancia de uso do equipamento permitindo manuseio r\u00e1pido, f\u00e1cil e eficiente em diversas situa\u00e7\u00f5es emergenciais, transporte de pacientes e interna\u00e7\u00f5es. Al\u00e9m de tudo, o Monitor VITA 600e possui baterias recarreg\u00e1veis de longa dura\u00e7\u00e3o, o que deixa tudo mais f\u00e1cil.<\/p>\n","protected":false},"featured_media":7953,"template":"","meta":{"inline_featured_image":false,"_monsterinsights_skip_tracking":false,"_monsterinsights_sitenote_active":false,"_monsterinsights_sitenote_note":"","_monsterinsights_sitenote_category":0},"product_brand":[],"product_cat":[94],"product_tag":[130,101],"class_list":{"0":"post-7948","1":"product","2":"type-product","3":"status-publish","4":"has-post-thumbnail","6":"product_cat-monitor-multiparametrico","7":"product_tag-alfamed","8":"product_tag-monitor-multiparametrico","10":"first","11":"instock","12":"shipping-taxable","13":"product-type-external"},"_links":{"self":[{"href":"https:\/\/onmedica.com.br\/te\/wp-json\/wp\/v2\/product\/7948","targetHints":{"allow":["GET"]}}],"collection":[{"href":"https:\/\/onmedica.com.br\/te\/wp-json\/wp\/v2\/product"}],"about":[{"href":"https:\/\/onmedica.com.br\/te\/wp-json\/wp\/v2\/types\/product"}],"wp:featuredmedia":[{"embeddable":true,"href":"https:\/\/onmedica.com.br\/te\/wp-json\/wp\/v2\/media\/7953"}],"wp:attachment":[{"href":"https:\/\/onmedica.com.br\/te\/wp-json\/wp\/v2\/media?parent=7948"}],"wp:term":[{"taxonomy":"product_brand","embeddable":true,"href":"https:\/\/onmedica.com.br\/te\/wp-json\/wp\/v2\/product_brand?post=7948"},{"taxonomy":"product_cat","embeddable":true,"href":"https:\/\/onmedica.com.br\/te\/wp-json\/wp\/v2\/product_cat?post=7948"},{"taxonomy":"product_tag","embeddable":true,"href":"https:\/\/onmedica.com.br\/te\/wp-json\/wp\/v2\/product_tag?post=7948"}],"curies":[{"name":"wp","href":"https:\/\/api.w.org\/{rel}","templated":true}]}}