{"id":7956,"date":"2024-06-10T19:41:51","date_gmt":"2024-06-10T19:41:51","guid":{"rendered":"https:\/\/onmedica.com.br\/te\/?post_type=product&#038;p=7956"},"modified":"2024-07-09T16:49:10","modified_gmt":"2024-07-09T19:49:10","slug":"monitor-multiparametro-vita-1200-tela-17%e2%80%b3-alfamed","status":"publish","type":"product","link":"https:\/\/onmedica.com.br\/te\/produto\/monitor-multiparametro-vita-1200-tela-17%e2%80%b3-alfamed\/","title":{"rendered":"Monitor Multipar\u00e2metros Vita 1200 Tela 17\u2033 \u2013 Alfamed"},"content":{"rendered":"<h6><strong>Par\u00e2metros B\u00e1sicos<\/strong><\/h6>\n<p><strong>\u2981\u00a0\u00a0<\/strong>ECG 3\/5 vias;<\/p>\n<p><strong>\u2981\u00a0\u00a0<\/strong>SpO2;<\/p>\n<p><strong>\u2981\u00a0\u00a0<\/strong>Respira\u00e7\u00e3o;<\/p>\n<p><strong>\u2981\u00a0\u00a0<\/strong>Press\u00e3o N\u00e3o Invasiva;<\/p>\n<p><strong>\u2981\u00a0\u00a0<\/strong>Temperatura;<\/p>\n<p><strong>\u2981\u00a0\u00a0<\/strong>Frequ\u00eancia de Pulso;<\/p>\n<p>&nbsp;<\/p>\n<h6><strong>Par\u00e2metros Opcionais<\/strong><\/h6>\n<p><strong>\u2981\u00a0\u00a0<\/strong>ECG 12 deriva\u00e7\u00f5es;2\/4 Canais de Press\u00e3o Invasiva;<\/p>\n<p><strong>\u2981\u00a0\u00a0<\/strong>Capnografia Sidestream;<\/p>\n<p><strong>\u2981\u00a0\u00a0<\/strong>Capnografia Mainstream;<\/p>\n<p><strong>\u2981\u00a0\u00a0<\/strong>D\u00e9bito Card\u00edaco;<\/p>\n<p><strong>\u2981\u00a0\u00a0<\/strong>Analisador de Gases;<\/p>\n<p><strong>\u2981\u00a0\u00a0<\/strong>Registrador T\u00e9cnico;<\/p>\n<p><strong>\u2981\u00a0\u00a0<\/strong>Rede Wireless;<\/p>\n<p><strong>\u2981\u00a0\u00a0<\/strong>Acesso M\u00f3vel;<\/p>\n<p><strong>\u2981\u00a0\u00a0<\/strong>SpO2 Nellcor;<\/p>\n<p><strong>\u2981\u00a0\u00a0<\/strong>Touchscreen;<\/p>\n<p>&nbsp;<\/p>\n<h6><strong>Caracter\u00edsticas Gerais<\/strong><\/h6>\n<p><strong>\u00a0<\/strong><\/p>\n<p><strong>\u2981\u00a0\u00a0<\/strong>Comunica\u00e7\u00e3o HL7 \/ HIS;<\/p>\n<p><strong>\u2981\u00a0\u00a0<\/strong>Expans\u00e3o de M\u00f3dulo;<\/p>\n<p><strong>\u2981\u00a0\u00a0<\/strong>Tela TFT LCD 17,1\u2033 colorida de alta resolu\u00e7\u00e3o;<\/p>\n<p><strong>\u2981\u00a0\u00a0<\/strong>Interface amig\u00e1vel com teclas de atalho para uso intuitivo do equipamento;<\/p>\n<p><strong>\u2981\u00a0\u00a0<\/strong>Visualiza\u00e7\u00e3o de at\u00e9 15 formas de onda simult\u00e2neas;<\/p>\n<p><strong>\u2981\u00a0\u00a0<\/strong>Alta precis\u00e3o e confiabilidade;<\/p>\n<p><strong>\u2981\u00a0\u00a0<\/strong>Grande capacidade de armazenamento de dados;<\/p>\n<p>&nbsp;<\/p>\n<h6><strong>HIS<\/strong><\/h6>\n<p>Compat\u00edvel com Sistema Hospitalar HL7\/HIS e Central de Monitoramento VITA para monitorar status do paciente \u00e0 dist\u00e2ncia pelo tablet e smartphone.<\/p>\n<h6><strong>Conectividade leito-a-leito<\/strong><\/h6>\n<p>Com a conex\u00e3o leito-a-leito, o usu\u00e1rio pode monitorar dois monitores com conex\u00e3o direta, sem precisar estar conectado em rede ou na central de monitoramento.<\/p>\n<h6><strong>Touchscreen<\/strong><\/h6>\n<p>O Monitor VITA 1200 \u00e9 compat\u00edvel com a Central de Monitoramento VITA. Desta maneira, o equipamento em qualquer lugar pode ser conectado na Central e o m\u00e9dico ainda poder\u00e1 visualizar o status e alarmes da monitora\u00e7\u00e3o do paciente via smartphone, tablet ou PC.<\/p>\n<h6><strong>Arquitetura Modular<\/strong><\/h6>\n<p>No dia a dia de um profissional da sa\u00fade, a agilidade \u00e9 um fator essencial. Por isso, desenvolvemos o Monitor VITA 1200 com a arquitetura interna e externa modular, isto \u00e9, o profissional pode inserir e retirar m\u00f3dulos de maneira simples sem ter que ter a ajuda de um t\u00e9cnico. Sendo assim, o Monitor pode estar dispon\u00edvel para qualquer equipe m\u00e9dica para diferentes necessidades.<\/p>\n<h6><strong>Rack Extensor Modular<\/strong><\/h6>\n<p>Equipes m\u00e9dicas que alternam sempre os locais da cirurgia ou que precisam de uma solu\u00e7\u00e3o completa para todo tipo de necessidade de medi\u00e7\u00e3o a qualquer momento podem utilizar o rack externo para o Monitor VITA 1200 a qualquer momento para monitorar outros 5 par\u00e2metros extras simultaneamente.<\/p>\n<h6><strong>Otimiza\u00e7\u00e3o da Exatid\u00e3o da Medi\u00e7\u00e3o<\/strong><\/h6>\n<p>O Monitor VITA 1200 possui a soma de diversas tecnologias mais requisitadas por profissionais de sa\u00fade de todo o mundo para ser a solu\u00e7\u00e3o mais completa em monitoramento. Nossos especialistas desenvolveram algoritmos especiais para garantir estabilidade da medi\u00e7\u00e3o em dif\u00edceis condi\u00e7\u00f5es de uso e garantir maior exatid\u00e3o dos sinais vitais observados.<\/p>\n<h6><strong>Comunica\u00e7\u00e3o Bidirecional com Central de Monitoramento<\/strong><\/h6>\n<p>Para gerenciamento e monitoramento eficaz \u00e0 dist\u00e2ncia o Monitor VITA 1200 \u00e9 compat\u00edvel com a Central de Monitoramento VITA.<\/p>\n<p>&nbsp;<\/p>\n","protected":false},"excerpt":{"rendered":"<p>O Monitor Multipar\u00e2metro Modular VITA 1200 \u00e9 uma solu\u00e7\u00e3o muito al\u00e9m do convencional. Desenvolvido com a soma das mais recentes tecnologias para compor um instrumento abrangente e de alta qualidade para monitoramento de pacientes em v\u00e1rios n\u00edveis de acuidade, o monitor possui moderna interface de uso r\u00e1pido com touchscreen que tr\u00e1s enormes ganhos de usabilidade para os usu\u00e1rios.<br \/>\nO design modular com par\u00e2metros intercambi\u00e1veis pelo usu\u00e1rio al\u00e9m da tela 17.0\u2033, com tecnologia touchscreen e al\u00e7a para transporte, possibilita que o uso do equipamento possa ser customizado segundo a necessidade das equipes m\u00e9dicas. Projetado por especialistas especialmente para procedimentos m\u00e9dicos de alta complexidade, o Monitor VITA 1200 possui algor\u00edtimos de processamento de sinal otimizados para garantir maior exatid\u00e3o e estabilidade da medi\u00e7\u00e3o.<\/p>\n","protected":false},"featured_media":7957,"template":"","meta":{"inline_featured_image":false,"_monsterinsights_skip_tracking":false,"_monsterinsights_sitenote_active":false,"_monsterinsights_sitenote_note":"","_monsterinsights_sitenote_category":0},"product_brand":[],"product_cat":[94],"product_tag":[130,101],"class_list":{"0":"post-7956","1":"product","2":"type-product","3":"status-publish","4":"has-post-thumbnail","6":"product_cat-monitor-multiparametrico","7":"product_tag-alfamed","8":"product_tag-monitor-multiparametrico","10":"first","11":"instock","12":"shipping-taxable","13":"product-type-external"},"_links":{"self":[{"href":"https:\/\/onmedica.com.br\/te\/wp-json\/wp\/v2\/product\/7956","targetHints":{"allow":["GET"]}}],"collection":[{"href":"https:\/\/onmedica.com.br\/te\/wp-json\/wp\/v2\/product"}],"about":[{"href":"https:\/\/onmedica.com.br\/te\/wp-json\/wp\/v2\/types\/product"}],"wp:featuredmedia":[{"embeddable":true,"href":"https:\/\/onmedica.com.br\/te\/wp-json\/wp\/v2\/media\/7957"}],"wp:attachment":[{"href":"https:\/\/onmedica.com.br\/te\/wp-json\/wp\/v2\/media?parent=7956"}],"wp:term":[{"taxonomy":"product_brand","embeddable":true,"href":"https:\/\/onmedica.com.br\/te\/wp-json\/wp\/v2\/product_brand?post=7956"},{"taxonomy":"product_cat","embeddable":true,"href":"https:\/\/onmedica.com.br\/te\/wp-json\/wp\/v2\/product_cat?post=7956"},{"taxonomy":"product_tag","embeddable":true,"href":"https:\/\/onmedica.com.br\/te\/wp-json\/wp\/v2\/product_tag?post=7956"}],"curies":[{"name":"wp","href":"https:\/\/api.w.org\/{rel}","templated":true}]}}