{"id":7974,"date":"2024-06-10T20:01:22","date_gmt":"2024-06-10T20:01:22","guid":{"rendered":"https:\/\/onmedica.com.br\/te\/?post_type=product&#038;p=7974"},"modified":"2024-07-09T17:03:19","modified_gmt":"2024-07-09T20:03:19","slug":"monitor-multiparametro-vita-i120-tela-12-1%e2%80%b3-alfamed","status":"publish","type":"product","link":"https:\/\/onmedica.com.br\/te\/produto\/monitor-multiparametro-vita-i120-tela-12-1%e2%80%b3-alfamed\/","title":{"rendered":"Monitor Multipar\u00e2metros Vita i120 Tela 12.1\u2033 \u2013 Alfamed"},"content":{"rendered":"<h6><strong>Principais Caracter\u00edsticas<\/strong><\/h6>\n<p><strong>\u2981\u00a0\u00a0<\/strong>Comunica\u00e7\u00e3o HL7 \/ HIS Bidirecional;<br \/>\n<strong>\u2981\u00a0\u00a0<\/strong>Tela com inclina\u00e7\u00e3o de 105\u00ba touchscreen de 12.1\u2033 (VITA i120);<br \/>\n<strong>\u2981\u00a0\u00a0<\/strong>Interface amig\u00e1vel, customiz\u00e1vel e com teclas de atalho;<br \/>\n<strong>\u2981\u00a0\u00a0<\/strong>Revis\u00e3o de tend\u00eancias gr\u00e1ficas e num\u00e9ricas tabulares de at\u00e9 720 horas com intervalos configur\u00e1veis;<br \/>\n<strong>\u2981\u00a0\u00a0<\/strong>Alarmes t\u00e9cnicos e fisiol\u00f3gicos com diferentes LEDS;<br \/>\n<strong>\u2981\u00a0\u00a0<\/strong>Monitora a varia\u00e7\u00e3o de press\u00e3o de pulso sem custo adicional (delta PP ou PPV);<br \/>\n<strong>\u2981\u00a0\u00a0<\/strong>Detecta at\u00e9 33 arritmias;<br \/>\n<strong>\u2981\u00a0\u00a0<\/strong>Al\u00e7a para transporte e estrutura para armazenar cabos e acess\u00f3rios;<br \/>\n<strong>\u2981\u00a0\u00a0<\/strong>Leve e compacto com peso de apenas 4,0kg.<\/p>\n<h6><strong>Par\u00e2metros B\u00e1sicos<\/strong><\/h6>\n<p><strong>\u2981\u00a0\u00a0<\/strong>ECG 3\/5 vias;<br \/>\n<strong>\u2981\u00a0\u00a0<\/strong>SpO2;<br \/>\n<strong>\u2981\u00a0\u00a0<\/strong>Respira\u00e7\u00e3o;<br \/>\n<strong>\u2981\u00a0\u00a0<\/strong>Press\u00e3o N\u00c3O invasiva;<br \/>\n<strong>\u2981\u00a0\u00a0<\/strong>1 ou 2 canais de temperatura;<br \/>\n<strong>\u2981\u00a0\u00a0<\/strong>Frequ\u00eancia de Pulso.<\/p>\n<h6><strong>Par\u00e2metros Opcionais<\/strong><\/h6>\n<p><strong>\u2981\u00a0\u00a0<\/strong>1 ou 2 Canais de Press\u00e3o Invasiva;<br \/>\n<strong>\u2981\u00a0\u00a0<\/strong>ECG 12 deriva\u00e7\u00f5es;<br \/>\n<strong>\u2981\u00a0\u00a0<\/strong>Capnografia (Sidestream baixo fluxo);<br \/>\n<strong>\u2981\u00a0\u00a0<\/strong>D\u00e9bito card\u00edaco;<br \/>\n<strong>\u2981\u00a0\u00a0<\/strong>Registrador t\u00e9rmico;<br \/>\n<strong>\u2981\u00a0\u00a0<\/strong>Rede Wireless;<br \/>\n<strong>\u2981\u00a0\u00a0<\/strong>Touchscreen.<\/p>\n","protected":false},"excerpt":{"rendered":"<p>O Vita i 120 \u00e9 uma solu\u00e7\u00e3o com alta precis\u00e3o e qualidade, f\u00e1cil manuseio, design port\u00e1til e caracter\u00edsticas especialmente otimizadas para atendimento ambulatorial e emergencial, permitem monitoramento durante o transporte externo ou interno e aplic\u00e1vel inclusive em procedimentos de alta complexidade.<\/p>\n","protected":false},"featured_media":7973,"template":"","meta":{"inline_featured_image":false,"_monsterinsights_skip_tracking":false,"_monsterinsights_sitenote_active":false,"_monsterinsights_sitenote_note":"","_monsterinsights_sitenote_category":0},"product_brand":[],"product_cat":[94],"product_tag":[130,101],"class_list":{"0":"post-7974","1":"product","2":"type-product","3":"status-publish","4":"has-post-thumbnail","6":"product_cat-monitor-multiparametrico","7":"product_tag-alfamed","8":"product_tag-monitor-multiparametrico","10":"first","11":"instock","12":"shipping-taxable","13":"product-type-external"},"_links":{"self":[{"href":"https:\/\/onmedica.com.br\/te\/wp-json\/wp\/v2\/product\/7974","targetHints":{"allow":["GET"]}}],"collection":[{"href":"https:\/\/onmedica.com.br\/te\/wp-json\/wp\/v2\/product"}],"about":[{"href":"https:\/\/onmedica.com.br\/te\/wp-json\/wp\/v2\/types\/product"}],"wp:featuredmedia":[{"embeddable":true,"href":"https:\/\/onmedica.com.br\/te\/wp-json\/wp\/v2\/media\/7973"}],"wp:attachment":[{"href":"https:\/\/onmedica.com.br\/te\/wp-json\/wp\/v2\/media?parent=7974"}],"wp:term":[{"taxonomy":"product_brand","embeddable":true,"href":"https:\/\/onmedica.com.br\/te\/wp-json\/wp\/v2\/product_brand?post=7974"},{"taxonomy":"product_cat","embeddable":true,"href":"https:\/\/onmedica.com.br\/te\/wp-json\/wp\/v2\/product_cat?post=7974"},{"taxonomy":"product_tag","embeddable":true,"href":"https:\/\/onmedica.com.br\/te\/wp-json\/wp\/v2\/product_tag?post=7974"}],"curies":[{"name":"wp","href":"https:\/\/api.w.org\/{rel}","templated":true}]}}