{"id":7981,"date":"2024-06-10T20:16:20","date_gmt":"2024-06-10T20:16:20","guid":{"rendered":"https:\/\/onmedica.com.br\/te\/?post_type=product&#038;p=7981"},"modified":"2024-07-09T17:04:10","modified_gmt":"2024-07-09T20:04:10","slug":"oximetro-de-pulso-mesa-vita-200-alfamed","status":"publish","type":"product","link":"https:\/\/onmedica.com.br\/te\/produto\/oximetro-de-pulso-mesa-vita-200-alfamed\/","title":{"rendered":"Ox\u00edmetro de Pulso Mesa Vita 200 \u2013 Alfamed"},"content":{"rendered":"<h6><strong>Configura\u00e7\u00f5es Flex\u00edveis<\/strong><\/h6>\n<p>SpO2* (Ox\u00edmetro de Mesa);<\/p>\n<h6><strong>Caracter\u00edsticas Gerais<\/strong><\/h6>\n<p><strong>\u2981\u00a0\u00a0<\/strong>Medi\u00e7\u00e3o da frequ\u00eancia de pulso;<br \/>\n<strong>\u2981\u00a0\u00a0<\/strong>Medi\u00e7\u00e3o do \u00edndice de perfus\u00e3o;<br \/>\n<strong>\u2981\u00a0\u00a0<\/strong>Configur\u00e1vel para pacientes adulto, pedi\u00e1trico e neonatal;<br \/>\n<strong>\u2981\u00a0\u00a0<\/strong>Tela LCD 320\u00d7240 e tela de LED;<br \/>\n<strong>\u2981\u00a0\u00a0<\/strong>Comunica\u00e7\u00e3o bidirecional com Central de Monitoramento;<br \/>\n<strong>\u2981\u00a0\u00a0<\/strong>Revis\u00e3o de tend\u00eancias gr\u00e1ficas e num\u00e9ricas tabulares de at\u00e9 100 horas de dados de tend\u00eancia;<br \/>\n<strong>\u2981\u00a0\u00a0<\/strong>Alarmes funcionais para sensor solto, bateria fraca, rede etc;<br \/>\n<strong>\u2981\u00a0\u00a0<\/strong>Suporte para maca\/transporte (opcional);<br \/>\n<strong>\u2981\u00a0\u00a0<\/strong>Nellcor (opcional);<br \/>\n<strong>\u2981\u00a0\u00a0<\/strong>Impressora integrada (opcional);<\/p>\n<p>&nbsp;<\/p>\n<h6><strong>Mobilidade e Resist\u00eancia<\/strong><\/h6>\n<p><strong>\u2981\u00a0\u00a0<\/strong>Possui al\u00e7a para transporte para permitir o monitoramento de pacientes em tr\u00e2nsito, sendo ainda compactos e resistentes.<br \/>\n<strong>\u2981\u00a0\u00a0<\/strong>Tela Pletismogr\u00e1fica<br \/>\n<strong>\u2981\u00a0\u00a0<\/strong>Tela LCD com a exibi\u00e7\u00e3o da curva pletismogr\u00e1fica garante aos usu\u00e1rios um acompanhamento mais preciso do \u00edndice de oxigena\u00e7\u00e3o do paciente.<\/p>\n<p><strong>O Ox\u00edmetro de Mesa VITA 200 se adapta a diversos ambientes, inclusive em macas, com muita facilidade.<\/strong><\/p>\n","protected":false},"excerpt":{"rendered":"<p>O Ox\u00edmetro de Mesa VITA\u00ae 200 \u00e9 eficiente para monitorar pacientes ambulatoriais, em enfermarias, durante a triagem e com n\u00edveis regulares de acuidade. Projetado com design port\u00e1til, permite f\u00e1cil integra\u00e7\u00e3o com qualquer ambiente al\u00e9m de apresentar interface amig\u00e1vel eleva a experi\u00eancia de uso de m\u00e9dicos e enfermeiros.<\/p>\n","protected":false},"featured_media":8121,"template":"","meta":{"inline_featured_image":false,"_monsterinsights_skip_tracking":false,"_monsterinsights_sitenote_active":false,"_monsterinsights_sitenote_note":"","_monsterinsights_sitenote_category":0},"product_brand":[],"product_cat":[95],"product_tag":[130,107],"class_list":{"0":"post-7981","1":"product","2":"type-product","3":"status-publish","4":"has-post-thumbnail","6":"product_cat-oximetro","7":"product_tag-alfamed","8":"product_tag-oximetro","10":"first","11":"instock","12":"shipping-taxable","13":"product-type-external"},"_links":{"self":[{"href":"https:\/\/onmedica.com.br\/te\/wp-json\/wp\/v2\/product\/7981","targetHints":{"allow":["GET"]}}],"collection":[{"href":"https:\/\/onmedica.com.br\/te\/wp-json\/wp\/v2\/product"}],"about":[{"href":"https:\/\/onmedica.com.br\/te\/wp-json\/wp\/v2\/types\/product"}],"wp:featuredmedia":[{"embeddable":true,"href":"https:\/\/onmedica.com.br\/te\/wp-json\/wp\/v2\/media\/8121"}],"wp:attachment":[{"href":"https:\/\/onmedica.com.br\/te\/wp-json\/wp\/v2\/media?parent=7981"}],"wp:term":[{"taxonomy":"product_brand","embeddable":true,"href":"https:\/\/onmedica.com.br\/te\/wp-json\/wp\/v2\/product_brand?post=7981"},{"taxonomy":"product_cat","embeddable":true,"href":"https:\/\/onmedica.com.br\/te\/wp-json\/wp\/v2\/product_cat?post=7981"},{"taxonomy":"product_tag","embeddable":true,"href":"https:\/\/onmedica.com.br\/te\/wp-json\/wp\/v2\/product_tag?post=7981"}],"curies":[{"name":"wp","href":"https:\/\/api.w.org\/{rel}","templated":true}]}}