{"id":7984,"date":"2024-06-10T20:20:48","date_gmt":"2024-06-10T20:20:48","guid":{"rendered":"https:\/\/onmedica.com.br\/te\/?post_type=product&#038;p=7984"},"modified":"2024-07-09T17:06:09","modified_gmt":"2024-07-09T20:06:09","slug":"oximetro-de-pulso-portatil-sense-10-alfamed","status":"publish","type":"product","link":"https:\/\/onmedica.com.br\/te\/produto\/oximetro-de-pulso-portatil-sense-10-alfamed\/","title":{"rendered":"Ox\u00edmetro de Pulso Port\u00e1til Sense 10 \u2013 Alfamed"},"content":{"rendered":"<h6><strong>Caracter\u00edsticas Adicionais<\/strong><\/h6>\n<p>&nbsp;<\/p>\n<p><strong>\u2981\u00a0\u00a0<\/strong>Sensor de dedo com design exclusivo: O ox\u00edmetro de pulso SENSE 10 possui os mesmos algor\u00edtimos utilizados nos Monitores VITA para obten\u00e7\u00e3o de uma medi\u00e7\u00e3o exata e sem falhas. Contudo, desenvolvemos um sensor de dedo com design \u00fanico e exclusivo para garantir a obten\u00e7\u00e3o de um sinal ainda melhor mesmo sob circunst\u00e2ncias de uso desfavor\u00e1veis. O que facilita em muito o trabalho dos m\u00e9dicos e pacientes.<\/p>\n<p><strong>\u2981\u00a0\u00a0<\/strong>Antiqueda e desgaste natural: Equipamentos muito utilizados est\u00e3o tamb\u00e9m sujeitos a mais riscos de quedas, impactos e desgastes naturais . Por isso, o SENSE 10 possui uma base carregadora que fixa o equipamento al\u00e9m de dispensar uso de pilhas, capa de silicone antiquedas para prote\u00e7\u00e3o contra quedas e impactos al\u00e9m de design que permite adapta\u00e7\u00e3o e fixa\u00e7\u00e3o do equipamento em v\u00e1rios ambientes.<\/p>\n<p><strong>\u2981\u00a0\u00a0<\/strong>PatientCare\u00ae: Registro e An\u00e1lise de Informa\u00e7\u00f5es: Com o software PatientCare para registro dos dados de monitora\u00e7\u00e3o do paciente, os m\u00e9dicos podem acessar at\u00e9 300 horas de grava\u00e7\u00e3o para visualizar pelo PC. Este recurso \u00e9 ideal e recomendado para utiliza\u00e7\u00e3o em pacientes que est\u00e3o realizando exames de Apneia do Sono.<\/p>\n<h6><strong>Aplica\u00e7\u00f5es<\/strong><\/h6>\n<p><strong>\u2981\u00a0\u00a0<\/strong>Homecare;<br \/>\n<strong>\u2981\u00a0\u00a0<\/strong>Pronto-atendimento;<br \/>\n<strong>\u2981\u00a0\u00a0<\/strong>Enfermarias;<br \/>\n<strong>\u2981\u00a0\u00a0<\/strong>Exame apneia do sono;<br \/>\n<strong>\u2981\u00a0\u00a0<\/strong>Ambul\u00e2ncias.<\/p>\n<h6><strong>Informa\u00e7\u00f5es T\u00e9cnicas<\/strong><\/h6>\n<p><strong>\u2981\u00a0\u00a0<\/strong> Medi\u00e7\u00e3o de SpO2,<br \/>\n<strong>\u2981\u00a0\u00a0<\/strong>Frequ\u00eancia de pulso<br \/>\n<strong>\u2981\u00a0\u00a0<\/strong>Tela com onda pletismogr\u00e1fica<br \/>\n<strong>\u2981\u00a0\u00a0<\/strong>Compat\u00edvel com software de gest\u00e3o de dados<br \/>\n<strong>\u2981\u00a0\u00a0<\/strong>Indicador de Perfus\u00e3o<br \/>\n<strong>\u2981\u00a0\u00a0<\/strong>Faixa de Medi\u00e7\u00e3o de SpO2: 0 a 100%<br \/>\n<strong>\u2981\u00a0\u00a0<\/strong>Faixa de Medi\u00e7\u00e3o de freq. Pulso: 25 a 300 bpm<br \/>\n<strong>\u2981\u00a0\u00a0<\/strong>Tela LCD- Alarme audiovisual<br \/>\n<strong>\u2981\u00a0\u00a0<\/strong>Tabelas de tend\u00eancia<br \/>\n<strong>\u2981\u00a0\u00a0<\/strong>Grande capacidade de armazenamento.<br \/>\n<strong>\u2981\u00a0\u00a0<\/strong>Peso: 165 gramas<br \/>\n<strong>\u2981\u00a0\u00a0<\/strong>Autonomia: Pilhas (48 horas) Bateria (36 horas)<br \/>\n<strong>\u2981\u00a0\u00a0<\/strong>Tecnologia para baixa perfus\u00e3o e movimenta\u00e7\u00e3o<\/p>\n","protected":false},"excerpt":{"rendered":"<p>Desenvolvido com tecnologia de ponta e par\u00e2metros otimizados, o Sense 10 \u00e9 um ox\u00edmetro de pulso port\u00e1til capaz de realizar uma medi\u00e7\u00e3o sens\u00edvel e confi\u00e1vel dos n\u00edveis de oxigena\u00e7\u00e3o no sangue mesmo sob dif\u00edceis condi\u00e7\u00f5es de uso. Seu design ergon\u00f4mico e compacto foi projetado para facilitar o manuseio e sua interface desenvolvida para aumentar a qualidade de uso pelo usu\u00e1rio. O Ox\u00edmetro de Pulso Sense 10 \u00e9 a solu\u00e7\u00e3o mais indicada para homecare, procurado por equipes profissionais que realizam trabalhos de monitora\u00e7\u00e3o de pacientes em casa.<br \/>\nO Sense 10 inaugura um amplo conceito em oximetria port\u00e1til com medi\u00e7\u00e3o de SpO2, Tela LCD, alarme audiovisual, tabelas de tend\u00eancia e grande capacidade de armazenamento, frequ\u00eancia de pulso, tela com onda pletismogr\u00e1fica e compat\u00edvel com software de gest\u00e3o de dados.<\/p>\n","protected":false},"featured_media":7985,"template":"","meta":{"inline_featured_image":false,"_monsterinsights_skip_tracking":false,"_monsterinsights_sitenote_active":false,"_monsterinsights_sitenote_note":"","_monsterinsights_sitenote_category":0},"product_brand":[],"product_cat":[95],"product_tag":[130,107],"class_list":{"0":"post-7984","1":"product","2":"type-product","3":"status-publish","4":"has-post-thumbnail","6":"product_cat-oximetro","7":"product_tag-alfamed","8":"product_tag-oximetro","10":"first","11":"instock","12":"shipping-taxable","13":"product-type-external"},"_links":{"self":[{"href":"https:\/\/onmedica.com.br\/te\/wp-json\/wp\/v2\/product\/7984","targetHints":{"allow":["GET"]}}],"collection":[{"href":"https:\/\/onmedica.com.br\/te\/wp-json\/wp\/v2\/product"}],"about":[{"href":"https:\/\/onmedica.com.br\/te\/wp-json\/wp\/v2\/types\/product"}],"wp:featuredmedia":[{"embeddable":true,"href":"https:\/\/onmedica.com.br\/te\/wp-json\/wp\/v2\/media\/7985"}],"wp:attachment":[{"href":"https:\/\/onmedica.com.br\/te\/wp-json\/wp\/v2\/media?parent=7984"}],"wp:term":[{"taxonomy":"product_brand","embeddable":true,"href":"https:\/\/onmedica.com.br\/te\/wp-json\/wp\/v2\/product_brand?post=7984"},{"taxonomy":"product_cat","embeddable":true,"href":"https:\/\/onmedica.com.br\/te\/wp-json\/wp\/v2\/product_cat?post=7984"},{"taxonomy":"product_tag","embeddable":true,"href":"https:\/\/onmedica.com.br\/te\/wp-json\/wp\/v2\/product_tag?post=7984"}],"curies":[{"name":"wp","href":"https:\/\/api.w.org\/{rel}","templated":true}]}}