{"id":7995,"date":"2024-06-10T20:29:49","date_gmt":"2024-06-10T20:29:49","guid":{"rendered":"https:\/\/onmedica.com.br\/te\/?post_type=product&#038;p=7995"},"modified":"2024-07-09T17:13:02","modified_gmt":"2024-07-09T20:13:02","slug":"apolo-d-arco-aparelho-de-raios-x-digital-vmi-medica","status":"publish","type":"product","link":"https:\/\/onmedica.com.br\/te\/produto\/apolo-d-arco-aparelho-de-raios-x-digital-vmi-medica\/","title":{"rendered":"Apolo D Arco \u2013 Aparelho de Raios X Digital \u2013 Estativa Arco \u2013 VMI M\u00e9dica"},"content":{"rendered":"<h6><strong>Apolo D series \u2013 Aparelho de Raios X Digital \u2013 Estativa Arco \u2013 Alta Performance 150 kV 800 mA<\/strong><\/h6>\n<p>O APOLO D incorpora as \u00faltimas tecnologias na captura e forma\u00e7\u00e3o da imagem digital, de forma integrada e direta (nativa). Alta performance, interatividade, produtividade, seguran\u00e7a e design moderno s\u00e3o caracter\u00edsticas marcantes deste equipamento.<\/p>\n<h6><strong>Comando e Gerador<\/strong><\/h6>\n<p>\u2022 Gerador de alta frequ\u00eancia com controles microprocessados: pot\u00eancia 64 kW;<br \/>\n\u2022 Alimenta\u00e7\u00e3o trif\u00e1sico: 220 \/ 380 Vca \u2013 50\/60 Hz;<br \/>\n\u2022 Tecnologia ressonante: chaveamento por IGBT\u2019s;<br \/>\n\u2022 Faixa de kV: 40 a 150 kV \u2013 incrementos: 1 kV \/ modo AEC: 0,1kV ( a partir de 30 kV opcional);<\/p>\n<h6><strong>Faixa de mA<\/strong><\/h6>\n<p><strong>\u2981\u00a0\u00a0<\/strong>Foco fino: 20\/50\/100\/160\/220 mA (program\u00e1veis);<br \/>\n<strong>\u2981\u00a0\u00a0<\/strong>Foco grosso: 280\/400\/500\/630\/800 mA (program\u00e1veis);<br \/>\n<strong>\u2981\u00a0\u00a0<\/strong>Faixa de mAS: 0.1 a 630 mAS (opcional: 800 mAS);<br \/>\n<strong>\u2022<\/strong> Tempos de exposi\u00e7\u00e3o: 0.001 a 6,3 seg. (opcional: 8 seg.);<br \/>\n<strong>\u2981\u00a0\u00a0<\/strong>PAO \u2013 Programa anat\u00f4mico de \u00f3rg\u00e3os: 272 t\u00e9cnicas pr\u00e9-programadas;<br \/>\n<strong>\u2981\u00a0\u00a0<\/strong>Indica\u00e7\u00e3o num\u00e9rica em percentual de kHU\u2019s do aquecimento do tubo de raios X no painel de comando;<br \/>\n<strong>\u2981\u00a0\u00a0<\/strong>Comandos espec\u00edficos para preparo e disparo instant\u00e2neo dos raios X;<br \/>\n<strong>\u2981\u00a0\u00a0<\/strong>Frenagem inteligente do anodo via software, preservando a vida \u00fatil ao tubo de raios X;<\/p>\n<h6><strong>Principais prote\u00e7\u00f5es \u2013 Online<\/strong><\/h6>\n<p><strong>\u2981\u00a0\u00a0<\/strong>Sistema de detec\u00e7\u00e3o autom\u00e1tico de falhas com apresenta\u00e7\u00e3o no painel de comando<br \/>\n<strong>\u2981\u00a0\u00a0<\/strong>Prote\u00e7\u00e3o t\u00e9rmica do conjunto emissor de raios X (superaquecimento)<br \/>\n<strong>\u2981\u00a0\u00a0<\/strong>Falha no circuito de filamento de sub e sobre corrente<br \/>\n<strong>\u2981\u00a0\u00a0<\/strong>Falha no circuito girat\u00f3rio de sub sobre corrente<br \/>\n<strong>\u2981\u00a0\u00a0<\/strong>Tempo de exposi\u00e7\u00e3o acima do permitido<br \/>\n<strong>\u2981\u00a0\u00a0<\/strong>Sistema de prote\u00e7\u00e3o contra sobrecarga no tubo de raios X<\/p>\n<h6><strong>Conjunto emissor de raios X<\/strong><\/h6>\n<p><strong>\u2981\u00a0\u00a0<\/strong>Tubo de Raios-X: 150kV, capacidade t\u00e9rmica do anodo girat\u00f3rio: 300 kHU;<br \/>\n<strong>\u2981\u00a0\u00a0<\/strong>Pontos focais: 0,6 mm foco fino \/ 1,2 mm foco grosso;<br \/>\n<strong>\u2981\u00a0\u00a0<\/strong>Pot\u00eancias focais: 27 kW foco fino \/ 75 kW foco grosso (opcional 35 kW \/ 85 kW);<br \/>\n<strong>\u2981\u00a0\u00a0<\/strong>Alta rota\u00e7\u00e3o do anodo: 9700 rpm;<br \/>\n<strong>\u2981\u00a0\u00a0<\/strong>Cabo de alta tens\u00e3o: isola\u00e7\u00e3o 150 kV;<br \/>\n<strong>\u2981\u00a0\u00a0<\/strong>Alta capacidade t\u00e9rmica do conjunto: 900 kJ (1250 Khu) condi\u00e7\u00e3o ambiental padr\u00e3o;<\/p>\n<h6><strong>Colimador luminoso<\/strong><\/h6>\n<p><strong>\u2981\u00a0\u00a0<\/strong>Ajustes da \u00e1rea a ser irradiada atrav\u00e9s de bot\u00f5es girat\u00f3rios;<br \/>\n<strong>\u2981\u00a0\u00a0<\/strong>L\u00e2minas planas ajust\u00e1veis para corte em profundidade;<br \/>\n<strong>\u2981\u00a0\u00a0<\/strong>Campo luminoso para indica\u00e7\u00e3o da \u00e1rea a ser irradiada com indicador de centraliza\u00e7\u00e3o;<br \/>\n<strong>\u2981\u00a0\u00a0<\/strong>Acionamento de l\u00e2mpada de 100 W: temporizador eletr\u00f4nico de 30 s e desligamento autom\u00e1tico;<br \/>\n<strong>\u2981\u00a0\u00a0<\/strong>Rota\u00e7\u00e3o do colimador: 360 graus (+\/- 180 graus);<br \/>\n<strong>\u2981\u00a0\u00a0<\/strong>Filtra\u00e7\u00e3o inerente: 1,8 ou 2,0 mm Al;<br \/>\n<strong>\u2981\u00a0\u00a0<\/strong>Prote\u00e7\u00e3o: 150 kV;<br \/>\n<strong>\u2981\u00a0\u00a0<\/strong>Trilho para filtros adicionais e cones radiogr\u00e1ficos;<\/p>\n<h6><strong>Esta\u00e7\u00e3o de Aquisi\u00e7\u00e3o e Tratamento de Imagem Digital<\/strong><\/h6>\n<p><strong>\u2981\u00a0\u00a0<\/strong>Processador: Intel Core i5.<br \/>\n<strong>\u2981\u00a0\u00a0<\/strong>Disco r\u00edgido: 1 TB de capacidade ou maior (opcional).<br \/>\n<strong>\u2981\u00a0\u00a0<\/strong>Mem\u00f3ria RAM: 8 GB ou maior (opcional).<br \/>\n<strong>\u2981\u00a0\u00a0<\/strong>Monitor LED de alta resolu\u00e7\u00e3o: 23 polegadas touchscreen.<br \/>\n<strong>\u2981\u00a0\u00a0<\/strong>Capacidade de armazenamento: 50.000 imagens ou maior (opcional).<br \/>\n<strong>\u2981\u00a0\u00a0<\/strong>Software de Aquisi\u00e7\u00e3o de Imagens Digitais em portugu\u00eas (BR).<br \/>\n<strong>\u2981\u00a0\u00a0<\/strong>Indica\u00e7\u00e3o, na tela inicial, do status de conex\u00e3o com PACS e Impressora DICOM.<br \/>\n<strong>\u2981\u00a0\u00a0<\/strong>Inser\u00e7\u00e3o de dados dos pacientes de forma manual, via Servidor de WorkList e importa\u00e7\u00e3o de arquivos do Excel.<br \/>\n<strong>\u2981\u00a0\u00a0<\/strong>Exames de emerg\u00eancia, sem a necessidade de cadastro do paciente.<br \/>\n<strong>\u2981\u00a0\u00a0<\/strong>Inser\u00e7\u00e3o de medidas lineares e angula\u00e7\u00f5es.<br \/>\n<strong>\u2981\u00a0\u00a0<\/strong>Aplica\u00e7\u00e3o de zoom localizado. Aplica\u00e7\u00e3o de zoom total na imagem. Filtro espacial.<br \/>\n<strong>\u2981\u00a0\u00a0<\/strong>Aplica\u00e7\u00e3o de Brilho\/Contraste atrav\u00e9s de atalho no mouse.<br \/>\n<strong>\u2981\u00a0\u00a0<\/strong>Ferramentas de Zoom, ajuste ao tamanho da janela, espelhamento e ajuste de Brilho\/Contraste no momento da impress\u00e3o.<br \/>\n<strong>\u2981\u00a0\u00a0<\/strong>Fun\u00e7\u00f5es para forma\u00e7\u00e3o de ESCANOMETRIA e RADIOGRAFIA PANOR\u00c2MICA, com ajustes espec\u00edficos para a fun\u00e7\u00e3o, como jun\u00e7\u00e3o por n\u00edvel de Brilho\/Contraste ou pontos definidos pelo usu\u00e1rio.<br \/>\n<strong>\u2981\u00a0\u00a0<\/strong>Rota\u00e7\u00e3o e invers\u00e3o de Imagem, possibilidade de inser\u00e7\u00e3o de texto fixo\/editado.<br \/>\n<strong>\u2981\u00a0\u00a0<\/strong>Exporta\u00e7\u00e3o da lista de exames realizados em formato de planilha do Excel.<br \/>\n<strong>\u2981\u00a0\u00a0<\/strong>Ferramentas de espelhamento de imagens nos sentidos vertical e horizontal.<br \/>\n<strong>\u2981\u00a0\u00a0<\/strong>Giros de imagens de 90 graus passo a passo, para direita e\/ou esquerda.<br \/>\n<strong>\u2981\u00a0\u00a0<\/strong>Pacote DICOM 3.0 completo com: Print (Impress\u00e3o DICOM), Storage (Envio de imagens no padr\u00e3o DICOM para sistemas PACS, envio para laudo \u00e0 dist\u00e2ncia), Modality Worklist (Lista de trabalho DICOM), Burn (grava\u00e7\u00e3o de CD\/DVD com autoexecut\u00e1vel e ferramentas DICOM.<\/p>\n","protected":false},"excerpt":{"rendered":"<p>O APOLO D incorpora as \u00faltimas tecnologias na captura e forma\u00e7\u00e3o da imagem digital, de forma integrada e direta (nativa). Alta performance, interatividade, produtividade, seguran\u00e7a e design moderno s\u00e3o caracter\u00edsticas marcantes deste equipamento.<\/p>\n<p>A\u00a0uni\u00e3o da alta performance do gerador, com a mobilidade de uma estativa desenvolvida para cl\u00ednicas e salas com tamanho reduzido. Pr\u00e1tico, funcional e de alta durabilidade, o Apolo D Arco tem f\u00e1cil manuseio e movimento vertical motorizado, incluindo o ajuste de SID, facilitando o posicionamento da estativa e sua opera\u00e7\u00e3o com a utiliza\u00e7\u00e3o de um \u00fanico detector digital para as rotinas de exames de mesa e mural.<\/p>\n","protected":false},"featured_media":8120,"template":"","meta":{"inline_featured_image":false,"_monsterinsights_skip_tracking":false,"_monsterinsights_sitenote_active":false,"_monsterinsights_sitenote_note":"","_monsterinsights_sitenote_category":0},"product_brand":[],"product_cat":[96],"product_tag":[108,127],"class_list":{"0":"post-7995","1":"product","2":"type-product","3":"status-publish","4":"has-post-thumbnail","6":"product_cat-raios-x","7":"product_tag-raios-x","8":"product_tag-vmi","10":"first","11":"instock","12":"shipping-taxable","13":"product-type-external"},"_links":{"self":[{"href":"https:\/\/onmedica.com.br\/te\/wp-json\/wp\/v2\/product\/7995","targetHints":{"allow":["GET"]}}],"collection":[{"href":"https:\/\/onmedica.com.br\/te\/wp-json\/wp\/v2\/product"}],"about":[{"href":"https:\/\/onmedica.com.br\/te\/wp-json\/wp\/v2\/types\/product"}],"wp:featuredmedia":[{"embeddable":true,"href":"https:\/\/onmedica.com.br\/te\/wp-json\/wp\/v2\/media\/8120"}],"wp:attachment":[{"href":"https:\/\/onmedica.com.br\/te\/wp-json\/wp\/v2\/media?parent=7995"}],"wp:term":[{"taxonomy":"product_brand","embeddable":true,"href":"https:\/\/onmedica.com.br\/te\/wp-json\/wp\/v2\/product_brand?post=7995"},{"taxonomy":"product_cat","embeddable":true,"href":"https:\/\/onmedica.com.br\/te\/wp-json\/wp\/v2\/product_cat?post=7995"},{"taxonomy":"product_tag","embeddable":true,"href":"https:\/\/onmedica.com.br\/te\/wp-json\/wp\/v2\/product_tag?post=7995"}],"curies":[{"name":"wp","href":"https:\/\/api.w.org\/{rel}","templated":true}]}}