{"id":8006,"date":"2024-06-10T20:38:11","date_gmt":"2024-06-10T20:38:11","guid":{"rendered":"https:\/\/onmedica.com.br\/te\/?post_type=product&#038;p=8006"},"modified":"2024-07-09T17:24:00","modified_gmt":"2024-07-09T20:24:00","slug":"apolo-d-series-aparelho-de-raios-x-digital-mesa-mural-bucky-vmi-medica","status":"publish","type":"product","link":"https:\/\/onmedica.com.br\/te\/produto\/apolo-d-series-aparelho-de-raios-x-digital-mesa-mural-bucky-vmi-medica\/","title":{"rendered":"Apolo D Series \u2013 Aparelho de Raios X Digital \u2013 Mesa Mural Bucky \u2013 VMI M\u00e9dica"},"content":{"rendered":"<h6><strong>Comando e Gerador<\/strong><\/h6>\n<p><strong>\u2981\u00a0\u00a0<\/strong>Gerador de alta frequ\u00eancia com controles microprocessados: pot\u00eancia 64 kW<br \/>\n<strong>\u2981\u00a0\u00a0<\/strong>Alimenta\u00e7\u00e3o trif\u00e1sico: 220 \/ 380 Vca \u2013 50\/60 Hz<br \/>\n<strong>\u2981\u00a0\u00a0<\/strong>Tecnologia ressonante: chaveamento por IGBT\u2019s<br \/>\n<strong>\u2981\u00a0\u00a0<\/strong>Faixa de kV: 40 a 150 kV \u2013 incrementos: 1 kV \/ modo AEC: 0,1kV ( a partir de 30 kV opcional)<\/p>\n<p><strong>\u2981\u00a0\u00a0<\/strong>Faixa de mA:<br \/>\n<strong>\u2981\u00a0\u00a0<\/strong>Foco fino: 20\/50\/100\/160\/220 mA (program\u00e1veis)<br \/>\n<strong>\u2981\u00a0\u00a0<\/strong>Foco grosso: 280\/400\/500\/630\/800 mA (program\u00e1veis)<br \/>\n<strong>\u2981\u00a0\u00a0<\/strong>Faixa de mAS: 0.1 a 630 mAS (opcional: 800 mAS)<br \/>\n<strong>\u2981\u00a0\u00a0<\/strong>Tempos de exposi\u00e7\u00e3o: 0.001 a 6,3 seg. (opcional: 8 seg.)<br \/>\n<strong>\u2981\u00a0\u00a0<\/strong>PAO \u2013 Programa anat\u00f4mico de \u00f3rg\u00e3os: 272 t\u00e9cnicas pr\u00e9-programadas<br \/>\n<strong>\u2981\u00a0\u00a0<\/strong>Indica\u00e7\u00e3o num\u00e9rica em percentual de kHU\u2019s do aquecimento do tubo de raios X no painel de comando<br \/>\n<strong>\u2981\u00a0\u00a0<\/strong>Comandos espec\u00edficos para preparo e disparo instant\u00e2neo dos raios X<br \/>\n<strong>\u2981\u00a0\u00a0<\/strong>Frenagem inteligente do anodo via software, preservando a vida \u00fatil ao tubo de raios X<\/p>\n<h6><strong>Principais prote\u00e7\u00f5es \u2013 online<\/strong><\/h6>\n<p>\u2013 Sistema de detec\u00e7\u00e3o autom\u00e1tico de falhas com apresenta\u00e7\u00e3o no painel de comando;<br \/>\n\u2013 Prote\u00e7\u00e3o t\u00e9rmica do conjunto emissor de raios X (superaquecimento);<br \/>\n\u2013 Falha no circuito de filamento de sub e sobre corrente;<br \/>\n\u2013 Falha no circuito girat\u00f3rio de sub sobre corrente;<br \/>\n\u2013 Tempo de exposi\u00e7\u00e3o acima do permitido;<br \/>\n\u2013 Sistema de prote\u00e7\u00e3o contra sobrecarga no tubo de raios X;<\/p>\n<h6><strong>Conjunto emissor de raios X<\/strong><\/h6>\n<p><strong>\u2981\u00a0\u00a0<\/strong>Tubo de Raios-X: 150kV, capacidade t\u00e9rmica do anodo girat\u00f3rio: 300 kHU;<br \/>\n<strong>\u2981\u00a0\u00a0<\/strong>Pontos focais: 0,6 mm foco fino \/ 1,2 mm foco grosso;<br \/>\n<strong>\u2981\u00a0\u00a0<\/strong>Pot\u00eancias focais: 27 kW foco fino \/ 75 kW foco grosso (opcional 35 kW \/ 85 kW);<br \/>\n<strong>\u2981\u00a0\u00a0<\/strong>Alta rota\u00e7\u00e3o do anodo: 9700 rpm;<br \/>\n<strong>\u2981\u00a0\u00a0<\/strong>Cabo de alta tens\u00e3o: isola\u00e7\u00e3o 150 kV;<br \/>\n<strong>\u2981\u00a0\u00a0<\/strong>Alta capacidade t\u00e9rmica do conjunto: 900 kJ (1250 Khu) condi\u00e7\u00e3o ambiental padr\u00e3o;<\/p>\n<h6><strong>Colimador luminoso<\/strong><\/h6>\n<p><strong>\u2981\u00a0\u00a0<\/strong>Ajustes da \u00e1rea a ser irradiada atrav\u00e9s de bot\u00f5es girat\u00f3rios;<br \/>\n<strong>\u2981\u00a0\u00a0<\/strong>L\u00e2minas planas ajust\u00e1veis para corte em profundidade;<br \/>\n<strong>\u2981\u00a0\u00a0<\/strong>Campo luminoso para indica\u00e7\u00e3o da \u00e1rea a ser irradiada com indicador de centraliza\u00e7\u00e3o<br \/>\n<strong>\u2981\u00a0\u00a0<\/strong>Acionamento de l\u00e2mpada de 100 W: temporizador eletr\u00f4nico de 30 s e desligamento autom\u00e1tico;<br \/>\n<strong>\u2981\u00a0\u00a0<\/strong>Rota\u00e7\u00e3o do colimador: 360 graus (+\/- 180 graus)<br \/>\n<strong>\u2981\u00a0\u00a0<\/strong>Filtra\u00e7\u00e3o inerente: 1,8 ou 2,0 mm Al;<br \/>\n<strong>\u2981\u00a0\u00a0<\/strong>Prote\u00e7\u00e3o: 150 kV;<br \/>\n<strong>\u2981\u00a0\u00a0<\/strong>Trilho para filtros adicionais e cones radiogr\u00e1ficos;<\/p>\n<h6><strong>Mesa bucky elevat\u00f3ria<\/strong><\/h6>\n<p><strong>\u2981\u00a0\u00a0<\/strong>Tampo flutuante;<\/p>\n<p><strong>\u2981\u00a0\u00a0<\/strong>Deslocamento elevat\u00f3rio: 56 a 76cm;<br \/>\n<strong>\u2981\u00a0\u00a0<\/strong>Deslocamentos do tampo: longitudinal 70cm \/ transversal 24cm;<br \/>\n<strong>\u2981\u00a0\u00a0<\/strong>Deslocamentos do detector\/bucky: 70cm;<br \/>\n<strong>\u2981\u00a0\u00a0<\/strong>Dimens\u00f5es: 2250 x 900 em material biocompat\u00edvel homog\u00eaneo;<br \/>\n<strong>\u2981\u00a0\u00a0<\/strong>Grade antidifusora: 10:1 \u2013 152 L\/pol \u2013 ponto focal 34 a 44 polegadas;<br \/>\n<strong>\u2981\u00a0\u00a0<\/strong>Capacidade de carga: 250 kg \u2013 fator de carga 4x (1000 kg);<br \/>\n<strong>\u2981\u00a0\u00a0<\/strong>Indica\u00e7\u00e3o de centraliza\u00e7\u00e3o do tampo bucky por click;<\/p>\n<h6><strong>Mural Bucky \u2013 MBG<\/strong><\/h6>\n<p><strong>\u2981\u00a0\u00a0<\/strong>Deslocamento vertical: 130cm<br \/>\n<strong>\u2981\u00a0\u00a0<\/strong>Angula\u00e7\u00e3o de +\/- 90 \u00b0 para incid\u00eancias obl\u00edquas<br \/>\n<strong>\u2981\u00a0\u00a0<\/strong>Bucky porta detector equipado com grade-antidifusora: raz\u00e3o 10:1 com 152 linhas\/polegada \u2013 ponto focal 40 a 72 polegadas<br \/>\n<strong>\u2981\u00a0\u00a0<\/strong>Freios: eletromagn\u00e9tico movimento vertical \/ mec\u00e2nico para inclina\u00e7\u00e3o<\/p>\n<h6><strong>Estativa Porta-Tubo Ch\u00e3o ou Ch\u00e3o-Teto<\/strong><\/h6>\n<p><strong>\u2981\u00a0\u00a0<\/strong>Movimento Longitudinal: 1.5m a 6m \/ Vertical: 160cm;<br \/>\n<strong>\u2981\u00a0\u00a0<\/strong>Dist\u00e2ncia: foco mesa 15cm a 130cm;<br \/>\n<strong>\u2981\u00a0\u00a0<\/strong>Movimento transversal telesc\u00f3pico do bra\u00e7o: 30cm;<br \/>\n<strong>\u2981\u00a0\u00a0<\/strong>Angula\u00e7\u00e3o axial do tubo: +\/- 15 graus;<br \/>\n<strong>\u2981\u00a0\u00a0<\/strong>Rota\u00e7\u00e3o vertical da coluna: 360 graus;<br \/>\n<strong>\u2981\u00a0\u00a0<\/strong>Rota\u00e7\u00e3o do tubo de raios X: 360 graus \u2013 angulador +\/- 180 graus;<br \/>\n<strong>\u2981\u00a0\u00a0<\/strong>Freios eletromagn\u00e9ticos;<\/p>\n<h6><strong>Painel de Captura Digital de Imagem<\/strong><\/h6>\n<p><strong>\u2981\u00a0\u00a0<\/strong>Painel de Captura de Imagem Digital em estado s\u00f3lido, cintilador de Iodeto de C\u00e9sio (CsI) e conversor de Sil\u00edcio Amorfo (a-SI) \u2013 (opcional Sel\u00eanio Amorfo).<br \/>\n<strong>\u2981\u00a0\u00a0<\/strong>\u00c1rea ativa: 43 x 43 cm \u2013 (opcional 35 x 43cm).<br \/>\n<strong>\u2981\u00a0\u00a0<\/strong>Transmiss\u00e3o de dados: Cabeado ou Wireless (opcional).<br \/>\n<strong>\u2981\u00a0\u00a0<\/strong>Resolu\u00e7\u00e3o de imagem com matriz: 3072 x 3072 pixels (opcional 2560 x 3072 pixels).<br \/>\n<strong>\u2981\u00a0\u00a0<\/strong>Tamanho do pixel: 140 \u03bcm.<br \/>\n<strong>\u2981\u00a0\u00a0<\/strong>Conversor A\/D: 14 bits.<br \/>\n<strong>\u2981\u00a0\u00a0<\/strong>Pr\u00e9-visualiza\u00e7\u00e3o ap\u00f3s o disparo de raios-x em 2 segundos e forma\u00e7\u00e3o da imagem em 7 segundos;<\/p>\n<h6><strong>Esta\u00e7\u00e3o de Aquisi\u00e7\u00e3o e Tratamento de Imagem Digital<\/strong><\/h6>\n<p><strong>\u2981\u00a0\u00a0<\/strong>Processador: Intel Core i5.<br \/>\n<strong>\u2981\u00a0\u00a0<\/strong>Disco r\u00edgido: 1 TB de capacidade ou maior (opcional).<br \/>\n<strong>\u2981\u00a0\u00a0<\/strong>Mem\u00f3ria RAM: 8 GB ou maior (opcional).<br \/>\n<strong>\u2981\u00a0\u00a0<\/strong>Monitor LED de alta resolu\u00e7\u00e3o: 23 polegadas touchscreen.<br \/>\n<strong>\u2981\u00a0\u00a0<\/strong>Capacidade de armazenamento: 50.000 imagens ou maior (opcional).<br \/>\n<strong>\u2981\u00a0\u00a0<\/strong>Software de Aquisi\u00e7\u00e3o de Imagens Digitais em portugu\u00eas (BR).<br \/>\n<strong>\u2981\u00a0\u00a0<\/strong>Indica\u00e7\u00e3o, na tela inicial, do status de conex\u00e3o com PACS e Impressora DICOM.<br \/>\n<strong>\u2981\u00a0\u00a0<\/strong>Inser\u00e7\u00e3o de dados dos pacientes de forma manual, via Servidor de WorkList e importa\u00e7\u00e3o de arquivos do Excel.<br \/>\n<strong>\u2981\u00a0\u00a0<\/strong>Exames de emerg\u00eancia, sem a necessidade de cadastro do paciente.<br \/>\n<strong>\u2981\u00a0\u00a0<\/strong>Inser\u00e7\u00e3o de medidas lineares e angula\u00e7\u00f5es.<br \/>\n<strong>\u2981\u00a0\u00a0<\/strong>Aplica\u00e7\u00e3o de zoom localizado. Aplica\u00e7\u00e3o de zoom total na imagem. Filtro espacial.<br \/>\n<strong>\u2981\u00a0\u00a0<\/strong>Aplica\u00e7\u00e3o de Brilho\/Contraste atrav\u00e9s de atalho no mouse.<br \/>\n<strong>\u2981\u00a0\u00a0<\/strong>Ferramentas de Zoom, ajuste ao tamanho da janela, espelhamento e ajuste de Brilho\/Contraste no momento da impress\u00e3o.<br \/>\n<strong>\u2981\u00a0\u00a0<\/strong>Fun\u00e7\u00f5es para forma\u00e7\u00e3o de ESCANOMETRIA e RADIOGRAFIA PANOR\u00c2MICA, com ajustes espec\u00edficos para a fun\u00e7\u00e3o, como jun\u00e7\u00e3o por n\u00edvel de Brilho\/Contraste ou pontos definidos pelo usu\u00e1rio.<br \/>\n<strong>\u2981\u00a0\u00a0<\/strong>Rota\u00e7\u00e3o e invers\u00e3o de Imagem, possibilidade de inser\u00e7\u00e3o de texto fixo\/editado.<br \/>\n<strong>\u2981\u00a0\u00a0<\/strong>Exporta\u00e7\u00e3o da lista de exames realizados em formato de planilha do Excel.<br \/>\n<strong>\u2981\u00a0\u00a0<\/strong>Ferramentas de espelhamento de imagens nos sentidos vertical e horizontal.<br \/>\n<strong>\u2981\u00a0\u00a0<\/strong>Giros de imagens de 90 graus passo a passo, para direita e\/ou esquerda.<br \/>\n<strong>\u2981\u00a0\u00a0<\/strong>Pacote DICOM 3.0 completo com: Print (Impress\u00e3o DICOM), Storage (Envio de imagens no padr\u00e3o DICOM para sistemas PACS, envio para laudo \u00e0 dist\u00e2ncia), Modality Worklist (Lista de trabalho DICOM), Burn (grava\u00e7\u00e3o de CD\/DVD com autoexecut\u00e1vel e ferramentas DICOM.<\/p>\n<p><strong>Opcionais<\/strong><\/p>\n<p><strong>\u2981\u00a0\u00a0<\/strong>Comando gerador: 800mA \/ 125kV \u2013 500 mA \/ 150kV \u2013 500 mA \/ 125kV<br \/>\n<strong>\u2981\u00a0\u00a0<\/strong>Mesa Bucky Tampo Flutuante<br \/>\n<strong>\u2981\u00a0\u00a0<\/strong>Mural Bucky MB<br \/>\n<strong>\u2981\u00a0\u00a0<\/strong>Faixa compressora urol\u00f3gica<br \/>\n<strong>\u2981\u00a0\u00a0<\/strong>Nobreak (compat\u00edvel com esta\u00e7\u00e3o de trabalho)<br \/>\n<strong>\u2981\u00a0\u00a0<\/strong>PDA: Medidor do produto dose x \u00e1rea em \u201c\u03bcSv\u201d<br \/>\n<strong>\u2981\u00a0\u00a0<\/strong>AEC \u2013 Controle autom\u00e1tico de exposi\u00e7\u00e3o<\/p>\n","protected":false},"excerpt":{"rendered":"<p>O APOLO D incorpora as \u00faltimas tecnologias na captura e forma\u00e7\u00e3o da imagem digital, de forma integrada e direta (nativa). Alta performance, interatividade, produtividade, seguran\u00e7a e design moderno s\u00e3o caracter\u00edsticas marcantes deste equipamento.<\/p>\n<p>Geradores de alta frequ\u00eancia do\u00a0Apolo D Digital\u00a0s\u00e3o dotados de tecnologia ressonante, capazes de emitir raios-X em alta performance e em curt\u00edssimos intervalos de tempo, para as mais variadas combina\u00e7\u00f5es de t\u00e9cnicas radiogr\u00e1ficas. Equipamento projetado para uma vida \u00fatil longa e produtiva.<\/p>\n","protected":false},"featured_media":8117,"template":"","meta":{"inline_featured_image":false,"_monsterinsights_skip_tracking":false,"_monsterinsights_sitenote_active":false,"_monsterinsights_sitenote_note":"","_monsterinsights_sitenote_category":0},"product_brand":[],"product_cat":[96],"product_tag":[108,127],"class_list":{"0":"post-8006","1":"product","2":"type-product","3":"status-publish","4":"has-post-thumbnail","6":"product_cat-raios-x","7":"product_tag-raios-x","8":"product_tag-vmi","10":"first","11":"instock","12":"shipping-taxable","13":"product-type-external"},"_links":{"self":[{"href":"https:\/\/onmedica.com.br\/te\/wp-json\/wp\/v2\/product\/8006","targetHints":{"allow":["GET"]}}],"collection":[{"href":"https:\/\/onmedica.com.br\/te\/wp-json\/wp\/v2\/product"}],"about":[{"href":"https:\/\/onmedica.com.br\/te\/wp-json\/wp\/v2\/types\/product"}],"wp:featuredmedia":[{"embeddable":true,"href":"https:\/\/onmedica.com.br\/te\/wp-json\/wp\/v2\/media\/8117"}],"wp:attachment":[{"href":"https:\/\/onmedica.com.br\/te\/wp-json\/wp\/v2\/media?parent=8006"}],"wp:term":[{"taxonomy":"product_brand","embeddable":true,"href":"https:\/\/onmedica.com.br\/te\/wp-json\/wp\/v2\/product_brand?post=8006"},{"taxonomy":"product_cat","embeddable":true,"href":"https:\/\/onmedica.com.br\/te\/wp-json\/wp\/v2\/product_cat?post=8006"},{"taxonomy":"product_tag","embeddable":true,"href":"https:\/\/onmedica.com.br\/te\/wp-json\/wp\/v2\/product_tag?post=8006"}],"curies":[{"name":"wp","href":"https:\/\/api.w.org\/{rel}","templated":true}]}}