{"id":8012,"date":"2024-06-10T20:40:56","date_gmt":"2024-06-10T20:40:56","guid":{"rendered":"https:\/\/onmedica.com.br\/te\/?post_type=product&#038;p=8012"},"modified":"2024-12-24T10:22:25","modified_gmt":"2024-12-24T13:22:25","slug":"raios-x-telecomandada-apolo-drf-telematic-vmi","status":"publish","type":"product","link":"https:\/\/onmedica.com.br\/te\/produto\/raios-x-telecomandada-apolo-drf-telematic-vmi\/","title":{"rendered":"Raios-X Telecomandada Apolo DRF &#8211; VMI M\u00c9DICA"},"content":{"rendered":"<h6><strong>Diferenciais T\u00e9cnicos<\/strong><\/h6>\n<p><strong>\u2981\u00a0\u00a0<\/strong>100% Controlada por microprocessadores.<br \/>\n<strong>\u2981\u00a0\u00a0<\/strong>Alta Pot\u00eancia pra emiss\u00e3o de Raios-X: 80kw * 1000 mA * 150KVP.<br \/>\n<strong>\u2981\u00a0\u00a0<\/strong>Tempos de exposi\u00e7\u00e3o de 0,001 a 10s.<br \/>\n<strong>\u2981\u00a0\u00a0<\/strong>Esta\u00e7\u00e3o de Comando.<br \/>\n<strong>\u2981\u00a0\u00a0<\/strong>Versatilidade em exames de radiografia e fluoroscopia.<br \/>\n<strong>\u2981\u00a0\u00a0<\/strong>Tubos de Raios-X de alta rota\u00e7\u00e3o (alta capacidade t\u00e9rmica) controle de doses de radia\u00e7\u00e3o no paciente (PAD).<\/p>\n<p>&nbsp;<\/p>\n<p><strong>TELEMATIC \u2013 Mesa telecomandada RF Digital<\/strong><br \/>\n<strong>Alta Tecnologia e Pot\u00eancia<\/strong><br \/>\n<strong>Composto pela mais alta tecnologia da atualidade; Painel Detector Digital Din\u00e2mico, a mesa telecomandada VMI garante a melhor qualidade de imagem dispon\u00edvel no mercado.<\/strong><\/p>\n","protected":false},"excerpt":{"rendered":"<p>O Apolo DRF Telematic representa o estado da arte em aparelho de Raios-X Telecomandado. O projeto incorpora as \u00faltimas tecnologias existentes, sendo o mais moderno, vers\u00e1til e confi\u00e1vel gerador de raios-X \u00e0 disposi\u00e7\u00e3o no mercado.<\/p>\n<p>A Mesa Telematic possui um design suave e moderno, aliado a movimentos precisos, com a possibilidade de realiza\u00e7\u00e3o de in\u00fameros exames radiogr\u00e1ficos e fluorosc\u00f3picos.<\/p>\n<p>A Esta\u00e7\u00e3o de Comando disponibiliza ao operador todos os dispositivos necess\u00e1rios a realiza\u00e7\u00e3o dos exames.<\/p>\n<p>Alta tecnologia digital, pot\u00eancia (1000 mA \/ 150KVP), performance e versatilidade para exames.<\/p>\n","protected":false},"featured_media":8113,"template":"","meta":{"inline_featured_image":false,"_monsterinsights_skip_tracking":false,"_monsterinsights_sitenote_active":false,"_monsterinsights_sitenote_note":"","_monsterinsights_sitenote_category":0},"product_brand":[],"product_cat":[96],"product_tag":[108,127],"class_list":{"0":"post-8012","1":"product","2":"type-product","3":"status-publish","4":"has-post-thumbnail","6":"product_cat-raios-x","7":"product_tag-raios-x","8":"product_tag-vmi","10":"first","11":"instock","12":"shipping-taxable","13":"product-type-external"},"_links":{"self":[{"href":"https:\/\/onmedica.com.br\/te\/wp-json\/wp\/v2\/product\/8012","targetHints":{"allow":["GET"]}}],"collection":[{"href":"https:\/\/onmedica.com.br\/te\/wp-json\/wp\/v2\/product"}],"about":[{"href":"https:\/\/onmedica.com.br\/te\/wp-json\/wp\/v2\/types\/product"}],"wp:featuredmedia":[{"embeddable":true,"href":"https:\/\/onmedica.com.br\/te\/wp-json\/wp\/v2\/media\/8113"}],"wp:attachment":[{"href":"https:\/\/onmedica.com.br\/te\/wp-json\/wp\/v2\/media?parent=8012"}],"wp:term":[{"taxonomy":"product_brand","embeddable":true,"href":"https:\/\/onmedica.com.br\/te\/wp-json\/wp\/v2\/product_brand?post=8012"},{"taxonomy":"product_cat","embeddable":true,"href":"https:\/\/onmedica.com.br\/te\/wp-json\/wp\/v2\/product_cat?post=8012"},{"taxonomy":"product_tag","embeddable":true,"href":"https:\/\/onmedica.com.br\/te\/wp-json\/wp\/v2\/product_tag?post=8012"}],"curies":[{"name":"wp","href":"https:\/\/api.w.org\/{rel}","templated":true}]}}