{"id":8015,"date":"2024-06-10T20:50:24","date_gmt":"2024-06-10T20:50:24","guid":{"rendered":"https:\/\/onmedica.com.br\/te\/?post_type=product&#038;p=8015"},"modified":"2024-07-09T17:28:21","modified_gmt":"2024-07-09T20:28:21","slug":"aquila-320-d-aparelho-de-raios-x-movel-digital-vmi-medica","status":"publish","type":"product","link":"https:\/\/onmedica.com.br\/te\/produto\/aquila-320-d-aparelho-de-raios-x-movel-digital-vmi-medica\/","title":{"rendered":"Aquila 320 D \u2013 Aparelho de Raios X M\u00f3vel Digital \u2013 VMI M\u00e9dica"},"content":{"rendered":"<h6><strong>Comando e Gerador<\/strong><\/h6>\n<p><strong>\u2981\u00a0\u00a0<\/strong>Gerador de alta frequ\u00eancia com controles microprocessados: pot\u00eancia 35.2 kW<br \/>\n<strong>\u2981\u00a0\u00a0<\/strong>Alimenta\u00e7\u00e3o monof\u00e1sica\/bif\u00e1sica 110\/115\/127\/220\/230 Vca \u2013 50\/60 Hz<br \/>\n<strong>\u2981\u00a0\u00a0<\/strong>Tecnologia ressonante: chaveamento por IGBT\u2019s<br \/>\n<strong>\u2981\u00a0\u00a0<\/strong>Sistema de armazenamento por banco capacitivo, alimentado por tomada simples de 3 pinos (padr\u00e3o ABNT): 2 kVA\u2019s<br \/>\n<strong>\u2981\u00a0\u00a0<\/strong>Faixa de kV: 40 a 125 kV<br \/>\n<strong>\u2981\u00a0\u00a0<\/strong>Faixa de mA: 20 a 320 mA (sele\u00e7\u00e3o autom\u00e1tica dos focos)<br \/>\n<strong>\u2981\u00a0\u00a0<\/strong>Faixa de mAS: 0.08 a 320 mAS (acima de 320 mAS opcional)<br \/>\n<strong>\u2981\u00a0\u00a0<\/strong>Tempos de exposi\u00e7\u00e3o: 0.004 a 5 seg.<br \/>\n<strong>\u2981\u00a0\u00a0<\/strong>PAO \u2013 Programa anat\u00f4mico de \u00f3rg\u00e3os: 272 t\u00e9cnicas pr\u00e9-programadas<br \/>\n<strong>\u2981\u00a0\u00a0<\/strong>Indica\u00e7\u00e3o num\u00e9rica em kHU\u2019s do aquecimento do tubo de raios X no painel de comando<br \/>\n<strong>\u2981\u00a0\u00a0<\/strong>Comandos espec\u00edficos para preparo e disparo instant\u00e2neo dos raios X<br \/>\n<strong>\u2981\u00a0\u00a0<\/strong>Frenagem inteligente do anodo via software , preservando a vida \u00fatil ao tubo de raios X<\/p>\n<h6><strong>\u00a0Principais prote\u00e7\u00f5es<\/strong><\/h6>\n<p><strong>\u2981\u00a0\u00a0<\/strong>Prote\u00e7\u00e3o t\u00e9rmica do conjunto emissor de raios X (superaquecimento)<br \/>\n<strong>\u2981\u00a0\u00a0<\/strong>Falha no circuito de filamento de sub e sobre corrente;<br \/>\n<strong>\u2981\u00a0\u00a0<\/strong>Falha no circuito girat\u00f3rio de sub sobre corrente;<br \/>\n<strong>\u2981\u00a0\u00a0<\/strong>Tempo de exposi\u00e7\u00e3o acima do permitido;<br \/>\n<strong>\u2981\u00a0\u00a0<\/strong>Sistema de prote\u00e7\u00e3o contra sobrecarga no tubo de raios X<\/p>\n<h6><strong>Bra\u00e7o articulado Porta-tubo<\/strong><\/h6>\n<p><strong>\u2981\u00a0\u00a0<\/strong>Deslocamento vertical: 140cm;<br \/>\n<strong>\u2981\u00a0\u00a0<\/strong>Rota\u00e7\u00e3o da coluna: +\/- 45o;<br \/>\n<strong>\u2981\u00a0\u00a0<\/strong>Rota\u00e7\u00e3o do tubo de raios X: +\/- 120o;<br \/>\n<strong>\u2981\u00a0\u00a0<\/strong>Inclina\u00e7\u00e3o do tubo de raios X: 105o (90\/15);<br \/>\n<strong>\u2981\u00a0\u00a0<\/strong>Altura: extens\u00e3o 40 cm a 220 cm;<br \/>\n<strong>\u2981\u00a0\u00a0<\/strong>Freios mec\u00e2nicos;<\/p>\n<h6><strong>Conjunto emissor de raios X<\/strong><\/h6>\n<p><strong>\u2981\u00a0\u00a0<\/strong>Tubo de Raios-X: 125 kV, capacidade t\u00e9rmica do anodo girat\u00f3rio: 200 kHU;<br \/>\n<strong>\u2981\u00a0\u00a0<\/strong>Pontos focais: 0,6 mm foco fino \/ 1,5 mm foco grosso;<br \/>\n<strong>\u2981\u00a0\u00a0<\/strong>Pot\u00eancias focais: 18,7 kW foco fino \/ 50 kW foco grosso;<br \/>\n<strong>\u2981\u00a0\u00a0<\/strong>Rota\u00e7\u00e3o do anodo: 3200 rpm;<br \/>\n<strong>\u2981\u00a0\u00a0<\/strong>Cabo de alta tens\u00e3o: isola\u00e7\u00e3o 150 kV;<\/p>\n<h6><strong>Colimador luminoso<\/strong><\/h6>\n<p><strong>\u2981\u00a0\u00a0<\/strong>Ajustes da \u00e1rea a ser irradiada atrav\u00e9s de bot\u00f5es girat\u00f3rios;<br \/>\n<strong>\u2981\u00a0\u00a0<\/strong>Campo luminoso para indica\u00e7\u00e3o da \u00e1rea a ser irradiada com indicador de centraliza\u00e7\u00e3o;<br \/>\n<strong>\u2981\u00a0\u00a0<\/strong>Acionamento da l\u00e2mpada de 100 W: temporizador eletr\u00f4nico de 30 seg. e desligamento autom\u00e1tico;<br \/>\n<strong>\u2981\u00a0\u00a0<\/strong>Rota\u00e7\u00e3o do colimador: 360 graus (+\/- 180 graus);<br \/>\n<strong>\u2981\u00a0\u00a0<\/strong>Filtra\u00e7\u00e3o inerente: 1,8 ou 2,0 mm Al;<br \/>\n<strong>\u2981\u00a0\u00a0<\/strong>Prote\u00e7\u00e3o: 150 kV;<br \/>\n<strong>\u2981\u00a0\u00a0<\/strong>Trilho para filtros adicionais e cones radiogr\u00e1ficos;<\/p>\n<h6><strong>Painel Captura Digital de Imagem<\/strong><\/h6>\n<p><strong>\u2981\u00a0\u00a0<\/strong>Painel de Captura de Imagem Digital em estado s\u00f3lido, cintilador de Iodeto de C\u00e9sio (CsI) e conversor de Sil\u00edcio Amorfo (a-SI) \u2013 opcional: Sel\u00eanio Amorfo.<br \/>\n<strong>\u2981\u00a0\u00a0<\/strong>\u00c1rea ativa: 43 x 43 cm, 35 x 43 cm, 36 x 43 cm, 24 x 30 cm, 26 x 30 cm ( outros formatos opcional)<br \/>\n<strong>\u2981\u00a0\u00a0<\/strong>Tecnologia: Wireless.<br \/>\n<strong>\u2981\u00a0\u00a0<\/strong>Acompanha carregador para duas baterias simult\u00e2neas.<br \/>\n<strong>\u2981\u00a0\u00a0<\/strong>Acompanha duas baterias ou mais (opcional).<br \/>\n<strong>\u2981\u00a0\u00a0<\/strong>Resolu\u00e7\u00e3o de imagem com matriz: 2560 x 3072 pixels ou maior (opcional).<br \/>\n<strong>\u2981\u00a0\u00a0<\/strong>Tamanho do pixel: 140 \u03bcm,<br \/>\n<strong>\u2981\u00a0\u00a0<\/strong>Conversor A\/D: 14 bits.<br \/>\n<strong>\u2981\u00a0\u00a0<\/strong>Pr\u00e9-visualiza\u00e7\u00e3o ap\u00f3s o disparo de raios-x em 2 segundos e forma\u00e7\u00e3o da imagem em 7 segundos.<br \/>\n<strong>\u2981\u00a0\u00a0<\/strong>Case de prote\u00e7\u00e3o para o detector (opcional).<\/p>\n<h6><strong>Esta\u00e7\u00e3o de Aquisi\u00e7\u00e3o e Tratamento de Imagem Digital<\/strong><\/h6>\n<p><strong>\u2981\u00a0\u00a0<\/strong>Tablet ou Notebook.<br \/>\n<strong>\u2981\u00a0\u00a0<\/strong>Processador: Intel Core i3 ou superior (opcional).<br \/>\n<strong>\u2981\u00a0\u00a0<\/strong>Disco r\u00edgido: 500 GB de capacidade ou maior (opcional).<br \/>\n<strong>\u2981\u00a0\u00a0<\/strong>Mem\u00f3ria RAM: 4 GB ou maior (opcional).<br \/>\n<strong>\u2981\u00a0\u00a0<\/strong>Tablet com tela de 12 polegadas ou Notebook com tela de 15 polegadas (opcional tela touchscreen).<br \/>\n<strong>\u2981\u00a0\u00a0<\/strong>Capacidade de armazenamento: 20.000 imagens ou maior (opcional).<br \/>\n<strong>\u2981\u00a0\u00a0<\/strong>Software de Aquisi\u00e7\u00e3o de Imagens Digitais em portugu\u00eas (BR).<br \/>\n<strong>\u2981\u00a0\u00a0<\/strong>Indica\u00e7\u00e3o, na tela inicial, do status de conex\u00e3o com PACS e Impressora DICOM.<br \/>\n<strong>\u2981\u00a0\u00a0<\/strong>Inser\u00e7\u00e3o de dados dos pacientes de forma manual, via Servidor de WorkList e importa\u00e7\u00e3o de arquivos do Excel.<br \/>\n<strong>\u2981\u00a0\u00a0<\/strong>Exames de emerg\u00eancia, sem a necessidade de cadastro do paciente.<br \/>\n<strong>\u2981\u00a0\u00a0<\/strong>Inser\u00e7\u00e3o de medidas lineares e angula\u00e7\u00f5es.<br \/>\n<strong>\u2981\u00a0\u00a0<\/strong>Aplica\u00e7\u00e3o de zoom localizado. Aplica\u00e7\u00e3o de zoom total na imagem. Filtro espacial.<br \/>\n<strong>\u2981\u00a0\u00a0<\/strong>Aplica\u00e7\u00e3o de Brilho\/Contraste atrav\u00e9s de atalho no mouse.<br \/>\n<strong>\u2981\u00a0\u00a0<\/strong>Ferramentas de Zoom, ajuste ao tamanho da janela, espelhamento e ajuste de Brilho\/Contraste no momento da impress\u00e3o.<br \/>\n<strong>\u2981\u00a0\u00a0<\/strong>Fun\u00e7\u00f5es para forma\u00e7\u00e3o de ESCANOMETRIA e RADIOGRAFIA PANOR\u00c2MICA, com ajustes espec\u00edficos para a fun\u00e7\u00e3o, como jun\u00e7\u00e3o por n\u00edvel de Brilho\/Contraste ou pontos definidos pelo usu\u00e1rio.<br \/>\n<strong>\u2981\u00a0\u00a0<\/strong>Rota\u00e7\u00e3o e invers\u00e3o de Imagem, possibilidade de inser\u00e7\u00e3o de texto fixo\/editado.<br \/>\n<strong>\u2981\u00a0\u00a0<\/strong>Exporta\u00e7\u00e3o da lista de exames realizados em formato de planilha do Excel.<br \/>\n<strong>\u2981\u00a0\u00a0<\/strong>Ferramentas de espelhamento de imagens nos sentidos vertical e horizontal.<br \/>\n<strong>\u2981\u00a0\u00a0<\/strong>Giros de imagens de 90 graus passo a passo, para direita e\/ou esquerda.<br \/>\n<strong>\u2981\u00a0\u00a0<\/strong>Pacote DICOM 3.0 completo com: Print (Impress\u00e3o DICOM), Storage (Envio de imagens no padr\u00e3o DICOM para sistemas PACS, envio para laudo \u00e0 dist\u00e2ncia), Modality Worklist (Lista de trabalho DICOM), Burn (grava\u00e7\u00e3o de CD\/DVD com autoexecut\u00e1vel e ferramentas DICOM.<\/p>\n<h6><strong>Opcionais<\/strong><\/h6>\n<p><strong>\u2981\u00a0\u00a0<\/strong>Tubos de raios X com focos e pot\u00eancias especiais;<br \/>\n<strong>\u2981\u00a0\u00a0<\/strong>PDA: Medidor do produto dose x \u00e1rea em \u201c\u03bcSv\u201d;<br \/>\n<strong>\u2981\u00a0\u00a0<\/strong>Mesa-bucky tampo fixo;<br \/>\n<strong>\u2981\u00a0\u00a0<\/strong>Mural-bucky;<br \/>\n<strong>\u2981\u00a0\u00a0<\/strong>Nobreak \u201ccompat\u00edvel\u201d;<br \/>\n<strong>\u2981\u00a0\u00a0<\/strong>Faixa compressora urol\u00f3gica;<\/p>\n","protected":false},"excerpt":{"rendered":"<p>Pequeno, leve, f\u00e1cil manuseio, alta performance, alta pot\u00eancia (320 mA) e tecnologia de ponta com descarga capacitiva. Tecnologia wireless para capta\u00e7\u00e3o e transmiss\u00e3o de imagens. A tecnologia para gera\u00e7\u00e3o de raios-X com alimenta\u00e7\u00e3o atrav\u00e9s de banco capacitivo proporciona alta performance e qualidade radiol\u00f3gica em tomada simples de tr\u00eas pinos. O AQUILA 320-D possibilita captura de imagem digital de modo integrado (nativo). As indica\u00e7\u00f5es e sele\u00e7\u00f5es t\u00e9cnicas aplicadas ao exame ser\u00e3o exibidas no monitor em conjunto com a imagem adquirida.<\/p>\n","protected":false},"featured_media":8116,"template":"","meta":{"inline_featured_image":false,"_monsterinsights_skip_tracking":false,"_monsterinsights_sitenote_active":false,"_monsterinsights_sitenote_note":"","_monsterinsights_sitenote_category":0},"product_brand":[],"product_cat":[96],"product_tag":[108,127],"class_list":{"0":"post-8015","1":"product","2":"type-product","3":"status-publish","4":"has-post-thumbnail","6":"product_cat-raios-x","7":"product_tag-raios-x","8":"product_tag-vmi","10":"first","11":"instock","12":"shipping-taxable","13":"product-type-external"},"_links":{"self":[{"href":"https:\/\/onmedica.com.br\/te\/wp-json\/wp\/v2\/product\/8015","targetHints":{"allow":["GET"]}}],"collection":[{"href":"https:\/\/onmedica.com.br\/te\/wp-json\/wp\/v2\/product"}],"about":[{"href":"https:\/\/onmedica.com.br\/te\/wp-json\/wp\/v2\/types\/product"}],"wp:featuredmedia":[{"embeddable":true,"href":"https:\/\/onmedica.com.br\/te\/wp-json\/wp\/v2\/media\/8116"}],"wp:attachment":[{"href":"https:\/\/onmedica.com.br\/te\/wp-json\/wp\/v2\/media?parent=8015"}],"wp:term":[{"taxonomy":"product_brand","embeddable":true,"href":"https:\/\/onmedica.com.br\/te\/wp-json\/wp\/v2\/product_brand?post=8015"},{"taxonomy":"product_cat","embeddable":true,"href":"https:\/\/onmedica.com.br\/te\/wp-json\/wp\/v2\/product_cat?post=8015"},{"taxonomy":"product_tag","embeddable":true,"href":"https:\/\/onmedica.com.br\/te\/wp-json\/wp\/v2\/product_tag?post=8015"}],"curies":[{"name":"wp","href":"https:\/\/api.w.org\/{rel}","templated":true}]}}