{"id":8023,"date":"2024-06-10T20:58:55","date_gmt":"2024-06-10T20:58:55","guid":{"rendered":"https:\/\/onmedica.com.br\/te\/?post_type=product&#038;p=8023"},"modified":"2024-07-09T17:34:07","modified_gmt":"2024-07-09T20:34:07","slug":"aquila-320-s-aparelho-de-raios-x-movel-vmi-medica","status":"publish","type":"product","link":"https:\/\/onmedica.com.br\/te\/produto\/aquila-320-s-aparelho-de-raios-x-movel-vmi-medica\/","title":{"rendered":"Aquila-320 S \u2013 Aparelho de Raios X M\u00f3vel \u2013 VMI M\u00e9dica"},"content":{"rendered":"<h6><strong>Comando e Gerador<\/strong><\/h6>\n<p><strong>\u2981\u00a0\u00a0<\/strong>Gerador de alta frequ\u00eancia com controles microprocessados: pot\u00eancia 35.2 kW;<br \/>\n<strong>\u2981\u00a0\u00a0<\/strong>Alimenta\u00e7\u00e3o monof\u00e1sica\/bif\u00e1sica 110\/115\/127\/220\/230 Vca \u2013 50\/60 Hz;<br \/>\n<strong>\u2981\u00a0\u00a0<\/strong>Tecnologia ressonante: chaveamento por IGBT\u2019s;<br \/>\n<strong>\u2981\u00a0\u00a0<\/strong>Sistema de armazenamento por banco capacitivo, alimentado por tomada simples de 3 pinos (padr\u00e3o ABNT): 2 kVA\u2019s;<br \/>\n<strong>\u2981\u00a0\u00a0<\/strong>Faixa de kV: 40 a 125 kV;<br \/>\n<strong>\u2981\u00a0\u00a0<\/strong>Faixa de mA: 20 a 320 mA (sele\u00e7\u00e3o autom\u00e1tica dos focos);<br \/>\n<strong>\u2981\u00a0\u00a0<\/strong>Faixa de mAS: 0.08 a 320 mAS (acima de 320 mAS opcional);<br \/>\n<strong>\u2981\u00a0\u00a0<\/strong>Tempos de exposi\u00e7\u00e3o: 0.004 a 5 seg;<br \/>\n<strong>\u2981\u00a0\u00a0<\/strong>PAO \u2013 Programa anat\u00f4mico de \u00f3rg\u00e3os: 272 t\u00e9cnicas pr\u00e9-programadas;<br \/>\n<strong>\u2981\u00a0\u00a0<\/strong>Indica\u00e7\u00e3o num\u00e9rica em kHU\u2019s do aquecimento do tubo de raios X no painel de comando;<br \/>\n<strong>\u2981\u00a0\u00a0<\/strong>Comandos espec\u00edficos para preparo e disparo instant\u00e2neo dos raios X;<br \/>\n<strong>\u2981\u00a0\u00a0<\/strong>Frenagem inteligente do anodo via software , preservando a vida \u00fatil ao tubo de raios X;<\/p>\n<h6><strong>Principais prote\u00e7\u00f5es<\/strong><\/h6>\n<p><strong>\u2981\u00a0\u00a0<\/strong>Prote\u00e7\u00e3o t\u00e9rmica do conjunto emissor de raios X (superaquecimento);<br \/>\n<strong>\u2981\u00a0\u00a0<\/strong>Falha no circuito de filamento de sub e sobre corrente;<br \/>\n<strong>\u2981\u00a0\u00a0<\/strong>Falha no circuito girat\u00f3rio de sub sobre corrente;<br \/>\n<strong>\u2981\u00a0\u00a0<\/strong>Tempo de exposi\u00e7\u00e3o acima do permitido;<br \/>\n<strong>\u2981\u00a0\u00a0<\/strong>Sistema de prote\u00e7\u00e3o contra sobrecarga no tubo de raios X;<\/p>\n<h6><strong>Bra\u00e7o articulado Porta-tubo<\/strong><\/h6>\n<p><strong>\u2981\u00a0\u00a0<\/strong>Deslocamento vertical: 140cm;<br \/>\n<strong>\u2981\u00a0\u00a0<\/strong>Rota\u00e7\u00e3o da coluna: +\/- 45o;<br \/>\n<strong>\u2981\u00a0\u00a0<\/strong>Rota\u00e7\u00e3o do tubo de raios X: +\/- 120o;<br \/>\n<strong>\u2981\u00a0\u00a0<\/strong>Inclina\u00e7\u00e3o do tubo de raios X: 105o (90\/15);<br \/>\n<strong>\u2981\u00a0\u00a0<\/strong>Altura: extens\u00e3o 40 cm a 220 cm;<br \/>\n<strong>\u2981\u00a0\u00a0<\/strong>Freios mec\u00e2nicos;<\/p>\n<h6><strong>Conjunto emissor de raios X<\/strong><\/h6>\n<p><strong>\u2981\u00a0\u00a0<\/strong>Tubo de Raios-X: 125 kV, capacidade t\u00e9rmica do anodo girat\u00f3rio: 200 kHU;<br \/>\n<strong>\u2981\u00a0\u00a0<\/strong>Pontos focais: 0,6 mm foco fino \/ 1,5 mm foco grosso;<br \/>\n<strong>\u2981\u00a0\u00a0<\/strong>Pot\u00eancias focais: 18,7 kW foco fino \/ 50 kW foco grosso;<br \/>\n<strong>\u2981\u00a0\u00a0<\/strong>Rota\u00e7\u00e3o do anodo: 3200 rpm;<br \/>\n<strong>\u2981\u00a0\u00a0<\/strong>Cabo de alta tens\u00e3o: isola\u00e7\u00e3o 150 kV;<\/p>\n<h6><strong>Colimador luminoso<\/strong><\/h6>\n<p><strong>\u2981\u00a0\u00a0<\/strong>Ajustes da \u00e1rea a ser irradiada atrav\u00e9s de bot\u00f5es girat\u00f3rios;<br \/>\n<strong>\u2981\u00a0\u00a0<\/strong>Campo luminoso para indica\u00e7\u00e3o da \u00e1rea a ser irradiada com indicador de centraliza\u00e7\u00e3o;<br \/>\n<strong>\u2981\u00a0\u00a0<\/strong>Acionamento da l\u00e2mpada de 100 W: temporizador eletr\u00f4nico de 30 seg. e desligamento autom\u00e1tico;<br \/>\n<strong>\u2981\u00a0\u00a0<\/strong>Rota\u00e7\u00e3o do colimador: 360 graus (+\/- 180 graus);<br \/>\n<strong>\u2981\u00a0\u00a0<\/strong>Filtra\u00e7\u00e3o inerente: 1,8 ou 2,0 mm Al;<br \/>\n<strong>\u2981\u00a0\u00a0<\/strong>Prote\u00e7\u00e3o: 150 kV;<br \/>\n<strong>\u2981\u00a0 <\/strong>Trilho para filtros adicionais e cones radiogr\u00e1ficos;<\/p>\n<h5><strong>Opcionais<\/strong><\/h5>\n<h6><strong>\u2013 Mesa Bucky Tampo Fixo:<\/strong><\/h6>\n<p><strong>\u2981\u00a0 <\/strong>Tampo radiotransparente em material biocompat\u00edvel, homog\u00eaneo, com marca\u00e7\u00e3o central longitudinal e trilhos em a\u00e7o inox;<br \/>\n<strong>\u2981\u00a0\u00a0<\/strong>Dimens\u00f5es do tampo: 770 X 2250 mm;<br \/>\n<strong>\u2981\u00a0\u00a0<\/strong>Capacidade de carga: 250 kg;<br \/>\n<strong>\u2981\u00a0\u00a0<\/strong>Bucky: Grade antidifusora 10:1 com 152 linhas\/polegadas, dist\u00e2ncia focal de 34 a 44 polegadas;<br \/>\n<strong>\u2981\u00a0\u00a0<\/strong>Bandeja auto-centralizadora de cassetes: 13\u00d718 a 35\u00d743;<br \/>\n<strong>\u2981\u00a0\u00a0<\/strong>Deslocamento longitudinal do Detector\/Bucky: 120cm;<br \/>\n<strong>\u2981\u00a0\u00a0<\/strong>Freios mec\u00e2nicos;<\/p>\n<h6><strong>\u00a0Mural Bucky<\/strong><\/h6>\n<p><strong>\u2981\u00a0\u00a0<\/strong>Tampo com movimento vertical para ajuste de altura da regi\u00e3o de interesse;<br \/>\n<strong>\u2981\u00a0\u00a0<\/strong>Indica\u00e7\u00e3o de centraliza\u00e7\u00e3o do paciente no pr\u00f3prio tampo;<br \/>\n<strong>\u2981\u00a0\u00a0<\/strong>Varia\u00e7\u00e3o m\u00ednima de deslocamento vertical de 120 cm;<br \/>\n<strong>\u2981\u00a0\u00a0<\/strong>Bucky equipado com grade-antidifusora fixa de raz\u00e3o m\u00ednima de 10:1 com 152 linhas\/polegada e dist\u00e2ncia focal 100 a 180 cm;<br \/>\n<strong>\u2981\u00a0\u00a0<\/strong>Auto centraliza\u00e7\u00e3o de cassete para filmes\/CR de 13\u00d718 cm a 35\u00d743 cm em ambas as dire\u00e7\u00f5es;<br \/>\n<strong>\u2981\u00a0\u00a0<\/strong>Freios Mecanicos;<br \/>\n<strong>\u2981\u00a0\u00a0<\/strong>Faixa compressora urol\u00f3gica;<br \/>\n<strong>\u2981\u00a0\u00a0<\/strong>Tubos de raios X com focos e pot\u00eancias especiais;<\/p>\n","protected":false},"excerpt":{"rendered":"<p>Pot\u00eancia e seguran\u00e7a em um equipamento\u00a0com gerador de alta capacidade, indispens\u00e1vel para tomada de imagens nos mais diversos ambientes hospitalares. Mobilidade elevada, baixo peso e freios individuais fazem do Aquila S um equipamento vers\u00e1til e de f\u00e1cil posicionamento para aquisi\u00e7\u00e3o de imagens radiogr\u00e1ficas.<\/p>\n<p>Agilidade, leveza, mobilidade, pot\u00eancia, design moderno e design s\u00e3o as caracter\u00edsticas que fazem do AQUILA-320 S a solu\u00e7\u00e3o definitiva em radiologia m\u00f3vel.<\/p>\n","protected":false},"featured_media":8114,"template":"","meta":{"inline_featured_image":false,"_monsterinsights_skip_tracking":false,"_monsterinsights_sitenote_active":false,"_monsterinsights_sitenote_note":"","_monsterinsights_sitenote_category":0},"product_brand":[],"product_cat":[96],"product_tag":[108,127],"class_list":{"0":"post-8023","1":"product","2":"type-product","3":"status-publish","4":"has-post-thumbnail","6":"product_cat-raios-x","7":"product_tag-raios-x","8":"product_tag-vmi","10":"first","11":"instock","12":"shipping-taxable","13":"product-type-external"},"_links":{"self":[{"href":"https:\/\/onmedica.com.br\/te\/wp-json\/wp\/v2\/product\/8023","targetHints":{"allow":["GET"]}}],"collection":[{"href":"https:\/\/onmedica.com.br\/te\/wp-json\/wp\/v2\/product"}],"about":[{"href":"https:\/\/onmedica.com.br\/te\/wp-json\/wp\/v2\/types\/product"}],"wp:featuredmedia":[{"embeddable":true,"href":"https:\/\/onmedica.com.br\/te\/wp-json\/wp\/v2\/media\/8114"}],"wp:attachment":[{"href":"https:\/\/onmedica.com.br\/te\/wp-json\/wp\/v2\/media?parent=8023"}],"wp:term":[{"taxonomy":"product_brand","embeddable":true,"href":"https:\/\/onmedica.com.br\/te\/wp-json\/wp\/v2\/product_brand?post=8023"},{"taxonomy":"product_cat","embeddable":true,"href":"https:\/\/onmedica.com.br\/te\/wp-json\/wp\/v2\/product_cat?post=8023"},{"taxonomy":"product_tag","embeddable":true,"href":"https:\/\/onmedica.com.br\/te\/wp-json\/wp\/v2\/product_tag?post=8023"}],"curies":[{"name":"wp","href":"https:\/\/api.w.org\/{rel}","templated":true}]}}