{"id":8046,"date":"2024-06-11T16:47:29","date_gmt":"2024-06-11T16:47:29","guid":{"rendered":"https:\/\/onmedica.com.br\/te\/?post_type=product&#038;p=8046"},"modified":"2024-07-09T17:51:54","modified_gmt":"2024-07-09T20:51:54","slug":"sistema-de-ultrassom-magnus-x5-alfamed","status":"publish","type":"product","link":"https:\/\/onmedica.com.br\/te\/produto\/sistema-de-ultrassom-magnus-x5-alfamed\/","title":{"rendered":"Sistema de Ultrassom Magnus X5 \u2013 Alfamed"},"content":{"rendered":"<h6><strong>Principais Recursos<\/strong><\/h6>\n<p><strong>\u2981\u00a0\u00a0<\/strong>Imagem de Contraste,<br \/>\n<strong>\u2981\u00a0\u00a0<\/strong>Eco de Estresse<br \/>\n<strong>\u2981\u00a0\u00a0<\/strong>Panoscope com Color<br \/>\n<strong>\u2981\u00a0\u00a0<\/strong>Elastografia<br \/>\n<strong>\u2981\u00a0\u00a0<\/strong>Auto Strain<br \/>\n<strong>\u2981\u00a0\u00a0<\/strong>Auto EF<br \/>\n<strong>\u2981\u00a0\u00a0<\/strong>4D Pro (Qcut\/Any Cut, nSlice)<br \/>\n<strong>\u2981\u00a0\u00a0<\/strong>4D Lumi<br \/>\n<strong>\u2981\u00a0\u00a0<\/strong>Panoscope<br \/>\n<strong>\u2981\u00a0\u00a0<\/strong>AMM<br \/>\n<strong>\u2981\u00a0\u00a0<\/strong>TDI<br \/>\n<strong>\u2981\u00a0\u00a0<\/strong>CW<br \/>\n<strong>\u2981\u00a0\u00a0<\/strong>CHI Contraste<br \/>\n<strong>\u2981\u00a0\u00a0<\/strong>VS Flow<br \/>\n<strong>\u2981\u00a0\u00a0<\/strong>Eco de estresse<br \/>\n<strong>\u2981\u00a0\u00a0<\/strong>Strain Rate<br \/>\n<strong>\u2981\u00a0\u00a0<\/strong>Auto SG<br \/>\n<strong>\u2981\u00a0\u00a0<\/strong>Auto EF<br \/>\n<strong>\u2981\u00a0\u00a0<\/strong>Transesof\u00e1gico<\/p>\n<h6><span data-contrast=\"auto\"><strong>Tecnologias avan\u00e7adas<\/strong><\/span><\/h6>\n<p><span data-contrast=\"auto\">O equipamento possui recursos avan\u00e7ados opcionais como Auto EF, Elastografia e Contraste.<\/span><span data-ccp-props=\"{&quot;201341983&quot;:0,&quot;335559739&quot;:160,&quot;335559740&quot;:259}\">\u00a0<\/span><\/p>\n<h6><span data-contrast=\"auto\"><strong>Design inovador<\/strong><\/span><\/h6>\n<p><span data-contrast=\"auto\">Painel de controle com teclas otimizadas, tela touch screen e estrutura slim permitindo a sua instala\u00e7\u00e3o em pequenos espa\u00e7os.<\/span><span data-ccp-props=\"{&quot;201341983&quot;:0,&quot;335559739&quot;:160,&quot;335559740&quot;:259}\">\u00a0<\/span><\/p>\n<h6><span data-contrast=\"auto\"><strong>Excelente qualidade de imagem<\/strong><\/span><\/h6>\n<p><span data-contrast=\"auto\">Com recursos avan\u00e7ados para realiza\u00e7\u00e3o de diversos tipos de exames o Magnus X5 apresenta uma qualidade de imagem excepcional.<\/span><span data-ccp-props=\"{&quot;201341983&quot;:0,&quot;335559739&quot;:160,&quot;335559740&quot;:259}\">\u00a0<\/span><\/p>\n<h6><strong>Caracter\u00edsticas f\u00edsicas<\/strong><\/h6>\n<p><strong>\u2981\u00a0\u00a0<\/strong>Processamento totalmente digital em avan\u00e7ada plataforma tecnol\u00f3gica de<br \/>\n1.835.008 canais;<br \/>\n<strong>\u2981\u00a0\u00a0<\/strong>Monitor LCD de alta resolu\u00e7\u00e3o, 1366\u00d7768 pixels, 19\u2033, 21\u2033 ou 23\u2033 com bra\u00e7o articulado;<br \/>\n<strong>\u2981\u00a0\u00a0<\/strong>Monitor LCD touchscreen de 10.4\u2019\u2019,rotacional com ajuste eleva\u00e7\u00e3o ;<br \/>\n<strong>\u2981\u00a0\u00a0<\/strong>Gravador de CD\/DVD integrado;<br \/>\n<strong>\u2981\u00a0\u00a0<\/strong>Transdutores eletr\u00f4nicos multifrequ\u00eanciais de banda larga;<br \/>\n<strong>\u2981\u00a0\u00a0<\/strong>4 portas ativas simult\u00e2neas para conex\u00e3o de transdutor via painel de controle;<br \/>\n<strong>\u2981\u00a0 <\/strong>Painel de Controle com teclado alfanum\u00e9rico, trackball, TCG com 8 potenci\u00f4metros;<br \/>\n<strong>\u2981\u00a0\u00a0<\/strong>Multi-focus ajust\u00e1veis ;<br \/>\n<strong>\u2981\u00a0\u00a0<\/strong>Ajuste da frequ\u00eancia dos transdutores de no m\u00ednimo 5 frequ\u00eancias diferentes para Modo B;<br \/>\n<strong>\u2981\u00a0\u00a0<\/strong>Escala de cinza de 256 n\u00edveis;<br \/>\n<strong>\u2981\u00a0\u00a0<\/strong>Zoom read\/write localizado e central em tempo real e em imagem congelada;<br \/>\n<strong>\u2981\u00a0\u00a0<\/strong>4 conex\u00f5es USB, Sa\u00edda de v\u00eddeo composto, Super-V\u00eddeo, DVI-D, Rede Ethernet, RS232C;<br \/>\n<strong>\u2981\u00a0\u00a0<\/strong>M\u00f3dulo de ECG (opcional);<br \/>\n<strong>\u2981\u00a0\u00a0<\/strong>110-220V \u2013 50\/60Hz (bivolt autom\u00e1tico);<\/p>\n<h6><strong>Caracter\u00edsticas de hardware<\/strong><\/h6>\n<p><strong>\u2981\u00a0\u00a0<\/strong>Impress\u00e3o atrav\u00e9s de impressora externa via USB com possibilidade de ajustes por p\u00e1gina<br \/>\n<strong>\u2981\u00a0\u00a0<\/strong>Possui pelo menos 50 preset\u2019s ajust\u00e1veis (superior opcional) ;<br \/>\n<strong>\u2981\u00a0\u00a0<\/strong>1 TB de mem\u00f3ria de armazenamento (superior opcional) ;<br \/>\n<strong>\u2981\u00a0\u00a0<\/strong>Profundidade de leitura de pelo menos 31.0cm;<br \/>\n<strong>\u2981\u00a0\u00a0<\/strong>Mem\u00f3ria de Cine de pelo menos 9.000 quadros;<br \/>\n<strong>\u2981\u00a0\u00a0<\/strong>Faixa din\u00e2mica de pelo menos 280 dB;<br \/>\n<strong>\u2981\u00a0\u00a0<\/strong>Frame-Rate de pelo menos 1000 quadros por segundo;<\/p>\n<h6><strong>Software e Recursos (opcionais)<\/strong><\/h6>\n<p><strong>\u2981\u00a0\u00a0<\/strong>Sono Air \u2013 M\u00f3dulo Wi-fi;<br \/>\n<strong>\u2981\u00a0\u00a0<\/strong>Pacote para imagem 3D e 4D em tempo real com transdutor dedicado ;<br \/>\n<strong>\u2981\u00a0\u00a0<\/strong>4D PRO (N-Slice, Any-Cut, Q-Cut);<br \/>\n<strong>\u2981\u00a0\u00a0<\/strong>Elastografia por compress\u00e3o ;<br \/>\n<strong>\u2981\u00a0\u00a0<\/strong>CHI(Contraste);<br \/>\n<strong>\u2981\u00a0\u00a0<\/strong>Guia de Bi\u00f3psia ;<br \/>\n<strong>\u2981\u00a0\u00a0<\/strong>Impressora (Video printer, laser, jato, t\u00e9rmica,etc.);<br \/>\n<strong>\u2981\u00a0\u00a0<\/strong>Modo M Color;<br \/>\n<strong>\u2981\u00a0\u00a0<\/strong>TDI;<br \/>\n<strong>\u2981\u00a0\u00a0<\/strong>Panoscope \u2013 Imagem panor\u00e2mica;<br \/>\n<strong>\u2981\u00a0\u00a0<\/strong>Modo M Anat\u00f4mico;<br \/>\n<strong>\u2981\u00a0\u00a0<\/strong>Strain;<br \/>\n<strong>\u2981\u00a0\u00a0<\/strong>Visualiza\u00e7\u00e3o de agulha;<br \/>\n<strong>\u2981\u00a0\u00a0<\/strong>Placa CW(Opcional).<br \/>\n<strong>\u2981\u00a0\u00a0<\/strong>Pacote card\u00edaco com transdutor adulto, pedi\u00e1trico e neonatal dedicado;<br \/>\n<strong>\u2981\u00a0\u00a0<\/strong>Pacote card\u00edaco com possibilidade para transdutor transesof\u00e1gico;<br \/>\n<strong>\u2981\u00a0\u00a0<\/strong>X Beam \u2013 So\u00acware composi\u00e7\u00e3o espacial de feixes entrela\u00e7ados;<br \/>\n<strong>\u2981\u00a0\u00a0<\/strong>Auto Fit \u2013 Ajuste autom\u00e1tico do ganho geral, lateral e de profundidade em Modo B e ajuste autom\u00e1tico da escala\/linha de base do espectro em Modo Doppler;<br \/>\n<strong>\u2981\u00a0\u00a0<\/strong>Nanoview\/SR \u2013 Speckle Reduction (So\u00acware de RM);<br \/>\n<strong>\u2981\u00a0\u00a0<\/strong>Possibilidade de inclus\u00e3o de f\u00f3rmulas, tabelas e novas medidas;<br \/>\n<strong>\u2981\u00a0\u00a0<\/strong>Imagem trapezoidal em tempo real com 20% aumento para transdutor linear;<br \/>\n<strong>\u2981\u00a0\u00a0<\/strong>HPRF;<br \/>\n<strong>\u2981\u00a0\u00a0<\/strong>VS Flow \u2013 Visualiza\u00e7\u00e3o de Micro vasos \/ Micro vasculariza\u00e7\u00e3o;<br \/>\n<strong>\u2981\u00a0\u00a0<\/strong>MFI (Macro Fidelity Imaging);<br \/>\n<strong>\u2981\u00a0\u00a0<\/strong>Modo B, 2B, 4B, M, Power Doppler Direcional, CW, M, PW; B\/M, CFM, B\/C, PWD, CPA, DPA, B+CFM, B+CPA, B+DPA, B+PW, B+CFM+PW, B+CPA+PW, Triplex\/Duplex;<br \/>\n<strong>\u2981\u00a0\u00a0<\/strong>Modo compara\u00e7\u00e3o em tempo real e simult\u00e2neo ( B+BC);<br \/>\n<strong>\u2981\u00a0\u00a0<\/strong>Harm\u00f4nica tecidual e de pulso invertido para todos transdutores e imagens em movimento;<br \/>\n<strong>\u2981\u00a0\u00a0<\/strong>3D Free Hand;<br \/>\n<strong>\u2981\u00a0\u00a0<\/strong>C\u00e1lculos autom\u00e1ticos para todos modos;<br \/>\n<strong>\u2981\u00a0\u00a0<\/strong>DICOM 3.0 FULL ( Media Storage, Verification, Print, Storage \/ Commitment, Query \/Retrieve, MPPS, Structured Reporting, Worklist);<br \/>\n<strong>\u2981\u00a0\u00a0<\/strong>AUTO-IMT: Medida autom\u00e1tica da Espessura M\u00e9dia Intimal;<br \/>\n<strong>\u2981\u00a0\u00a0<\/strong>Permite exportar v\u00eddeos\/imagens DICOM, JPEG, BMP, PNG e AVI;<br \/>\n<strong>\u2981\u00a0\u00a0<\/strong>Possui pr\u00e9 e p\u00f3s-processamento de imagem\/medidas;<\/p>\n<h6><strong>Pacote de medidas completo<\/strong><\/h6>\n<p><strong>\u2981\u00a0\u00a0<\/strong>Modo M: acelera\u00e7\u00e3o, dist\u00e2ncia, tempo, FC, fun\u00e7\u00e3o VE e outras;<br \/>\n<strong>\u2981\u00a0\u00a0<\/strong>Modo B: \u00e1rea, circunfer\u00eancia, estenose, \u00e2ngulo, volume, dist\u00e2ncia, fun\u00e7\u00e3o VE e outras;<br \/>\n<strong>\u2981\u00a0\u00a0<\/strong>Doppler: acelera\u00e7\u00e3o, velocidade, tempo, FC, volume de fluxo, rela\u00e7\u00e3o s\u00edstole\/di\u00e1stole, IR e IP com tra\u00e7ado autom\u00e1tico, gradiente de press\u00e3o, \u201cPressure Halt Time\u201d;<\/p>\n<h6><strong>Transdutores dispon\u00edveis<\/strong><\/h6>\n<p>\u2022 Transdutor multifrequencial de banda larga convexo com faixa de frequ\u00eancia ajust\u00e1vel de 2 a 7MHz ;<br \/>\n\u2022 Transdutor multifrequencial de banda larga linear com faixa de frequ\u00eancia ajust\u00e1vel de 5 a 15MHz;<br \/>\n\u2022 Transdutor multifrequencial de banda larga linear com faixa de frequ\u00eancia ajust\u00e1vel de 7 a 14MHz;<br \/>\n\u2022 Transdutor multifrequencial de banda larga linear com faixa de frequ\u00eancia ajust\u00e1vel de 3 a 12MHz;<br \/>\n\u2022 Transdutor multifrequencial de banda larga endocavit\u00e1rio com faixa de frequ\u00eancia ajust\u00e1vel de 4 a 12MHz;<br \/>\n\u2022 Transdutor multifrequencial de banda larga micro-convexo com faixa de frequ\u00eancia ajust\u00e1vel de 4 a 12MHz;<br \/>\n\u2022 Transdutor multifrequencial de banda larga convexo 4D com faixa de frequ\u00eancia ajust\u00e1vel de 2 a 7MHz;<br \/>\n\u2022 Transdutor multifrequencial de banda larga convexo 4D com faixa de frequ\u00eancia ajust\u00e1vel de 4 a 8MHz;<br \/>\n\u2022 Transdutor multifrequencial de banda larga endocavit\u00e1rio 4D com faixa de frequ\u00eancia ajust\u00e1vel de 4 a 12MHz;<br \/>\n\u2022 Transdutor multifrequencial de banda larga retal com faixa de frequ\u00eancia ajust\u00e1vel de 4 a 12MHz;<br \/>\n\u2022 Transdutor multifrequencial de banda larga endocavit\u00e1rio bi-plane com faixa de frequ\u00eancia ajust\u00e1vel de 5 a 12MHz;<br \/>\n\u2022 Transdutor multifrequencial de banda larga linear intraoperatorio com faixa de frequ\u00eancia ajust\u00e1vel de 7 a 14MHz;<br \/>\n\u2022 Transdutor multifrequencial de banda larga transesofagico com faixa de frequ\u00eancia ajust\u00e1vel de 1 a 6MHz;<\/p>\n","protected":false},"excerpt":{"rendered":"<div class=\"elementor-element elementor-element-9abef74 elementor-widget elementor-widget-text-editor\" data-id=\"9abef74\" data-element_type=\"widget\" data-widget_type=\"text-editor.default\">\n<div class=\"elementor-widget-container\">Dotado de softwares avan\u00e7ados e transdutores espec\u00edficos, o Magnus X5 apresenta alta versatilidade para imagem geral e excelente performance, principalmente, nos exames de cardiologia avan\u00e7ada e obstetr\u00edcia. Possui design robusto, tela principal e tela touch screen de dimens\u00f5es adequadas para melhor visualiza\u00e7\u00e3o da imagem e f\u00e1cil manejo, painel de controle com ajuste de altura e rota\u00e7\u00e3o, favorecendo a ergonomia no momento do trabalho do profissional.<\/div>\n<\/div>\n<div class=\"elementor-element elementor-element-6b03797 elementor-widget elementor-widget-button\" data-id=\"6b03797\" data-element_type=\"widget\" data-widget_type=\"button.default\">\n<div class=\"elementor-widget-container\">\n<div class=\"elementor-button-wrapper\"><\/div>\n<\/div>\n<\/div>\n","protected":false},"featured_media":8109,"template":"","meta":{"inline_featured_image":false,"_monsterinsights_skip_tracking":false,"_monsterinsights_sitenote_active":false,"_monsterinsights_sitenote_note":"","_monsterinsights_sitenote_category":0},"product_brand":[],"product_cat":[97],"product_tag":[130,114],"class_list":{"0":"post-8046","1":"product","2":"type-product","3":"status-publish","4":"has-post-thumbnail","6":"product_cat-ultrassom","7":"product_tag-alfamed","8":"product_tag-ultrassom","10":"first","11":"instock","12":"shipping-taxable","13":"product-type-external"},"_links":{"self":[{"href":"https:\/\/onmedica.com.br\/te\/wp-json\/wp\/v2\/product\/8046","targetHints":{"allow":["GET"]}}],"collection":[{"href":"https:\/\/onmedica.com.br\/te\/wp-json\/wp\/v2\/product"}],"about":[{"href":"https:\/\/onmedica.com.br\/te\/wp-json\/wp\/v2\/types\/product"}],"wp:featuredmedia":[{"embeddable":true,"href":"https:\/\/onmedica.com.br\/te\/wp-json\/wp\/v2\/media\/8109"}],"wp:attachment":[{"href":"https:\/\/onmedica.com.br\/te\/wp-json\/wp\/v2\/media?parent=8046"}],"wp:term":[{"taxonomy":"product_brand","embeddable":true,"href":"https:\/\/onmedica.com.br\/te\/wp-json\/wp\/v2\/product_brand?post=8046"},{"taxonomy":"product_cat","embeddable":true,"href":"https:\/\/onmedica.com.br\/te\/wp-json\/wp\/v2\/product_cat?post=8046"},{"taxonomy":"product_tag","embeddable":true,"href":"https:\/\/onmedica.com.br\/te\/wp-json\/wp\/v2\/product_tag?post=8046"}],"curies":[{"name":"wp","href":"https:\/\/api.w.org\/{rel}","templated":true}]}}