{"id":8053,"date":"2024-06-11T16:50:49","date_gmt":"2024-06-11T16:50:49","guid":{"rendered":"https:\/\/onmedica.com.br\/te\/?post_type=product&#038;p=8053"},"modified":"2024-07-11T13:56:15","modified_gmt":"2024-07-11T16:56:15","slug":"sistema-de-ultrassom-portatil-invictus-c5-plus-alfamed","status":"publish","type":"product","link":"https:\/\/onmedica.com.br\/te\/produto\/sistema-de-ultrassom-portatil-invictus-c5-plus-alfamed\/","title":{"rendered":"Sistema de Ultrassom Port\u00e1til Invictus C5 Plus \u2013 Alfamed"},"content":{"rendered":"<h6><strong>Principais Recursos<\/strong><\/h6>\n<p><strong>\u2981\u00a0\u00a0<\/strong>Tela de 15\u201d em LCD destac\u00e1vel com angula\u00e7\u00e3o de at\u00e9 35\u00b0;<br \/>\n<strong>\u2981\u00a0\u00a0<\/strong>Permite conectar at\u00e9 dois transdutores simultaneamente;<br \/>\n<strong>\u2981\u00a0\u00a0<\/strong>Bateria remov\u00edvel com dura\u00e7\u00e3o\u00a0 de at\u00e9 50 minutos;<br \/>\n<strong>\u2981\u00a0\u00a0<\/strong>Conectividade DICOM;<br \/>\n<strong>\u2981\u00a0\u00a0<\/strong>Sa\u00edda HDMI, rede e USB;<br \/>\n<strong>\u2981\u00a0\u00a0<\/strong>SR Nanoview<br \/>\n<strong>\u2981\u00a0\u00a0<\/strong>Xbeam<br \/>\n<strong>\u2981\u00a0\u00a0<\/strong>Auto-fit<br \/>\n<strong>\u2981\u00a0\u00a0<\/strong>Auto-IMT<br \/>\n<strong>\u2981\u00a0\u00a0<\/strong>3D free hand<br \/>\n<strong>\u2981\u00a0\u00a0<\/strong>MFI<br \/>\n<strong>\u2981\u00a0\u00a0<\/strong>Panoscope<br \/>\n<strong>\u2981\u00a0\u00a0<\/strong>AMM<br \/>\n<strong>\u2981\u00a0\u00a0<\/strong>TDI<br \/>\n<strong>\u2981\u00a0\u00a0<\/strong>CW<\/p>\n<h6><span data-contrast=\"auto\"><strong>Interface intuitiva<\/strong><\/span><\/h6>\n<p><span data-contrast=\"auto\">\u00a0Desenvolvido com tecnologia de ponta, capaz de oferecer uma interface de f\u00e1cil entendimento, o que agiliza o processo de utiliza\u00e7\u00e3o.<\/span><span data-ccp-props=\"{&quot;201341983&quot;:0,&quot;335559739&quot;:160,&quot;335559740&quot;:259}\">\u00a0<\/span><\/p>\n<h6><span data-contrast=\"auto\"><strong>Efici\u00eancia<\/strong><\/span><\/h6>\n<p><span data-contrast=\"auto\">Apresenta um bom processamento de imagens, com \u00e1reas n\u00edtidas e bem focalizadas, capaz de auxiliar com precis\u00e3o os diagn\u00f3sticos m\u00e9dicos.<\/span><span data-ccp-props=\"{&quot;201341983&quot;:0,&quot;335559739&quot;:160,&quot;335559740&quot;:259}\">\u00a0<\/span><\/p>\n<h6><span data-contrast=\"auto\"><strong>Excelente custo-benef\u00edcio<\/strong><\/span><\/h6>\n<p><span data-contrast=\"auto\">\u00a0Sua vers\u00e3o standard oferece efici\u00eancia no trabalho e assertividade na escolha do equipamento.<\/span><span data-ccp-props=\"{&quot;201341983&quot;:0,&quot;335559739&quot;:160,&quot;335559740&quot;:259}\">\u00a0<\/span><\/p>\n","protected":false},"excerpt":{"rendered":"<p>O ultrassom C5 Plus \u00e9 um equipamento desenvolvido para atender as necessidades das pr\u00e1ticas cl\u00ednicas em ambientes diversos, como Centro Cir\u00fargico, Unidade de Terapia Intensiva, Pronto Atendimento, dentre outros, devido \u00e0 f\u00e1cil mobilidade e manejo intuitivo. Sua tela com angula\u00e7\u00e3o exclusiva, oferece maior agilidade e conforto ao profissional. Disp\u00f5e de bateria com alta dura\u00e7\u00e3o, r\u00e1pido processamento de imagens, softwares e transdutores espec\u00edficos para diversas aplica\u00e7\u00f5es cl\u00ednicas. Al\u00e9m disso, possui como opcional carrinho de transporte, leve e compacto, com ajuste de altura que acompanha conector multitransdutor, o que favorece a mobilidade e produtividade na atividade di\u00e1ria.<\/p>\n","protected":false},"featured_media":8108,"template":"","meta":{"inline_featured_image":false,"_monsterinsights_skip_tracking":false,"_monsterinsights_sitenote_active":false,"_monsterinsights_sitenote_note":"","_monsterinsights_sitenote_category":0},"product_brand":[],"product_cat":[97],"product_tag":[130,114],"class_list":{"0":"post-8053","1":"product","2":"type-product","3":"status-publish","4":"has-post-thumbnail","6":"product_cat-ultrassom","7":"product_tag-alfamed","8":"product_tag-ultrassom","10":"first","11":"instock","12":"shipping-taxable","13":"product-type-external"},"_links":{"self":[{"href":"https:\/\/onmedica.com.br\/te\/wp-json\/wp\/v2\/product\/8053","targetHints":{"allow":["GET"]}}],"collection":[{"href":"https:\/\/onmedica.com.br\/te\/wp-json\/wp\/v2\/product"}],"about":[{"href":"https:\/\/onmedica.com.br\/te\/wp-json\/wp\/v2\/types\/product"}],"wp:featuredmedia":[{"embeddable":true,"href":"https:\/\/onmedica.com.br\/te\/wp-json\/wp\/v2\/media\/8108"}],"wp:attachment":[{"href":"https:\/\/onmedica.com.br\/te\/wp-json\/wp\/v2\/media?parent=8053"}],"wp:term":[{"taxonomy":"product_brand","embeddable":true,"href":"https:\/\/onmedica.com.br\/te\/wp-json\/wp\/v2\/product_brand?post=8053"},{"taxonomy":"product_cat","embeddable":true,"href":"https:\/\/onmedica.com.br\/te\/wp-json\/wp\/v2\/product_cat?post=8053"},{"taxonomy":"product_tag","embeddable":true,"href":"https:\/\/onmedica.com.br\/te\/wp-json\/wp\/v2\/product_tag?post=8053"}],"curies":[{"name":"wp","href":"https:\/\/api.w.org\/{rel}","templated":true}]}}