{"id":8059,"date":"2024-06-11T16:54:17","date_gmt":"2024-06-11T16:54:17","guid":{"rendered":"https:\/\/onmedica.com.br\/te\/?post_type=product&#038;p=8059"},"modified":"2024-07-11T13:58:29","modified_gmt":"2024-07-11T16:58:29","slug":"sistema-de-ultrassom-portatil-invictus-c7-plus-alfamed","status":"publish","type":"product","link":"https:\/\/onmedica.com.br\/te\/produto\/sistema-de-ultrassom-portatil-invictus-c7-plus-alfamed\/","title":{"rendered":"Sistema de Ultrassom Port\u00e1til Invictus C7 Plus \u2013 Alfamed"},"content":{"rendered":"<h6><strong>Principais Recursos<\/strong><\/h6>\n<p><strong>\u2981\u00a0\u00a0<\/strong>Tela de 15\u201d em LCD destac\u00e1vel com angula\u00e7\u00e3o de at\u00e9 35\u00b0;<br \/>\n<strong>\u2981\u00a0\u00a0<\/strong>Permite conectar at\u00e9 dois transdutores simultaneamente;<br \/>\n<strong>\u2981\u00a0\u00a0<\/strong>Possui bateria remov\u00edvel com dura\u00e7\u00e3o de at\u00e9 50 minutos;<br \/>\n<strong>\u2981\u00a0\u00a0<\/strong>Conectividade DICOM;<br \/>\n<strong>\u2981\u00a0\u00a0<\/strong>Sa\u00edda HDMI, rede e USB;<br \/>\n<strong>\u2981\u00a0\u00a0<\/strong>SR Nanoview<br \/>\n<strong>\u2981\u00a0\u00a0<\/strong>Xbeam<br \/>\n<strong>\u2981\u00a0\u00a0<\/strong>Auto-fit<br \/>\n<strong>\u2981\u00a0\u00a0<\/strong>Auto-IMT<br \/>\n<strong>\u2981\u00a0\u00a0<\/strong>MFI<br \/>\n<strong>\u2981\u00a0\u00a0<\/strong>3D free hand<br \/>\n<strong>\u2981\u00a0\u00a0<\/strong>4D Pro (Qcut\/Any Cut, nSlice)<br \/>\n<strong>\u2981\u00a0\u00a0<\/strong>4D Lumi<br \/>\n<strong>\u2981\u00a0\u00a0<\/strong>Panoscope<br \/>\n<strong>\u2981\u00a0\u00a0<\/strong>AMM<br \/>\n<strong>\u2981\u00a0\u00a0<\/strong>TDI<br \/>\n<strong>\u2981\u00a0\u00a0<\/strong>CW<br \/>\n<strong>\u2981\u00a0\u00a0<\/strong>VS Flow<br \/>\n<strong>\u2981\u00a0\u00a0<\/strong>CHI Contraste<br \/>\n<strong>\u2981\u00a0\u00a0<\/strong>Eco de estresse<br \/>\n<strong>\u2981\u00a0\u00a0<\/strong>Strain Rate<br \/>\n<strong>\u2981\u00a0\u00a0<\/strong>Auto SG<br \/>\n<strong>\u2981\u00a0\u00a0<\/strong>Auto EF<\/p>\n<h6><span data-contrast=\"auto\"><strong>Alta performance<\/strong><\/span><\/h6>\n<p><span data-contrast=\"auto\">Seja em recursos b\u00e1sicos ou avan\u00e7ados, apresenta alta performance em diagn\u00f3stico por imagem, atrav\u00e9s de suas tecnologias avan\u00e7adas, excelente processamento de dados e desempenho operacional.<\/span><span data-ccp-props=\"{&quot;201341983&quot;:0,&quot;335559739&quot;:160,&quot;335559740&quot;:259}\">\u00a0<\/span><\/p>\n<h6><span data-contrast=\"auto\"><strong>Interface intuitiva<\/strong><\/span><\/h6>\n<p><span data-contrast=\"auto\">Apresenta manuseio simples tanto em sua tela, quanto em suas fun\u00e7\u00f5es aplic\u00e1veis atrav\u00e9s do painel de controle, o que oferece uma interface de f\u00e1cil entendimento e agiliza o processo de utiliza\u00e7\u00e3o.<\/span><span data-ccp-props=\"{&quot;201341983&quot;:0,&quot;335559739&quot;:160,&quot;335559740&quot;:259}\">\u00a0<\/span><\/p>\n<h6><span data-contrast=\"auto\"><strong>Tecnologias avan\u00e7adas<\/strong><\/span><\/h6>\n<p><span data-contrast=\"auto\">A tela destac\u00e1vel e os softwares de cardiologia comp\u00f5e com exatid\u00e3o algumas das tecnologias avan\u00e7adas que o C7 Plus \u00e9 capaz de proporcionar ao seu usu\u00e1rio.<\/span><span data-ccp-props=\"{&quot;201341983&quot;:0,&quot;335559739&quot;:160,&quot;335559740&quot;:259}\">\u00a0<\/span><\/p>\n","protected":false},"excerpt":{"rendered":"<p>O ultrassom C7 plus \u00e9 um equipamento arrojado, resistente e ergon\u00f4mico, que tr\u00e1s atrav\u00e9s de sua tela destac\u00e1vel e com angula\u00e7\u00e3o adequada uma perfeita utiliza\u00e7\u00e3o nas mais diversas aplica\u00e7\u00f5es cl\u00ednicas. Possui bateria de alta dura\u00e7\u00e3o, tecnologia de ponta que aumenta a qualidade da imagem e auxilia em um diagn\u00f3stico preciso, tornando-o ideal para os profissionais mais exigentes. Al\u00e9m disso, possui como opcional carrinho de transporte, leve e compacto, com ajuste de altura que acompanha conector multitransdutor, o que favorece a mobilidade e produtividade na atividade di\u00e1ria.<\/p>\n","protected":false},"featured_media":8060,"template":"","meta":{"inline_featured_image":false,"_monsterinsights_skip_tracking":false,"_monsterinsights_sitenote_active":false,"_monsterinsights_sitenote_note":"","_monsterinsights_sitenote_category":0},"product_brand":[],"product_cat":[97],"product_tag":[130,114],"class_list":{"0":"post-8059","1":"product","2":"type-product","3":"status-publish","4":"has-post-thumbnail","6":"product_cat-ultrassom","7":"product_tag-alfamed","8":"product_tag-ultrassom","10":"first","11":"instock","12":"shipping-taxable","13":"product-type-external"},"_links":{"self":[{"href":"https:\/\/onmedica.com.br\/te\/wp-json\/wp\/v2\/product\/8059","targetHints":{"allow":["GET"]}}],"collection":[{"href":"https:\/\/onmedica.com.br\/te\/wp-json\/wp\/v2\/product"}],"about":[{"href":"https:\/\/onmedica.com.br\/te\/wp-json\/wp\/v2\/types\/product"}],"wp:featuredmedia":[{"embeddable":true,"href":"https:\/\/onmedica.com.br\/te\/wp-json\/wp\/v2\/media\/8060"}],"wp:attachment":[{"href":"https:\/\/onmedica.com.br\/te\/wp-json\/wp\/v2\/media?parent=8059"}],"wp:term":[{"taxonomy":"product_brand","embeddable":true,"href":"https:\/\/onmedica.com.br\/te\/wp-json\/wp\/v2\/product_brand?post=8059"},{"taxonomy":"product_cat","embeddable":true,"href":"https:\/\/onmedica.com.br\/te\/wp-json\/wp\/v2\/product_cat?post=8059"},{"taxonomy":"product_tag","embeddable":true,"href":"https:\/\/onmedica.com.br\/te\/wp-json\/wp\/v2\/product_tag?post=8059"}],"curies":[{"name":"wp","href":"https:\/\/api.w.org\/{rel}","templated":true}]}}