{"id":8086,"date":"2024-06-11T17:12:22","date_gmt":"2024-06-11T17:12:22","guid":{"rendered":"https:\/\/onmedica.com.br\/te\/?post_type=product&#038;p=8086"},"modified":"2024-07-11T14:53:06","modified_gmt":"2024-07-11T17:53:06","slug":"ventilador-pulmonar-terapia-luft-5-leistung","status":"publish","type":"product","link":"https:\/\/onmedica.com.br\/te\/produto\/ventilador-pulmonar-terapia-luft-5-leistung\/","title":{"rendered":"Ventilador Pulmonar Terapia Luft 5 \u2013 Leistung"},"content":{"rendered":"<h6><strong>Ventilador Pulmonar de UTI de Alta Performance<\/strong><\/h6>\n<p><strong>\u2981\u00a0\u00a0<\/strong>An\u00e1lise de gr\u00e1ficos com congelar, zoom, cursores e pontos.<br \/>\n<strong>\u2981\u00a0\u00a0<\/strong>Nebuliza\u00e7\u00e3o temporizada com compensa\u00e7\u00e3o de fluxo insp. e FIO2.<br \/>\n<strong>\u2981\u00a0\u00a0<\/strong>Tela LCD 17\u201d sens\u00edvel ao toque capacitivo com ajuste de inclina\u00e7\u00e3o.<br \/>\n<strong>\u2981\u00a0\u00a0<\/strong>Pedestal elegante com rod\u00edzios grandes e deslizar suave.<br \/>\n<strong>\u2981\u00a0\u00a0<\/strong>Modos ventilat\u00f3rios avan\u00e7ados como o PRVC e VSV.<br \/>\n<strong>\u2981\u00a0\u00a0<\/strong>Mec\u00e2nicas ventilat\u00f3rias para o desmame como IRRS, PIMAX, P0,1.<br \/>\n<strong>\u2981\u00a0\u00a0<\/strong>Press\u00e3o auxiliar para monitorar press\u00e3o esof\u00e1gica ou proximal.<br \/>\n<strong>\u2981\u00a0\u00a0<\/strong>Informa\u00e7\u00e3o dos par\u00e2metros resultantes ao ajustar uma vari\u00e1vel.<br \/>\n<strong>\u2981\u00a0\u00a0<\/strong>Informa\u00e7\u00f5es da tela export\u00e1veis via USB.<\/p>\n<h6><strong>Capnografia Volum\u00e9trica<\/strong><\/h6>\n<p>\u00c9 um exame n\u00e3o invasivo, utilizado para analisar o padr\u00e3o da elimina\u00e7\u00e3o de CO2, como uma fun\u00e7\u00e3o de volume expirado. Permite estimar a heterogeneidade da distribui\u00e7\u00e3o da ventila\u00e7\u00e3o pulmonar, advindas de altera\u00e7\u00f5es funcionais e estruturais do sistema respirat\u00f3rio.<\/p>\n<h6><strong>\u00cdndice de Estresse<\/strong><\/h6>\n<p>O \u00edndice de estresse \u00e9 realizado com o m\u00ednimo de interfer\u00eancia no ciclo ventilat\u00f3rio e resulta em um valor num\u00e9rico de f\u00e1cil interpreta\u00e7\u00e3o, promovendo uma an\u00e1lise pr\u00e1tica, segura e eficaz sobre a ventila\u00e7\u00e3o do paciente. \u00c9 uma medida de mec\u00e2nica ventilat\u00f3ria \u00fatil para estimar o estresse provocado nos alv\u00e9olos, seja por colapso ou por hiperdistens\u00e3o.<\/p>\n<h6><strong>PRVC<\/strong><\/h6>\n<p>Esse \u00e9 um modo ventilat\u00f3rio de duplo controle. Associa o melhor dos modos ventilat\u00f3rios assisto\/controlados volume e press\u00e3o, provendo o volume ajustado pelo operador com a menor press\u00e3o inspirat\u00f3ria poss\u00edvel. A forma de onda de fluxo \u00e9 livre.<\/p>\n<h6><strong>CONFIGURA\u00c7\u00d5ES ESPECIAIS PARA MONITORAR COM PRECIS\u00c3O<\/strong><br \/>\n<strong>E TRATAR COM SEGURAN\u00c7A<\/strong><\/h6>\n<div class=\"column mcb-column mcb-item-hx23z9g7t one laptop-one tablet-one mobile-one column_list animate fadeInLeft\" data-anim-type=\"fadeInLeft\">\n<div class=\"mcb-column-inner mfn-module-wrapper mcb-column-inner-hx23z9g7t mcb-item-list-inner\">\n<div class=\"list_item lists_2 clearfix\">\n<div class=\"list_right\">\n<div class=\"desc\"><strong>\u2981\u00a0\u00a0<\/strong>Ventilador inteligente memoriza as configura\u00e7\u00f5es de par\u00e2metros ventilat\u00f3rios dos usu\u00e1rios, ap\u00f3s 10 usos;<\/div>\n<\/div>\n<\/div>\n<\/div>\n<\/div>\n<div class=\"column mcb-column mcb-item-vhlme2fuo one laptop-one tablet-one mobile-one column_list animate fadeInLeft\" data-anim-type=\"fadeInLeft\">\n<div class=\"mcb-column-inner mfn-module-wrapper mcb-column-inner-vhlme2fuo mcb-item-list-inner\">\n<div class=\"list_item lists_2 clearfix\">\n<div class=\"list_right\">\n<div class=\"desc\">\n<div class=\"list-linha\"><strong>\u2981\u00a0\u00a0<\/strong>100% oxig\u00eanio at\u00e9 20 minutos, com sil\u00eancio autom\u00e1tico de alarme;<\/div>\n<\/div>\n<\/div>\n<\/div>\n<\/div>\n<\/div>\n<div class=\"column mcb-column mcb-item-1cr0zqypa one laptop-one tablet-one mobile-one column_list animate fadeInLeft\" data-anim-type=\"fadeInLeft\">\n<div class=\"mcb-column-inner mfn-module-wrapper mcb-column-inner-1cr0zqypa mcb-item-list-inner\">\n<div class=\"list_item lists_2 clearfix\">\n<div class=\"list_right\">\n<div class=\"desc\"><strong>\u2981\u00a0\u00a0<\/strong>Duplo processamento, duas placas e dois processadores para a seguran\u00e7a do paciente;<\/div>\n<\/div>\n<\/div>\n<\/div>\n<\/div>\n<div class=\"column mcb-column mcb-item-ynrpkcqak one laptop-one tablet-one mobile-one column_list animate fadeInLeft\" data-anim-type=\"fadeInLeft\">\n<div class=\"mcb-column-inner mfn-module-wrapper mcb-column-inner-ynrpkcqak mcb-item-list-inner\">\n<div class=\"list_item lists_2 clearfix\">\n<div class=\"list_right\">\n<div class=\"desc\">\n<div class=\"list-linha\"><strong>\u2981\u00a0\u00a0<\/strong>Compensa\u00e7\u00e3o autom\u00e1tica de altitude;<\/div>\n<\/div>\n<div><strong>\u2981\u00a0\u00a0<\/strong>Adequa\u00e7\u00e3o da interface do paciente ou troca de circuito com recalibra\u00e7\u00e3o sem a necessidade de desligar o equipamento e mantendo o registro de hist\u00f3rico do paciente;<br \/>\n<strong>\u2981\u00a0\u00a0<\/strong>C\u00e1lculo autom\u00e1tico de peso predito e sele\u00e7\u00e3o de interface de acordo com o paciente;<br \/>\n<strong>\u2981\u00a0\u00a0<\/strong>Sensor barom\u00e9trico interno para compensa\u00e7\u00e3o autom\u00e1tica de altitude at\u00e9 6000 metros sobre o n\u00edvel do mar;<br \/>\n<strong>\u2981\u00a0\u00a0<\/strong>Configura\u00e7\u00e3o das vari\u00e1veis monitoradas;<br \/>\n<strong>\u2981\u00a0\u00a0<\/strong>Curva de fluxo 50% descendente;<br \/>\n<strong>\u2981\u00a0\u00a0<\/strong>Medi\u00e7\u00e3o de gases com corre\u00e7\u00f5es BTPS;<br \/>\n<strong>\u2981\u00a0\u00a0<\/strong>Seguran\u00e7a e comodidade dos modos ventilat\u00f3rios de duplo controle para ventila\u00e7\u00e3o assistida e controlada;<br \/>\n<strong>\u2981\u00a0\u00a0<\/strong>An\u00e1lise completa da mec\u00e2nica ventilat\u00f3ria do paciente com recursos abrangentes, r\u00e1pidos e precisos;<br \/>\n<strong>\u2981\u00a0\u00a0<\/strong>Entrada de press\u00e3o auxiliar para medida da press\u00e3o, permitindo maior monitoriza\u00e7\u00e3o.<\/div>\n<\/div>\n<\/div>\n<\/div>\n<\/div>\n","protected":false},"excerpt":{"rendered":"<p>O LUFT5 \u00e9 um moderno e inteligente ventilador pulmonar, fabricado especialmente para equipar Unidades de Terapia Intensiva (UTI) e facilitar a vida dos profissionais de sa\u00fade . O equipamento conta com modos ventilat\u00f3rios convencionais e avan\u00e7ados. Al\u00e9m de uma precisa monitora\u00e7\u00e3o da mec\u00e2nica ventilat\u00f3ria, que proporciona mais seguran\u00e7a ao paciente e profissional.<\/p>\n","protected":false},"featured_media":8107,"template":"","meta":{"inline_featured_image":false,"_monsterinsights_skip_tracking":false,"_monsterinsights_sitenote_active":false,"_monsterinsights_sitenote_note":"","_monsterinsights_sitenote_category":0},"product_brand":[],"product_cat":[98],"product_tag":[126,115],"class_list":{"0":"post-8086","1":"product","2":"type-product","3":"status-publish","4":"has-post-thumbnail","6":"product_cat-ventiladores-respiradores","7":"product_tag-leistung","8":"product_tag-ventiladores-respiradores","10":"first","11":"instock","12":"shipping-taxable","13":"product-type-external"},"_links":{"self":[{"href":"https:\/\/onmedica.com.br\/te\/wp-json\/wp\/v2\/product\/8086","targetHints":{"allow":["GET"]}}],"collection":[{"href":"https:\/\/onmedica.com.br\/te\/wp-json\/wp\/v2\/product"}],"about":[{"href":"https:\/\/onmedica.com.br\/te\/wp-json\/wp\/v2\/types\/product"}],"wp:featuredmedia":[{"embeddable":true,"href":"https:\/\/onmedica.com.br\/te\/wp-json\/wp\/v2\/media\/8107"}],"wp:attachment":[{"href":"https:\/\/onmedica.com.br\/te\/wp-json\/wp\/v2\/media?parent=8086"}],"wp:term":[{"taxonomy":"product_brand","embeddable":true,"href":"https:\/\/onmedica.com.br\/te\/wp-json\/wp\/v2\/product_brand?post=8086"},{"taxonomy":"product_cat","embeddable":true,"href":"https:\/\/onmedica.com.br\/te\/wp-json\/wp\/v2\/product_cat?post=8086"},{"taxonomy":"product_tag","embeddable":true,"href":"https:\/\/onmedica.com.br\/te\/wp-json\/wp\/v2\/product_tag?post=8086"}],"curies":[{"name":"wp","href":"https:\/\/api.w.org\/{rel}","templated":true}]}}