{"id":8091,"date":"2024-06-11T17:18:58","date_gmt":"2024-06-11T17:18:58","guid":{"rendered":"https:\/\/onmedica.com.br\/te\/?post_type=product&#038;p=8091"},"modified":"2024-12-24T08:34:44","modified_gmt":"2024-12-24T11:34:44","slug":"ventilador-pulmonar-transporte-pr5-touch-leistung","status":"publish","type":"product","link":"https:\/\/onmedica.com.br\/te\/produto\/ventilador-pulmonar-transporte-pr5-touch-leistung\/","title":{"rendered":"Ventilador Pulmonar Transporte PR5 Touch \u2013 Leistung"},"content":{"rendered":"<h5 style=\"text-align: center;\"><strong>Ventilador Pulmonar Transporte PR5 Touch<\/strong><\/h5>\n<p style=\"text-align: center;\"><strong>\u2981 <\/strong> Ventilador pulmonar avan\u00e7ado e completo para transporte e emerg\u00eancia.<br \/>\n<strong>\u2981 <\/strong> Monitor de 10.4\u201d sens\u00edvel ao toque para f\u00e1cil visualiza\u00e7\u00e3o e controle intuitivo.<br \/>\n<strong>\u2981 <\/strong> V\u00e1rios modos ventilat\u00f3rios, dos tradicionais aos de duplo controle.<br \/>\n<strong>\u2981 <\/strong> Mec\u00e2nicas ventilat\u00f3rias de resist\u00eancia, complac\u00eancia e autopeep.<br \/>\n<strong>\u2981 <\/strong>Ampla faixa de ajuste da concentra\u00e7\u00e3o de oxig\u00eanio, de 40 a 100%.<br \/>\n<strong>\u2981 <\/strong>Bateria interna suficiente para todos os casos, at\u00e9 15 horas de autonomia.<\/p>\n<h5 style=\"text-align: center;\"><strong>MODOS VENTILAT\u00d3RIOS<\/strong><\/h5>\n<h6 style=\"text-align: center;\"><strong>Adulto | Pedi\u00e1trico<\/strong><\/h6>\n<p style=\"text-align: center;\"><strong>\u2981\u00a0\u00a0<\/strong>VCV assistido \/ controlado;<br \/>\n<strong>\u2981\u00a0\u00a0<\/strong>PCV assistido \/ controlado;<br \/>\n<strong>\u2981\u00a0\u00a0<\/strong>PSV\/CPAP;<br \/>\n<strong>\u2981\u00a0\u00a0<\/strong>PRVC assistido \/ controlado;<br \/>\n<strong>\u2981\u00a0\u00a0<\/strong>SIMV(VCV) + PSV;<br \/>\n<strong>\u2981\u00a0\u00a0<\/strong>SIMV(PCV) + PSV;<br \/>\n<strong>\u2981\u00a0\u00a0<\/strong>MMV + PSV;<br \/>\n<strong>\u2981\u00a0\u00a0<\/strong>PSV + VT assegurado;<br \/>\n<strong>\u2981\u00a0\u00a0<\/strong>Press\u00e3o bif\u00e1sica (APRV);<br \/>\n<strong>\u2981\u00a0\u00a0<\/strong>VNI;<br \/>\n<strong>\u2981\u00a0\u00a0<\/strong>HFNC.<\/p>\n<h6 style=\"text-align: center;\"><strong>Neonatal<\/strong><\/h6>\n<p style=\"text-align: center;\"><strong>\u2981\u00a0\u00a0<\/strong>PCV assistido \/ controlado;<br \/>\n<strong>\u2981\u00a0\u00a0<\/strong>PSV\/CPAP;<br \/>\n<strong>\u2981\u00a0\u00a0<\/strong>SIMV(PCV) + PSV;<br \/>\n<strong>\u2981\u00a0\u00a0<\/strong>Fluxo cont\u00ednuo assistido \/ controlado;<br \/>\n<strong>\u2981\u00a0\u00a0<\/strong>CPAP Nasal;<br \/>\n<strong>\u2981\u00a0\u00a0<\/strong>HFNC.<br \/>\n<strong>\u2981\u00a0\u00a0<\/strong>FUNCIONALIDADE E DESEMPENHO<\/p>\n<h6 style=\"text-align: center;\"><strong>CAPNOGRAFIA<\/strong><\/h6>\n<p style=\"text-align: center;\">\u00c9 uma forma de estimar em tempo real os valores de CO\u2082. Esses valores s\u00e3o apresentados de forma num\u00e9rica pelo ETCO\u2082 e CO\u2082 inspirado e atrav\u00e9s do gr\u00e1fico de CO\u2082 x Tempo. Esse mecanismo se d\u00e1 pela tecnologia Main Stream. O que torna a assist\u00eancia ventilat\u00f3ria mais segura, por estimar a heterogeneidade da distribui\u00e7\u00e3o da ventila\u00e7\u00e3o pulmonar, advindas de altera\u00e7\u00f5es funcionais e estruturais do sistema respirat\u00f3rio.<\/p>\n<h6 style=\"text-align: center;\"><strong>PRVC<\/strong><\/h6>\n<p style=\"text-align: center;\">Associa o melhor dos modos ventilat\u00f3rios controlados convencionais de volume e press\u00e3o, provendo o volume ajustado pelo operador com a menor press\u00e3o poss\u00edvel. A fun\u00e7\u00e3o utiliza forma de onda de fluxo livre, controle com realimenta\u00e7\u00e3o da complac\u00eancia e resist\u00eancia do paciente.<\/p>\n<h6 style=\"text-align: center;\"><strong>COMPENSA\u00c7\u00c3O DE FUGA DE AR<\/strong><\/h6>\n<p style=\"text-align: center;\">O PR5 Touch monitora constantemente a queda de press\u00e3o na via a\u00e9rea. Essa tecnologia dispon\u00edvel nos modos de press\u00e3o, identifica o escape de ar e ajusta automaticamente as press\u00f5es na via a\u00e9rea. Podendo compensar at\u00e9 50 l\/min, o que torna a VNI confort\u00e1vel e segura.<\/p>\n<h6 style=\"text-align: center;\"><strong>CONFIGURA\u00c7\u00d5ES ESPECIAIS<\/strong><\/h6>\n<p style=\"text-align: center;\"><strong>\u2981\u00a0\u00a0<\/strong>Ventila\u00e7\u00e3o Neonatal;<br \/>\n<strong>\u2981\u00a0\u00a0<\/strong>Con\ufb01gura\u00e7\u00e3o do paciente;<br \/>\n<strong>\u2981\u00a0\u00a0<\/strong>Mec\u00e2nicas Ventilat\u00f3rias;<br \/>\n<strong>\u2981\u00a0\u00a0<\/strong>FiO\u2082 40 a 100%;<br \/>\n<strong>\u2981\u00a0\u00a0<\/strong>Compensa\u00e7\u00e3o de altitude;<br \/>\n<strong>\u2981\u00a0\u00a0<\/strong>Ajuste do volume;<br \/>\n<strong>\u2981\u00a0\u00a0<\/strong>Hist\u00f3rico de alarmes;<br \/>\n<strong>\u2981\u00a0\u00a0<\/strong>Rise time autom\u00e1tico;<br \/>\n<strong>\u2981\u00a0\u00a0<\/strong>Ventila\u00e7\u00e3o n\u00e3o invasiva;<br \/>\n<strong>\u2981\u00a0\u00a0<\/strong>Compensa\u00e7\u00e3o de fugas;<br \/>\n<strong>\u2981\u00a0\u00a0<\/strong>Leitura de \ufb02uxo proximal;<br \/>\n<strong>\u2981\u00a0\u00a0<\/strong>Fun\u00e7\u00e3o O\u2082 100%;<br \/>\n<strong>\u2981\u00a0\u00a0<\/strong>Tend\u00eancias de 24h;<br \/>\n<strong>\u2981\u00a0\u00a0<\/strong>Sensibilidade inspirat\u00f3ria de \ufb02uxo ou press\u00e3o;<br \/>\n<strong>\u2981\u00a0\u00a0<\/strong>Bateria de 15h;<br \/>\n<strong>\u2981\u00a0\u00a0<\/strong>C\u00e1lculo autom\u00e1tico do peso te\u00f3rico;<br \/>\n<strong>\u2981\u00a0\u00a0<\/strong>Interface intuitiva;<br \/>\n<strong>\u2981\u00a0\u00a0<\/strong>Interface personaliz\u00e1vel com mem\u00f3ria.<\/p>\n<h6 style=\"text-align: center;\"><strong>APLICA\u00c7\u00d5ES<\/strong><\/h6>\n<p style=\"text-align: center;\">O PR5 Touch \u00e9 vers\u00e1til e pr\u00e1tico. Com op\u00e7\u00f5es em pedestal e maleta, este ventilador pulmonar port\u00e1til pode ser utilizado nos mais diversos locais. Realize procedimentos como: capnografia, PRVC, VNI, VCV, PCV, PSV e CPAP em pacientes adultos, pedi\u00e1tricos e neonatais.<\/p>\n","protected":false},"excerpt":{"rendered":"<p>O ventilador PR5 Touch est\u00e1 entre os mais completos ventiladores pulmonares do mercado, disponibilizando todos os modos ventilat\u00f3rios necess\u00e1rios para atendimento em pacientes adultos, pedi\u00e1tricos e neonatais, al\u00e9m do menu de mec\u00e2nica respirat\u00f3ria para v\u00e1rios diagn\u00f3sticos.<\/p>\n","protected":false},"featured_media":8092,"template":"","meta":{"inline_featured_image":false,"_monsterinsights_skip_tracking":false,"_monsterinsights_sitenote_active":false,"_monsterinsights_sitenote_note":"","_monsterinsights_sitenote_category":0},"product_brand":[],"product_cat":[98],"product_tag":[126,115],"class_list":{"0":"post-8091","1":"product","2":"type-product","3":"status-publish","4":"has-post-thumbnail","6":"product_cat-ventiladores-respiradores","7":"product_tag-leistung","8":"product_tag-ventiladores-respiradores","10":"first","11":"instock","12":"shipping-taxable","13":"product-type-external"},"_links":{"self":[{"href":"https:\/\/onmedica.com.br\/te\/wp-json\/wp\/v2\/product\/8091","targetHints":{"allow":["GET"]}}],"collection":[{"href":"https:\/\/onmedica.com.br\/te\/wp-json\/wp\/v2\/product"}],"about":[{"href":"https:\/\/onmedica.com.br\/te\/wp-json\/wp\/v2\/types\/product"}],"wp:featuredmedia":[{"embeddable":true,"href":"https:\/\/onmedica.com.br\/te\/wp-json\/wp\/v2\/media\/8092"}],"wp:attachment":[{"href":"https:\/\/onmedica.com.br\/te\/wp-json\/wp\/v2\/media?parent=8091"}],"wp:term":[{"taxonomy":"product_brand","embeddable":true,"href":"https:\/\/onmedica.com.br\/te\/wp-json\/wp\/v2\/product_brand?post=8091"},{"taxonomy":"product_cat","embeddable":true,"href":"https:\/\/onmedica.com.br\/te\/wp-json\/wp\/v2\/product_cat?post=8091"},{"taxonomy":"product_tag","embeddable":true,"href":"https:\/\/onmedica.com.br\/te\/wp-json\/wp\/v2\/product_tag?post=8091"}],"curies":[{"name":"wp","href":"https:\/\/api.w.org\/{rel}","templated":true}]}}